{"id":7809,"date":"2023-07-06T16:08:14","date_gmt":"2023-07-06T20:08:14","guid":{"rendered":"https:\/\/lacruz.cl\/?page_id=7809"},"modified":"2024-01-30T10:31:30","modified_gmt":"2024-01-30T13:31:30","slug":"inscribete-en-la-aps-universal","status":"publish","type":"page","link":"https:\/\/lacruz.cl\/a94a8fe5\/salud\/inscribete-en-la-aps-universal\/","title":{"rendered":"Inscr\u00edbete en la APS Universal"},"content":{"rendered":"<h2>Inscr\u00edbete en la APS Universal<\/h2>\n<h2>AHORA TODAS Y TODOS PUEDEN ACCEDER A LA SALUD MUNICIPAL<\/h2>\n<h2>SOLICITUD DE INGRESO<\/h2>\n<p style=\"text-align: left; padding-left: 40px;\"><strong>Requisitos:<\/strong><br \/>\n1. Vivir, estudiar o trabajar en la comuna de La Cruz.<br \/>\n2. Tener previsi\u00f3n Isapre, Dipreca, Capredena o Fonasa<\/p>\n<p style=\"text-align: left; padding-left: 40px;\"><strong>Documentos necesarios:<\/strong><br \/>\n1. Foto C\u00e9dula de Identidad por ambos lados.<br \/>\n*Si eres menor de edad debes subir una foto de la C\u00e9dula de Identidad de tu padre\/madre o tutor.<\/p>\n<p style=\"text-align: left; padding-left: 40px;\">2. Un (1) documento que acredite que vives, estudias o trabajas en la comuna:<\/p>\n<p style=\"text-align: left; padding-left: 40px;\">&#8211;<b> Domicilio:<\/b> Certificado de Residencia, Boleta de Servicios B\u00e1sicos (Luz, agua, internet, plan m\u00f3vil, etc), Registro Social de hogares o declaraci\u00f3n jurada.<br \/>\n*Por cada persona a inscribir.<\/p>\n<p style=\"text-align: left; padding-left: 40px;\">&#8211; <strong>Trabajo<\/strong>: Copia contrato de trabajo o certificado laboral.<\/p>\n<p style=\"text-align: left; padding-left: 40px;\">&#8211; <strong>Estudio<\/strong>: Certificado de alumno regular.<\/p>\n<p style=\"text-align: left; padding-left: 40px;\">En Caso de duda o consulta que desee realizar, h\u00e1galo a trav\u00e9s de los WhatsApp: <strong>+56 9 5016 8964&nbsp; &#8211; <\/strong><strong>+56 9 5016 8948<\/strong><\/p>\n","protected":false},"excerpt":{"rendered":"<p>Inscr\u00edbete en la APS Universal AHORA TODAS Y TODOS PUEDEN ACCEDER A LA SALUD MUNICIPAL SOLICITUD DE INGRESO Requisitos: 1. Vivir, estudiar o trabajar en la comuna de La Cruz. 2. Tener previsi\u00f3n Isapre, Dipreca, Capredena o Fonasa Documentos necesarios: 1. Foto C\u00e9dula de Identidad por ambos lados. *Si eres menor de edad debes subir [&hellip;]<\/p>\n","protected":false},"author":6,"featured_media":0,"parent":3255,"menu_order":2,"comment_status":"closed","ping_status":"closed","template":"elementor_header_footer","meta":{"site-sidebar-layout":"no-sidebar","site-content-layout":"page-builder","ast-site-content-layout":"full-width-container","site-content-style":"unboxed","site-sidebar-style":"unboxed","ast-global-header-display":"","ast-banner-title-visibility":"","ast-main-header-display":"","ast-hfb-above-header-display":"","ast-hfb-below-header-display":"","ast-hfb-mobile-header-display":"","site-post-title":"disabled","ast-breadcrumbs-content":"","ast-featured-img":"disabled","footer-sml-layout":"","ast-disable-related-posts":"","theme-transparent-header-meta":"","adv-header-id-meta":"","stick-header-meta":"","header-above-stick-meta":"","header-main-stick-meta":"","header-below-stick-meta":"","astra-migrate-meta-layouts":"set","ast-page-background-enabled":"default","ast-page-background-meta":{"desktop":{"background-color":"var(--ast-global-color-4)","background-image":"","background-repeat":"repeat","background-position":"center center","background-size":"auto","background-attachment":"scroll","background-type":"","background-media":"","overlay-type":"","overlay-color":"","overlay-opacity":"","overlay-gradient":""},"tablet":{"background-color":"","background-image":"","background-repeat":"repeat","background-position":"center center","background-size":"auto","background-attachment":"scroll","background-type":"","background-media":"","overlay-type":"","overlay-color":"","overlay-opacity":"","overlay-gradient":""},"mobile":{"background-color":"","background-image":"","background-repeat":"repeat","background-position":"center center","background-size":"auto","background-attachment":"scroll","background-type":"","background-media":"","overlay-type":"","overlay-color":"","overlay-opacity":"","overlay-gradient":""}},"ast-content-background-meta":{"desktop":{"background-color":"var(--ast-global-color-5)","background-image":"","background-repeat":"repeat","background-position":"center center","background-size":"auto","background-attachment":"scroll","background-type":"","background-media":"","overlay-type":"","overlay-color":"","overlay-opacity":"","overlay-gradient":""},"tablet":{"background-color":"var(--ast-global-color-5)","background-image":"","background-repeat":"repeat","background-position":"center center","background-size":"auto","background-attachment":"scroll","background-type":"","background-media":"","overlay-type":"","overlay-color":"","overlay-opacity":"","overlay-gradient":""},"mobile":{"background-color":"var(--ast-global-color-5)","background-image":"","background-repeat":"repeat","background-position":"center center","background-size":"auto","background-attachment":"scroll","background-type":"","background-media":"","overlay-type":"","overlay-color":"","overlay-opacity":"","overlay-gradient":""}},"footnotes":""},"class_list":["post-7809","page","type-page","status-publish","hentry"],"_links":{"self":[{"href":"https:\/\/lacruz.cl\/a94a8fe5\/wp-json\/wp\/v2\/pages\/7809","targetHints":{"allow":["GET"]}}],"collection":[{"href":"https:\/\/lacruz.cl\/a94a8fe5\/wp-json\/wp\/v2\/pages"}],"about":[{"href":"https:\/\/lacruz.cl\/a94a8fe5\/wp-json\/wp\/v2\/types\/page"}],"author":[{"embeddable":true,"href":"https:\/\/lacruz.cl\/a94a8fe5\/wp-json\/wp\/v2\/users\/6"}],"replies":[{"embeddable":true,"href":"https:\/\/lacruz.cl\/a94a8fe5\/wp-json\/wp\/v2\/comments?post=7809"}],"version-history":[{"count":161,"href":"https:\/\/lacruz.cl\/a94a8fe5\/wp-json\/wp\/v2\/pages\/7809\/revisions"}],"predecessor-version":[{"id":10571,"href":"https:\/\/lacruz.cl\/a94a8fe5\/wp-json\/wp\/v2\/pages\/7809\/revisions\/10571"}],"up":[{"embeddable":true,"href":"https:\/\/lacruz.cl\/a94a8fe5\/wp-json\/wp\/v2\/pages\/3255"}],"wp:attachment":[{"href":"https:\/\/lacruz.cl\/a94a8fe5\/wp-json\/wp\/v2\/media?parent=7809"}],"curies":[{"name":"wp","href":"https:\/\/api.w.org\/{rel}","templated":true}]}}