{"id":4957,"date":"2021-12-27T12:15:44","date_gmt":"2021-12-27T15:15:44","guid":{"rendered":"https:\/\/lacruz.cl\/?page_id=4957"},"modified":"2023-07-12T11:33:19","modified_gmt":"2023-07-12T15:33:19","slug":"centro","status":"publish","type":"page","link":"https:\/\/lacruz.cl\/a94a8fe5\/centro\/","title":{"rendered":"Centro solidario"},"content":{"rendered":"\t\t<div data-elementor-type=\"wp-post\" data-elementor-id=\"4957\" class=\"elementor elementor-4957\" data-elementor-post-type=\"page\">\n\t\t\t\t\t\t<section class=\"elementor-section elementor-top-section elementor-element elementor-element-2e2e816 elementor-section-boxed elementor-section-height-default elementor-section-height-default\" data-id=\"2e2e816\" data-element_type=\"section\" data-e-type=\"section\">\n\t\t\t\t\t\t<div class=\"elementor-container elementor-column-gap-default\">\n\t\t\t\t\t<div class=\"elementor-column elementor-col-100 elementor-top-column elementor-element elementor-element-c978761\" data-id=\"c978761\" data-element_type=\"column\" data-e-type=\"column\">\n\t\t\t<div class=\"elementor-widget-wrap elementor-element-populated\">\n\t\t\t\t\t\t<div class=\"elementor-element elementor-element-b5f0377 elementor-widget elementor-widget-text-editor\" data-id=\"b5f0377\" data-element_type=\"widget\" data-e-type=\"widget\" data-widget_type=\"text-editor.default\">\n\t\t\t\t<div class=\"elementor-widget-container\">\n\t\t\t\t\t\t\t\t\t<h1 style=\"text-align: center;\"><span style=\"color: #993366;\"><b><span style=\"mso-spacerun: 'yes'; font-family: Calibri; mso-bidi-font-family: 'Times New Roman'; mso-ansi-font-weight: bold; font-size: 14,0000pt;\">Alcaldesa inaugura Centro Comunal Solidario\u00a0<\/span><\/b><\/span><\/h1>\n<h1 style=\"text-align: center;\"><span style=\"color: #993366;\"><b><span style=\"mso-spacerun: 'yes'; font-family: Calibri; mso-bidi-font-family: 'Times New Roman'; mso-ansi-font-weight: bold; font-size: 14,0000pt;\">\u201cAn\u00edbal Fern\u00e1ndez G\u00f3mez\u201d<\/span><\/b><\/span><\/h1>\n<div><b><span style=\"mso-spacerun: 'yes'; font-family: Calibri; mso-bidi-font-family: 'Times New Roman'; mso-ansi-font-weight: bold; font-size: 14,0000pt;\">\u00a0<\/span><\/b><\/div>\n<div>\u00a0<span style=\"color: var( --e-global-color-text ); font-family: var( --e-global-typography-text-font-family ), Sans-serif; font-weight: var( --e-global-typography-text-font-weight ); font-size: 1rem;\">\u00a0<\/span><\/div>\n<h3><span style=\"mso-spacerun: 'yes'; font-family: Calibri; mso-bidi-font-family: 'Times New Roman'; font-size: 11,0000pt;\">En compa\u00f1\u00eda de una gran cantidad de vecinos y organizaciones del \u00e1mbito de la solidaridad la Alcaldesa Filomena Navia Hevia, inaugur\u00f3 el Centro Comunal Solidario y Ecol\u00f3gico de La Cruz \u00abAn\u00edbal Fern\u00e1ndez G\u00f3mez\u00bb.\n<\/span><span style=\"mso-spacerun: 'yes'; font-family: Calibri; mso-bidi-font-family: 'Times New Roman'; font-size: 11,0000pt;\">La actividad cont\u00f3 con la presencia de los concejales Rolando Arcos, Hern\u00e1n Anguita, Eunice Navia, y de Alfredo y Sergio Fern\u00e1ndez, hijos del ex alcalde que honra el Centro Comunal con su nombre, y vecinos de la comuna.<\/span><\/h3>\n<h3><span style=\"mso-spacerun: 'yes'; font-family: Calibri; mso-bidi-font-family: 'Times New Roman'; font-size: 11,0000pt;\">Este Centro Comunal comprende una Boutique Solidaria donde prendas de vestir donadas por la comunidad son almacenadas limpias y en buen estado para cubrir necesidades que surjan en nuestras vecinas y vecinos.\n<\/span><span style=\"mso-spacerun: 'yes'; font-family: Calibri; mso-bidi-font-family: 'Times New Roman'; font-size: 11,0000pt;\">Para la alcaldesa este Centro Comunal representa solidaridad, donde el desprenderse de algo sea con cari\u00f1o \u201cEste Centro lo vamos a cuidar much\u00edsimo, y por eso el nombre de don An\u00edbal Fern\u00e1ndez tiene tanta relevancia, porque fue un alcalde, y cuando se es alcalde se construyen sue\u00f1os y a veces los sue\u00f1os no alcanzan a concretarse todos, pero hay una familia que los quiere continuar y en nuestra gesti\u00f3n vamos a ser responsable con esto porque queremos que este Centro no tenga color pol\u00edtico ni sesgos. Es un centro abierto solidario, comunitario y que tiene sus bases en un enfoque ecol\u00f3gico. Porque estamos viviendo en tiempos dif\u00edciles donde hay que cuidar la econom\u00eda familiar, y cuando hay que desprenderse de algo que alguna vez le tuvimos tanto cari\u00f1o y le seguimos teniendo tanto cari\u00f1o que, qu\u00e9 mejor que entregarlo a otra persona que tambi\u00e9n la reciba con cari\u00f1o y que pueda continuar su vida \u00fatil\u201d\n<\/span><span style=\"mso-spacerun: 'yes'; font-family: Calibri; mso-bidi-font-family: 'Times New Roman'; font-size: 11,0000pt;\">Adem\u00e1s, de esta iniciativa surgen otros espacios colaborativos que se ir\u00e1n sumando como \u201cLa Despensa Solidaria\u201d, el \u201cBanco de Horas Profesionales Voluntarias\u201d y el \u201cPreuniversitario Solidario\u201d, entre otras.\n<\/span><span style=\"mso-spacerun: 'yes'; font-family: Calibri; mso-bidi-font-family: 'Times New Roman'; font-size: 11,0000pt;\">El crucino Luis An\u00edbal Fern\u00e1ndez G\u00f3mez naci\u00f3 en la calle 5 de abril esquina Riquelme, el 13 de abril de 1908. Fue alcalde durante 9 per\u00edodos consecutivos elegido por alta mayor\u00eda.\n<\/span><span style=\"mso-spacerun: 'yes'; font-family: Calibri; mso-bidi-font-family: 'Times New Roman'; font-size: 11,0000pt;\">Fue fundador y luego primer presidente de la Asociaci\u00f3n de F\u00fatbol de La Cruz y uno de los fundadores del Club Deportivo Riquelme y su primer presidente. Tambi\u00e9n, fue uno de los fundadores y primer presidente del Club de Pesca y Caza Los Carpinteros.\n<\/span><span style=\"mso-spacerun: 'yes'; font-family: Calibri; mso-bidi-font-family: 'Times New Roman'; font-size: 11,0000pt;\">Entre sus obras se encuentran la construcci\u00f3n del Balneario La Poza Cristalina, el Barrio Residencial, el camino troncal y el trazado de la ruta 60 CH.\n<\/span><span style=\"mso-spacerun: 'yes'; font-family: Calibri; mso-bidi-font-family: 'Times New Roman'; font-size: 11,0000pt;\">El Alcalde Luis An\u00edbal Fern\u00e1ndez G\u00f3mez muere el 13 de abril de 1966 dejando un gran legado de solidaridad y participaci\u00f3n comunal crucina.<\/span><\/h3>\t\t\t\t\t\t\t\t<\/div>\n\t\t\t\t<\/div>\n\t\t\t\t\t<\/div>\n\t\t<\/div>\n\t\t\t\t\t<\/div>\n\t\t<\/section>\n\t\t\t\t<section class=\"elementor-section elementor-top-section elementor-element elementor-element-c55b109 elementor-section-boxed elementor-section-height-default elementor-section-height-default\" data-id=\"c55b109\" data-element_type=\"section\" data-e-type=\"section\">\n\t\t\t\t\t\t<div class=\"elementor-container elementor-column-gap-default\">\n\t\t\t\t\t<div class=\"elementor-column elementor-col-100 elementor-top-column elementor-element elementor-element-0e982ff\" data-id=\"0e982ff\" data-element_type=\"column\" data-e-type=\"column\">\n\t\t\t<div class=\"elementor-widget-wrap elementor-element-populated\">\n\t\t\t\t\t\t<div class=\"elementor-element elementor-element-f265a1b elementor-widget elementor-widget-ube-gallery-metro\" data-id=\"f265a1b\" data-element_type=\"widget\" data-e-type=\"widget\" data-widget_type=\"ube-gallery-metro.default\">\n\t\t\t\t<div class=\"elementor-widget-container\">\n\t\t\t\t\t<div class=\"ube-gallery ube-gallery-metro ube-list-grid ube-gallery-caption-none ube-gallery-hover-flash\">\n\t\n            <div class=\"ube-grid-item\">\n                <a class=\"card\" href=\"https:\/\/lacruz.cl\/a94a8fe5\/wp-content\/uploads\/2022\/08\/centro-2-1.jpeg\"\n                   data-elementor-lightbox-slideshow=\"f265a1b\">\n                    <div class=\"card-img ube-gallery-ration-custom\" style=\"background-image: url(https:\/\/lacruz.cl\/a94a8fe5\/wp-content\/uploads\/2022\/08\/centro-2-1.jpeg);--ube-gallery-ratio: 75%\"><\/div>\n                    <div class=\"card-img-overlay\">\n\t\t\t\t\t\t\t\t\t\t\t\t\n                    <\/div>\n                <\/a>\n            <\/div>\n\t\t\n            <div class=\"ube-grid-item\">\n                <a class=\"card\" href=\"https:\/\/lacruz.cl\/a94a8fe5\/wp-content\/uploads\/2022\/08\/centro3.jpg\"\n                   data-elementor-lightbox-slideshow=\"f265a1b\">\n                    <div class=\"card-img ube-gallery-ration-custom\" style=\"background-image: url(https:\/\/lacruz.cl\/a94a8fe5\/wp-content\/uploads\/2022\/08\/centro3.jpg);--ube-gallery-ratio: 75%\"><\/div>\n                    <div class=\"card-img-overlay\">\n\t\t\t\t\t\t\t\t\t\t\t\t\n                    <\/div>\n                <\/a>\n            <\/div>\n\t\t\n            <div class=\"ube-grid-item\">\n                <a class=\"card\" href=\"https:\/\/lacruz.cl\/a94a8fe5\/wp-content\/uploads\/2022\/08\/Centro-1.jpeg\"\n                   data-elementor-lightbox-slideshow=\"f265a1b\">\n                    <div class=\"card-img ube-gallery-ration-custom\" style=\"background-image: url(https:\/\/lacruz.cl\/a94a8fe5\/wp-content\/uploads\/2022\/08\/Centro-1.jpeg);--ube-gallery-ratio: 75%\"><\/div>\n                    <div class=\"card-img-overlay\">\n\t\t\t\t\t\t\t\t\t\t\t\t\n                    <\/div>\n                <\/a>\n            <\/div>\n\t\t\n            <div class=\"ube-grid-item\">\n                <a class=\"card\" href=\"https:\/\/lacruz.cl\/a94a8fe5\/wp-content\/uploads\/2022\/08\/centro4.jpg\"\n                   data-elementor-lightbox-slideshow=\"f265a1b\">\n                    <div class=\"card-img ube-gallery-ration-custom\" style=\"background-image: url(https:\/\/lacruz.cl\/a94a8fe5\/wp-content\/uploads\/2022\/08\/centro4.jpg);--ube-gallery-ratio: 75%\"><\/div>\n                    <div class=\"card-img-overlay\">\n\t\t\t\t\t\t\t\t\t\t\t\t\n                    <\/div>\n                <\/a>\n            <\/div>\n\t\t<\/div>\n\t\t\t\t<\/div>\n\t\t\t\t<\/div>\n\t\t\t\t\t<\/div>\n\t\t<\/div>\n\t\t\t\t\t<\/div>\n\t\t<\/section>\n\t\t\t\t<\/div>\n\t\t","protected":false},"excerpt":{"rendered":"<p>Alcaldesa inaugura Centro Comunal Solidario\u00a0 \u201cAn\u00edbal Fern\u00e1ndez G\u00f3mez\u201d \u00a0 \u00a0\u00a0 En compa\u00f1\u00eda de una gran cantidad de vecinos y organizaciones del \u00e1mbito de la solidaridad la Alcaldesa Filomena Navia Hevia, inaugur\u00f3 el Centro Comunal Solidario y Ecol\u00f3gico de La Cruz \u00abAn\u00edbal Fern\u00e1ndez G\u00f3mez\u00bb. La actividad cont\u00f3 con la presencia de los concejales Rolando Arcos, Hern\u00e1n [&hellip;]<\/p>\n","protected":false},"author":6,"featured_media":0,"parent":0,"menu_order":0,"comment_status":"closed","ping_status":"closed","template":"","meta":{"site-sidebar-layout":"no-sidebar","site-content-layout":"page-builder","ast-site-content-layout":"default","site-content-style":"default","site-sidebar-style":"default","ast-global-header-display":"","ast-banner-title-visibility":"","ast-main-header-display":"","ast-hfb-above-header-display":"","ast-hfb-below-header-display":"","ast-hfb-mobile-header-display":"","site-post-title":"disabled","ast-breadcrumbs-content":"","ast-featured-img":"disabled","footer-sml-layout":"","ast-disable-related-posts":"","theme-transparent-header-meta":"","adv-header-id-meta":"","stick-header-meta":"","header-above-stick-meta":"","header-main-stick-meta":"","header-below-stick-meta":"","astra-migrate-meta-layouts":"default","ast-page-background-enabled":"default","ast-page-background-meta":{"desktop":{"background-color":"var(--ast-global-color-4)","background-image":"","background-repeat":"repeat","background-position":"center center","background-size":"auto","background-attachment":"scroll","background-type":"","background-media":"","overlay-type":"","overlay-color":"","overlay-opacity":"","overlay-gradient":""},"tablet":{"background-color":"","background-image":"","background-repeat":"repeat","background-position":"center center","background-size":"auto","background-attachment":"scroll","background-type":"","background-media":"","overlay-type":"","overlay-color":"","overlay-opacity":"","overlay-gradient":""},"mobile":{"background-color":"","background-image":"","background-repeat":"repeat","background-position":"center center","background-size":"auto","background-attachment":"scroll","background-type":"","background-media":"","overlay-type":"","overlay-color":"","overlay-opacity":"","overlay-gradient":""}},"ast-content-background-meta":{"desktop":{"background-color":"var(--ast-global-color-5)","background-image":"","background-repeat":"repeat","background-position":"center center","background-size":"auto","background-attachment":"scroll","background-type":"","background-media":"","overlay-type":"","overlay-color":"","overlay-opacity":"","overlay-gradient":""},"tablet":{"background-color":"var(--ast-global-color-5)","background-image":"","background-repeat":"repeat","background-position":"center center","background-size":"auto","background-attachment":"scroll","background-type":"","background-media":"","overlay-type":"","overlay-color":"","overlay-opacity":"","overlay-gradient":""},"mobile":{"background-color":"var(--ast-global-color-5)","background-image":"","background-repeat":"repeat","background-position":"center center","background-size":"auto","background-attachment":"scroll","background-type":"","background-media":"","overlay-type":"","overlay-color":"","overlay-opacity":"","overlay-gradient":""}},"footnotes":""},"class_list":["post-4957","page","type-page","status-publish","hentry"],"_links":{"self":[{"href":"https:\/\/lacruz.cl\/a94a8fe5\/wp-json\/wp\/v2\/pages\/4957","targetHints":{"allow":["GET"]}}],"collection":[{"href":"https:\/\/lacruz.cl\/a94a8fe5\/wp-json\/wp\/v2\/pages"}],"about":[{"href":"https:\/\/lacruz.cl\/a94a8fe5\/wp-json\/wp\/v2\/types\/page"}],"author":[{"embeddable":true,"href":"https:\/\/lacruz.cl\/a94a8fe5\/wp-json\/wp\/v2\/users\/6"}],"replies":[{"embeddable":true,"href":"https:\/\/lacruz.cl\/a94a8fe5\/wp-json\/wp\/v2\/comments?post=4957"}],"version-history":[{"count":17,"href":"https:\/\/lacruz.cl\/a94a8fe5\/wp-json\/wp\/v2\/pages\/4957\/revisions"}],"predecessor-version":[{"id":5918,"href":"https:\/\/lacruz.cl\/a94a8fe5\/wp-json\/wp\/v2\/pages\/4957\/revisions\/5918"}],"wp:attachment":[{"href":"https:\/\/lacruz.cl\/a94a8fe5\/wp-json\/wp\/v2\/media?parent=4957"}],"curies":[{"name":"wp","href":"https:\/\/api.w.org\/{rel}","templated":true}]}}