{"id":3491,"date":"2021-09-28T12:46:26","date_gmt":"2021-09-28T15:46:26","guid":{"rendered":"https:\/\/lacruz.cl\/a94a8fe5\/?page_id=3491"},"modified":"2024-04-23T16:08:46","modified_gmt":"2024-04-23T20:08:46","slug":"audiencias","status":"publish","type":"page","link":"https:\/\/lacruz.cl\/a94a8fe5\/tramites\/audiencias\/","title":{"rendered":"Tr\u00e1mites Audiencias"},"content":{"rendered":"\t\t<div data-elementor-type=\"wp-page\" data-elementor-id=\"3491\" class=\"elementor elementor-3491\" data-elementor-post-type=\"page\">\n\t\t\t\t\t\t<section class=\"elementor-section elementor-top-section elementor-element elementor-element-3b44e8b elementor-section-content-middle elementor-section-boxed elementor-section-height-default elementor-section-height-default\" data-id=\"3b44e8b\" data-element_type=\"section\" data-e-type=\"section\" data-settings=\"{&quot;background_background&quot;:&quot;classic&quot;}\">\n\t\t\t\t\t\t\t<div class=\"elementor-background-overlay\"><\/div>\n\t\t\t\t\t\t\t<div class=\"elementor-container elementor-column-gap-no\">\n\t\t\t\t\t<div class=\"elementor-column elementor-col-100 elementor-top-column elementor-element elementor-element-707c31f\" data-id=\"707c31f\" data-element_type=\"column\" data-e-type=\"column\">\n\t\t\t<div class=\"elementor-widget-wrap elementor-element-populated\">\n\t\t\t\t\t\t<div class=\"elementor-element elementor-element-25d7ecd elementor-widget elementor-widget-heading\" data-id=\"25d7ecd\" data-element_type=\"widget\" data-e-type=\"widget\" data-widget_type=\"heading.default\">\n\t\t\t\t<div class=\"elementor-widget-container\">\n\t\t\t\t\t<h4 class=\"elementor-heading-title elementor-size-default\">AUDIENCIAS<\/h4>\t\t\t\t<\/div>\n\t\t\t\t<\/div>\n\t\t\t\t\t<\/div>\n\t\t<\/div>\n\t\t\t\t\t<\/div>\n\t\t<\/section>\n\t\t\t\t<section class=\"elementor-section elementor-top-section elementor-element elementor-element-34ce580a elementor-section-content-middle elementor-section-boxed elementor-section-height-default elementor-section-height-default\" data-id=\"34ce580a\" data-element_type=\"section\" data-e-type=\"section\">\n\t\t\t\t\t\t<div class=\"elementor-container elementor-column-gap-no\">\n\t\t\t\t\t<div class=\"elementor-column elementor-col-100 elementor-top-column elementor-element elementor-element-363e78ab\" data-id=\"363e78ab\" data-element_type=\"column\" data-e-type=\"column\">\n\t\t\t<div class=\"elementor-widget-wrap elementor-element-populated\">\n\t\t\t\t\t\t<div class=\"elementor-element elementor-element-10e69ead elementor-widget elementor-widget-toggle\" data-id=\"10e69ead\" data-element_type=\"widget\" data-e-type=\"widget\" data-widget_type=\"toggle.default\">\n\t\t\t\t<div class=\"elementor-widget-container\">\n\t\t\t\t\t\t\t<div class=\"elementor-toggle\">\n\t\t\t\t\t\t\t<div class=\"elementor-toggle-item\">\n\t\t\t\t\t<div id=\"elementor-tab-title-2831\" class=\"elementor-tab-title\" data-tab=\"1\" role=\"button\" aria-controls=\"elementor-tab-content-2831\" aria-expanded=\"false\">\n\t\t\t\t\t\t\t\t\t\t\t\t<span class=\"elementor-toggle-icon elementor-toggle-icon-right\" aria-hidden=\"true\">\n\t\t\t\t\t\t\t\t\t\t\t\t\t\t\t<span class=\"elementor-toggle-icon-closed\"><i class=\"fas fa-caret-right\"><\/i><\/span>\n\t\t\t\t\t\t\t\t<span class=\"elementor-toggle-icon-opened\"><i class=\"elementor-toggle-icon-opened fas fa-caret-up\"><\/i><\/span>\n\t\t\t\t\t\t\t\t\t\t\t\t\t<\/span>\n\t\t\t\t\t\t\t\t\t\t\t\t<a class=\"elementor-toggle-title\" tabindex=\"0\">Audiencias<\/a>\n\t\t\t\t\t<\/div>\n\n\t\t\t\t\t<div id=\"elementor-tab-content-2831\" class=\"elementor-tab-content elementor-clearfix\" data-tab=\"1\" role=\"region\" aria-labelledby=\"elementor-tab-title-2831\"><p><b>Audiencias P\u00fablicas:<\/b><i> El 2023 se atendieron 381 audiencias p\u00fablicas de diversas<\/i><\/p><p><i>tem\u00e1ticas donde lo importante fue la soluci\u00f3n a los problemas o situaciones<\/i><\/p><p><i>planteadas. De esta manera, las soluciones se concatenan con el trabajo territorial del<\/i><\/p><p><i>municipio, que entrega las herramientas necesarias para que los vecinos y vecinas<\/i><\/p><p><i>puedan acercarse a la gesti\u00f3n, beneficios y programas sociales.<\/i><\/p><p><i>Para los vecinos y vecinas, que este 2024 quieren exponer problem\u00e1ticas personales,<\/i><\/p><p><i>vecinales o comunales, funcionan las audiencias p\u00fablicas que se desarrollan todos los<\/i><\/p><p><i>d\u00edas mi\u00e9rcoles en horario de ma\u00f1ana o tarde. Los horarios de cada semana se publican<\/i><\/p><p><i>en las redes sociales, por esto es necesario estar atento a las redes sociales del<\/i><\/p><p><i>municipio, para anticipar una atenci\u00f3n personalizada por parte de la Alcaldesa<\/i><\/p><p><i>Filomena Navia Hevia. Est\u00e1n todos invitados.<\/i><\/p><p><strong>REQUISITOS:<\/strong><br \/>1.\u2014 Solicitar audiencia en el Municipio o mediante Ley Lobby. <br \/>2.\u2014 Tener claridad de qu\u00e9 puntos que se trataran en la entrevista. <br \/><strong>ANTECEDENTES:<\/strong> <br \/>1.\u2014 C\u00e9dula de Identidad. <br \/>2.\u2014 N\u00famero de tel\u00e9fono contacto.<\/p><p>______<br \/>Solicitar hora en oficina de Alcald\u00eda, ya sea personalmente, v\u00eda mail o internet (Plataforma Ley Lobby). Las horas para las audiencias son entregadas seg\u00fan disponibilidad de la Alcaldesa<br \/>____<br \/><strong>VALOR:<\/strong> Gratuito<br \/>____<br \/><strong>LUGAR DONDE SE REALIZA:<\/strong> Para la atenci\u00f3n de la audiencia, previa confirmaci\u00f3n telef\u00f3nica, dirigirse a oficina de Partes, 2\u00b0 piso de la municipalidad de La Cruz, ubicada en Gabriela Mistral N.\u00ba 03, lunes a viernes entre las 8.30 y las 14.00 hrs.<\/p><p><a href=\"https:\/\/www.leylobby.gob.cl\/\">mayor informaci\u00f3n ac\u00e1<\/a><\/p><\/div>\n\t\t\t\t<\/div>\n\t\t\t\t\t\t\t\t<\/div>\n\t\t\t\t\t\t<\/div>\n\t\t\t\t<\/div>\n\t\t\t\t\t<\/div>\n\t\t<\/div>\n\t\t\t\t\t<\/div>\n\t\t<\/section>\n\t\t\t\t<\/div>\n\t\t","protected":false},"excerpt":{"rendered":"<p>AUDIENCIAS Audiencias Audiencias P\u00fablicas: El 2023 se atendieron 381 audiencias p\u00fablicas de diversas tem\u00e1ticas donde lo importante fue la soluci\u00f3n a los problemas o situaciones planteadas. De esta manera, las soluciones se concatenan con el trabajo territorial del municipio, que entrega las herramientas necesarias para que los vecinos y vecinas puedan acercarse a la gesti\u00f3n, [&hellip;]<\/p>\n","protected":false},"author":6,"featured_media":0,"parent":32,"menu_order":0,"comment_status":"closed","ping_status":"closed","template":"elementor_header_footer","meta":{"site-sidebar-layout":"no-sidebar","site-content-layout":"page-builder","ast-site-content-layout":"default","site-content-style":"default","site-sidebar-style":"default","ast-global-header-display":"","ast-banner-title-visibility":"","ast-main-header-display":"","ast-hfb-above-header-display":"","ast-hfb-below-header-display":"","ast-hfb-mobile-header-display":"","site-post-title":"disabled","ast-breadcrumbs-content":"","ast-featured-img":"disabled","footer-sml-layout":"","ast-disable-related-posts":"","theme-transparent-header-meta":"default","adv-header-id-meta":"","stick-header-meta":"","header-above-stick-meta":"","header-main-stick-meta":"","header-below-stick-meta":"","astra-migrate-meta-layouts":"default","ast-page-background-enabled":"default","ast-page-background-meta":{"desktop":{"background-color":"var(--ast-global-color-4)","background-image":"","background-repeat":"repeat","background-position":"center center","background-size":"auto","background-attachment":"scroll","background-type":"","background-media":"","overlay-type":"","overlay-color":"","overlay-opacity":"","overlay-gradient":""},"tablet":{"background-color":"","background-image":"","background-repeat":"repeat","background-position":"center center","background-size":"auto","background-attachment":"scroll","background-type":"","background-media":"","overlay-type":"","overlay-color":"","overlay-opacity":"","overlay-gradient":""},"mobile":{"background-color":"","background-image":"","background-repeat":"repeat","background-position":"center center","background-size":"auto","background-attachment":"scroll","background-type":"","background-media":"","overlay-type":"","overlay-color":"","overlay-opacity":"","overlay-gradient":""}},"ast-content-background-meta":{"desktop":{"background-color":"var(--ast-global-color-5)","background-image":"","background-repeat":"repeat","background-position":"center center","background-size":"auto","background-attachment":"scroll","background-type":"","background-media":"","overlay-type":"","overlay-color":"","overlay-opacity":"","overlay-gradient":""},"tablet":{"background-color":"var(--ast-global-color-5)","background-image":"","background-repeat":"repeat","background-position":"center center","background-size":"auto","background-attachment":"scroll","background-type":"","background-media":"","overlay-type":"","overlay-color":"","overlay-opacity":"","overlay-gradient":""},"mobile":{"background-color":"var(--ast-global-color-5)","background-image":"","background-repeat":"repeat","background-position":"center center","background-size":"auto","background-attachment":"scroll","background-type":"","background-media":"","overlay-type":"","overlay-color":"","overlay-opacity":"","overlay-gradient":""}},"footnotes":""},"class_list":["post-3491","page","type-page","status-publish","hentry"],"_links":{"self":[{"href":"https:\/\/lacruz.cl\/a94a8fe5\/wp-json\/wp\/v2\/pages\/3491","targetHints":{"allow":["GET"]}}],"collection":[{"href":"https:\/\/lacruz.cl\/a94a8fe5\/wp-json\/wp\/v2\/pages"}],"about":[{"href":"https:\/\/lacruz.cl\/a94a8fe5\/wp-json\/wp\/v2\/types\/page"}],"author":[{"embeddable":true,"href":"https:\/\/lacruz.cl\/a94a8fe5\/wp-json\/wp\/v2\/users\/6"}],"replies":[{"embeddable":true,"href":"https:\/\/lacruz.cl\/a94a8fe5\/wp-json\/wp\/v2\/comments?post=3491"}],"version-history":[{"count":11,"href":"https:\/\/lacruz.cl\/a94a8fe5\/wp-json\/wp\/v2\/pages\/3491\/revisions"}],"predecessor-version":[{"id":11207,"href":"https:\/\/lacruz.cl\/a94a8fe5\/wp-json\/wp\/v2\/pages\/3491\/revisions\/11207"}],"up":[{"embeddable":true,"href":"https:\/\/lacruz.cl\/a94a8fe5\/wp-json\/wp\/v2\/pages\/32"}],"wp:attachment":[{"href":"https:\/\/lacruz.cl\/a94a8fe5\/wp-json\/wp\/v2\/media?parent=3491"}],"curies":[{"name":"wp","href":"https:\/\/api.w.org\/{rel}","templated":true}]}}