{"id":315,"date":"2021-08-12T19:07:17","date_gmt":"2021-08-12T23:07:17","guid":{"rendered":"https:\/\/lacruz.cl\/a94a8fe5\/?page_id=315"},"modified":"2023-07-17T12:41:15","modified_gmt":"2023-07-17T16:41:15","slug":"consultorio","status":"publish","type":"page","link":"https:\/\/lacruz.cl\/a94a8fe5\/salud\/consultorio\/","title":{"rendered":"Consultorio"},"content":{"rendered":"\t\t<div data-elementor-type=\"wp-page\" data-elementor-id=\"315\" class=\"elementor elementor-315\" data-elementor-post-type=\"page\">\n\t\t\t\t\t\t<section class=\"elementor-section elementor-top-section elementor-element elementor-element-3dc77cb1 elementor-section-content-middle elementor-section-boxed elementor-section-height-default elementor-section-height-default\" data-id=\"3dc77cb1\" data-element_type=\"section\" data-e-type=\"section\" data-settings=\"{&quot;background_background&quot;:&quot;classic&quot;}\">\n\t\t\t\t\t\t\t<div class=\"elementor-background-overlay\"><\/div>\n\t\t\t\t\t\t\t<div class=\"elementor-container elementor-column-gap-no\">\n\t\t\t\t\t<div class=\"elementor-column elementor-col-100 elementor-top-column elementor-element elementor-element-6c3e885\" data-id=\"6c3e885\" data-element_type=\"column\" data-e-type=\"column\">\n\t\t\t<div class=\"elementor-widget-wrap elementor-element-populated\">\n\t\t\t\t\t\t<div class=\"elementor-element elementor-element-184ebd87 elementor-widget elementor-widget-heading\" data-id=\"184ebd87\" data-element_type=\"widget\" data-e-type=\"widget\" data-widget_type=\"heading.default\">\n\t\t\t\t<div class=\"elementor-widget-container\">\n\t\t\t\t\t<h4 class=\"elementor-heading-title elementor-size-default\">SALUD<\/h4>\t\t\t\t<\/div>\n\t\t\t\t<\/div>\n\t\t\t\t<div class=\"elementor-element elementor-element-4de212b5 elementor-widget elementor-widget-heading\" data-id=\"4de212b5\" data-element_type=\"widget\" data-e-type=\"widget\" data-widget_type=\"heading.default\">\n\t\t\t\t<div class=\"elementor-widget-container\">\n\t\t\t\t\t<h5 class=\"elementor-heading-title elementor-size-default\">En nuestra comuna nos preocupamos de tu salud, te invitamos a ver lo que tenemos para ti<\/h5>\t\t\t\t<\/div>\n\t\t\t\t<\/div>\n\t\t\t\t\t<\/div>\n\t\t<\/div>\n\t\t\t\t\t<\/div>\n\t\t<\/section>\n\t\t\t\t<section class=\"elementor-section elementor-top-section elementor-element elementor-element-32b876a3 elementor-section-full_width elementor-section-content-middle elementor-section-height-default elementor-section-height-default\" data-id=\"32b876a3\" data-element_type=\"section\" data-e-type=\"section\">\n\t\t\t\t\t\t<div class=\"elementor-container elementor-column-gap-no\">\n\t\t\t\t\t<div class=\"elementor-column elementor-col-33 elementor-top-column elementor-element elementor-element-4b6fbd9a\" data-id=\"4b6fbd9a\" data-element_type=\"column\" data-e-type=\"column\">\n\t\t\t<div class=\"elementor-widget-wrap elementor-element-populated\">\n\t\t\t\t\t\t<div class=\"elementor-element elementor-element-16758037 elementor-widget elementor-widget-text-editor\" data-id=\"16758037\" data-element_type=\"widget\" data-e-type=\"widget\" data-widget_type=\"text-editor.default\">\n\t\t\t\t<div class=\"elementor-widget-container\">\n\t\t\t\t\t\t\t\t\t<p>Nuestra historia<\/p>\t\t\t\t\t\t\t\t<\/div>\n\t\t\t\t<\/div>\n\t\t\t\t<div class=\"elementor-element elementor-element-133691d5 elementor-widget elementor-widget-heading\" data-id=\"133691d5\" data-element_type=\"widget\" data-e-type=\"widget\" data-widget_type=\"heading.default\">\n\t\t\t\t<div class=\"elementor-widget-container\">\n\t\t\t\t\t<h3 class=\"elementor-heading-title elementor-size-default\">SALUD<\/h3>\t\t\t\t<\/div>\n\t\t\t\t<\/div>\n\t\t\t\t<div class=\"elementor-element elementor-element-5a8026ce elementor-widget-divider--view-line elementor-widget elementor-widget-divider\" data-id=\"5a8026ce\" data-element_type=\"widget\" data-e-type=\"widget\" data-widget_type=\"divider.default\">\n\t\t\t\t<div class=\"elementor-widget-container\">\n\t\t\t\t\t\t\t<div class=\"elementor-divider\">\n\t\t\t<span class=\"elementor-divider-separator\">\n\t\t\t\t\t\t<\/span>\n\t\t<\/div>\n\t\t\t\t\t\t<\/div>\n\t\t\t\t<\/div>\n\t\t\t\t\t<\/div>\n\t\t<\/div>\n\t\t\t\t<div class=\"elementor-column elementor-col-33 elementor-top-column elementor-element elementor-element-7b5744ae\" data-id=\"7b5744ae\" data-element_type=\"column\" data-e-type=\"column\">\n\t\t\t<div class=\"elementor-widget-wrap elementor-element-populated\">\n\t\t\t\t\t\t<div class=\"elementor-element elementor-element-5dbee8 elementor-widget elementor-widget-text-editor\" data-id=\"5dbee8\" data-element_type=\"widget\" data-e-type=\"widget\" data-widget_type=\"text-editor.default\">\n\t\t\t\t<div class=\"elementor-widget-container\">\n\t\t\t\t\t\t\t\t\t<h2><strong>Consultorio Municipal<\/strong><\/h2>\n<br>\n<p>La misi\u00f3n del Consultorio es atender las necesidades de salud de la poblaci\u00f3n inscrita, con equipos multidisciplinarios motivados, comprometidos y capacitados para brindar una atenci\u00f3n de manera integral, continua, efectiva, oportuna, con alta capacidad resolutiva y calidad, estableciendo relaci\u00f3n estrecha con individuo, familia y comunidad y as\u00ed elevar su calidad de vida.<\/p>\n\n<p>El Consultorio Municipal de la Cruz propone ser l\u00edderes en prestar servicios de salud, distingui\u00e9ndose por la calidad de sus funcionarios y por la excelencia en el desempe\u00f1o de su quehacer, con el fin de mejorar la calidad de vida de la poblaci\u00f3n.<\/p>\n\n<b>Horario de Atenci\u00f3n<\/b>\n<p><span style=\"text-decoration: underline;\">Lunes a Viernes:<\/span> 8:00 a 20:00 horas<\/span>\n<br>\n<span style=\"text-decoration: underline;\">S\u00e1bado:<\/span>\n<\/u>9:00 a 14:00 horas\t\t\t\t\t\t\t\t<\/div>\n\t\t\t\t<\/div>\n\t\t\t\t\t<\/div>\n\t\t<\/div>\n\t\t\t\t<div class=\"elementor-column elementor-col-33 elementor-top-column elementor-element elementor-element-5eeca265\" data-id=\"5eeca265\" data-element_type=\"column\" data-e-type=\"column\">\n\t\t\t<div class=\"elementor-widget-wrap elementor-element-populated\">\n\t\t\t\t\t\t<div class=\"elementor-element elementor-element-793a1ff0 elementor-widget elementor-widget-image\" data-id=\"793a1ff0\" data-element_type=\"widget\" data-e-type=\"widget\" data-widget_type=\"image.default\">\n\t\t\t\t<div class=\"elementor-widget-container\">\n\t\t\t\t\t\t\t\t\t\t\t\t\t\t\t<img loading=\"lazy\" decoding=\"async\" width=\"852\" height=\"1278\" src=\"https:\/\/lacruz.cl\/a94a8fe5\/wp-content\/uploads\/2021\/08\/Captura-de-Pantalla-2021-08-12-a-las-15.00.41.png\" class=\"attachment-full size-full wp-image-331\" alt=\"\" srcset=\"https:\/\/lacruz.cl\/a94a8fe5\/wp-content\/uploads\/2021\/08\/Captura-de-Pantalla-2021-08-12-a-las-15.00.41.png 852w, https:\/\/lacruz.cl\/a94a8fe5\/wp-content\/uploads\/2021\/08\/Captura-de-Pantalla-2021-08-12-a-las-15.00.41-200x300.png 200w, https:\/\/lacruz.cl\/a94a8fe5\/wp-content\/uploads\/2021\/08\/Captura-de-Pantalla-2021-08-12-a-las-15.00.41-683x1024.png 683w, https:\/\/lacruz.cl\/a94a8fe5\/wp-content\/uploads\/2021\/08\/Captura-de-Pantalla-2021-08-12-a-las-15.00.41-768x1152.png 768w\" sizes=\"auto, (max-width: 852px) 100vw, 852px\" \/>\t\t\t\t\t\t\t\t\t\t\t\t\t\t\t<\/div>\n\t\t\t\t<\/div>\n\t\t\t\t\t<\/div>\n\t\t<\/div>\n\t\t\t\t\t<\/div>\n\t\t<\/section>\n\t\t\t\t<section class=\"elementor-section elementor-top-section elementor-element elementor-element-4fb019e8 elementor-section-content-middle elementor-section-boxed elementor-section-height-default elementor-section-height-default\" data-id=\"4fb019e8\" data-element_type=\"section\" data-e-type=\"section\">\n\t\t\t\t\t\t<div class=\"elementor-container elementor-column-gap-no\">\n\t\t\t\t\t<div class=\"elementor-column elementor-col-50 elementor-top-column elementor-element elementor-element-7be0b6bc\" data-id=\"7be0b6bc\" data-element_type=\"column\" data-e-type=\"column\">\n\t\t\t<div class=\"elementor-widget-wrap elementor-element-populated\">\n\t\t\t\t\t\t<div class=\"elementor-element elementor-element-2051fbee elementor-widget elementor-widget-image\" data-id=\"2051fbee\" data-element_type=\"widget\" data-e-type=\"widget\" data-widget_type=\"image.default\">\n\t\t\t\t<div class=\"elementor-widget-container\">\n\t\t\t\t\t\t\t\t\t\t\t\t\t\t\t<img loading=\"lazy\" decoding=\"async\" width=\"2560\" height=\"2560\" src=\"https:\/\/lacruz.cl\/a94a8fe5\/wp-content\/uploads\/2021\/08\/4587-scaled.jpg\" class=\"attachment-full size-full wp-image-332\" alt=\"\" srcset=\"https:\/\/lacruz.cl\/a94a8fe5\/wp-content\/uploads\/2021\/08\/4587-scaled.jpg 2560w, https:\/\/lacruz.cl\/a94a8fe5\/wp-content\/uploads\/2021\/08\/4587-300x300.jpg 300w, https:\/\/lacruz.cl\/a94a8fe5\/wp-content\/uploads\/2021\/08\/4587-1024x1024.jpg 1024w, https:\/\/lacruz.cl\/a94a8fe5\/wp-content\/uploads\/2021\/08\/4587-150x150.jpg 150w, https:\/\/lacruz.cl\/a94a8fe5\/wp-content\/uploads\/2021\/08\/4587-768x768.jpg 768w, https:\/\/lacruz.cl\/a94a8fe5\/wp-content\/uploads\/2021\/08\/4587-1536x1536.jpg 1536w, https:\/\/lacruz.cl\/a94a8fe5\/wp-content\/uploads\/2021\/08\/4587-2048x2048.jpg 2048w, https:\/\/lacruz.cl\/a94a8fe5\/wp-content\/uploads\/2021\/08\/4587-1568x1568.jpg 1568w\" sizes=\"auto, (max-width: 2560px) 100vw, 2560px\" \/>\t\t\t\t\t\t\t\t\t\t\t\t\t\t\t<\/div>\n\t\t\t\t<\/div>\n\t\t\t\t\t<\/div>\n\t\t<\/div>\n\t\t\t\t<div class=\"elementor-column elementor-col-50 elementor-top-column elementor-element elementor-element-37b31bc6\" data-id=\"37b31bc6\" data-element_type=\"column\" data-e-type=\"column\">\n\t\t\t<div class=\"elementor-widget-wrap elementor-element-populated\">\n\t\t\t\t\t\t<div class=\"elementor-element elementor-element-ec313fc elementor-widget elementor-widget-heading\" data-id=\"ec313fc\" data-element_type=\"widget\" data-e-type=\"widget\" data-widget_type=\"heading.default\">\n\t\t\t\t<div class=\"elementor-widget-container\">\n\t\t\t\t\t<h4 class=\"elementor-heading-title elementor-size-default\">Requisitos de Inscripci\u00f3n \nConsultorio Municipal<\/h4>\t\t\t\t<\/div>\n\t\t\t\t<\/div>\n\t\t\t\t<div class=\"elementor-element elementor-element-2c67ca99 elementor-widget elementor-widget-text-editor\" data-id=\"2c67ca99\" data-element_type=\"widget\" data-e-type=\"widget\" data-widget_type=\"text-editor.default\">\n\t\t\t\t<div class=\"elementor-widget-container\">\n\t\t\t\t\t\t\t\t\t<p><\/p>\n<ol>\n<li><span class=\"fs12lh1-5 ff1\">Certificado de residencia de la persona.<\/span><\/li>\n<li><span class=\"fs12lh1-5 ff1\">C\u00e9dula de identidad.<\/span><\/li>\n<li><span class=\"fs12lh1-5 ff1\">Ser beneficiario de Fonasa, Isapre, Dipreca o Capredena&nbsp;<\/span><span class=\"fs12lh1-5 ff1\"><br><span style=\"text-decoration: underline;\"><em>*Si es un grupo familiar tiene que venir el certificado de residencia con los nombres y rut de cada integrante familiar, un representante de la familia tiene que inscribirlos.<\/em><\/span><br><b><\/b><\/span><\/li>\n<\/ol>\n<p><span class=\"fs12lh1-5 ff1\"><b>Si es reci\u00e9n nacido:<br><\/b><\/span><\/p>\n<ol>\n<li><span class=\"fs12lh1-5 ff1\"><b> <\/b>Certificado de alta del beb\u00e9.<\/span><\/li>\n<li><span class=\"fs12lh1-5 ff1\">Certificado de residencia a nombre del beb\u00e9.<\/span><\/li>\n<li><span class=\"fs12lh1-5 ff1\">Certificado de nacimiento.<br><span style=\"text-decoration: underline;\"><em>*No es necesario que el beb\u00e9 est\u00e9 presencialmente para la inscripci\u00f3n<\/em><\/span>.<\/span><span class=\"fs12lh1-5 ff1\"><br><\/span><b><\/b><b><\/b><span class=\"fs12lh1-5 ff1\"><b><br>*Si no posees certificado de residencia,&nbsp; puedes traer una boleta que venga a tu nombre con la direcci\u00f3n. <\/b><em>(s\u00f3lo para personas individuales)<\/em><\/span><\/li>\n<\/ol>\n<p><span class=\"fs12lh1-5 ff1\"><br><b>Contacto<br><\/b><\/span><span style=\"font-family: var( --e-global-typography-text-font-family ), Sans-serif;\">Consultorio Municipal de la Cruz<br><\/span><span style=\"font-family: var( --e-global-typography-text-font-family ), Sans-serif;\">Avenida 21 de mayo 5010<br><\/span><span style=\"font-family: var( --e-global-typography-text-font-family ), Sans-serif;\">La Cruz<\/span><\/p>\n<div>&nbsp;<b style=\"font-family: var( --e-global-typography-text-font-family ), Sans-serif;\"><span class=\"fs12lh1-5 ff1\">Tel\u00e9fonos<\/span><\/b><\/div>\n<div><span style=\"font-family: var( --e-global-typography-text-font-family ), Sans-serif;\">SOME: 950871672 &#8211; 995885314<\/span><\/div>\n<div><span class=\"fs12lh1-5 ff1\">Equipo COVID: 950540593 &#8211; 950036142<\/span><br>Respiratorio 950036118<\/div>\n<div><span class=\"fs12lh1-5 ff1\">Per C\u00e1pita: 294742<\/span><\/div>\t\t\t\t\t\t\t\t<\/div>\n\t\t\t\t<\/div>\n\t\t\t\t\t<\/div>\n\t\t<\/div>\n\t\t\t\t\t<\/div>\n\t\t<\/section>\n\t\t\t\t<section class=\"elementor-section elementor-top-section elementor-element elementor-element-cf01c8d elementor-section-content-middle elementor-section-boxed elementor-section-height-default elementor-section-height-default\" data-id=\"cf01c8d\" data-element_type=\"section\" data-e-type=\"section\" data-settings=\"{&quot;background_background&quot;:&quot;classic&quot;}\">\n\t\t\t\t\t\t\t<div class=\"elementor-background-overlay\"><\/div>\n\t\t\t\t\t\t\t<div class=\"elementor-container elementor-column-gap-no\">\n\t\t\t\t\t<div class=\"elementor-column elementor-col-100 elementor-top-column elementor-element elementor-element-5cae2d2\" data-id=\"5cae2d2\" data-element_type=\"column\" data-e-type=\"column\">\n\t\t\t<div class=\"elementor-widget-wrap elementor-element-populated\">\n\t\t\t\t\t\t<div class=\"elementor-element elementor-element-576e2d8 elementor-widget elementor-widget-heading\" data-id=\"576e2d8\" data-element_type=\"widget\" data-e-type=\"widget\" data-widget_type=\"heading.default\">\n\t\t\t\t<div class=\"elementor-widget-container\">\n\t\t\t\t\t<h4 class=\"elementor-heading-title elementor-size-default\">Inscr\u00edbete en nuestra Botica Municipal y accede a todos los beneficios<\/h4>\t\t\t\t<\/div>\n\t\t\t\t<\/div>\n\t\t\t\t<div class=\"elementor-element elementor-element-88c8fb0 elementor-align-center elementor-widget elementor-widget-button\" data-id=\"88c8fb0\" data-element_type=\"widget\" data-e-type=\"widget\" data-widget_type=\"button.default\">\n\t\t\t\t<div class=\"elementor-widget-container\">\n\t\t\t\t\t\t\t\t\t<div class=\"elementor-button-wrapper\">\n\t\t\t\t\t<a class=\"elementor-button elementor-button-link elementor-size-sm elementor-animation-grow\" href=\"https:\/\/lacruz.cl\/a94a8fe5\/inscribete-en-la-botica-municipal\/\" target=\"_blank\">\n\t\t\t\t\t\t<span class=\"elementor-button-content-wrapper\">\n\t\t\t\t\t\t\t\t\t<span class=\"elementor-button-text\">quiero inscribirme<\/span>\n\t\t\t\t\t<\/span>\n\t\t\t\t\t<\/a>\n\t\t\t\t<\/div>\n\t\t\t\t\t\t\t\t<\/div>\n\t\t\t\t<\/div>\n\t\t\t\t\t<\/div>\n\t\t<\/div>\n\t\t\t\t\t<\/div>\n\t\t<\/section>\n\t\t\t\t<\/div>\n\t\t","protected":false},"excerpt":{"rendered":"<p>SALUD En nuestra comuna nos preocupamos de tu salud, te invitamos a ver lo que tenemos para ti Nuestra historia SALUD Consultorio Municipal La misi\u00f3n del Consultorio es atender las necesidades de salud de la poblaci\u00f3n inscrita, con equipos multidisciplinarios motivados, comprometidos y capacitados para brindar una atenci\u00f3n de manera integral, continua, efectiva, oportuna, con [&hellip;]<\/p>\n","protected":false},"author":6,"featured_media":0,"parent":3255,"menu_order":0,"comment_status":"closed","ping_status":"closed","template":"","meta":{"site-sidebar-layout":"default","site-content-layout":"page-builder","ast-site-content-layout":"default","site-content-style":"default","site-sidebar-style":"default","ast-global-header-display":"","ast-banner-title-visibility":"","ast-main-header-display":"","ast-hfb-above-header-display":"","ast-hfb-below-header-display":"","ast-hfb-mobile-header-display":"","site-post-title":"","ast-breadcrumbs-content":"","ast-featured-img":"","footer-sml-layout":"","ast-disable-related-posts":"","theme-transparent-header-meta":"default","adv-header-id-meta":"","stick-header-meta":"","header-above-stick-meta":"","header-main-stick-meta":"","header-below-stick-meta":"","astra-migrate-meta-layouts":"default","ast-page-background-enabled":"default","ast-page-background-meta":{"desktop":{"background-color":"var(--ast-global-color-4)","background-image":"","background-repeat":"repeat","background-position":"center center","background-size":"auto","background-attachment":"scroll","background-type":"","background-media":"","overlay-type":"","overlay-color":"","overlay-opacity":"","overlay-gradient":""},"tablet":{"background-color":"","background-image":"","background-repeat":"repeat","background-position":"center center","background-size":"auto","background-attachment":"scroll","background-type":"","background-media":"","overlay-type":"","overlay-color":"","overlay-opacity":"","overlay-gradient":""},"mobile":{"background-color":"","background-image":"","background-repeat":"repeat","background-position":"center center","background-size":"auto","background-attachment":"scroll","background-type":"","background-media":"","overlay-type":"","overlay-color":"","overlay-opacity":"","overlay-gradient":""}},"ast-content-background-meta":{"desktop":{"background-color":"var(--ast-global-color-5)","background-image":"","background-repeat":"repeat","background-position":"center center","background-size":"auto","background-attachment":"scroll","background-type":"","background-media":"","overlay-type":"","overlay-color":"","overlay-opacity":"","overlay-gradient":""},"tablet":{"background-color":"var(--ast-global-color-5)","background-image":"","background-repeat":"repeat","background-position":"center center","background-size":"auto","background-attachment":"scroll","background-type":"","background-media":"","overlay-type":"","overlay-color":"","overlay-opacity":"","overlay-gradient":""},"mobile":{"background-color":"var(--ast-global-color-5)","background-image":"","background-repeat":"repeat","background-position":"center center","background-size":"auto","background-attachment":"scroll","background-type":"","background-media":"","overlay-type":"","overlay-color":"","overlay-opacity":"","overlay-gradient":""}},"footnotes":""},"class_list":["post-315","page","type-page","status-publish","hentry"],"_links":{"self":[{"href":"https:\/\/lacruz.cl\/a94a8fe5\/wp-json\/wp\/v2\/pages\/315","targetHints":{"allow":["GET"]}}],"collection":[{"href":"https:\/\/lacruz.cl\/a94a8fe5\/wp-json\/wp\/v2\/pages"}],"about":[{"href":"https:\/\/lacruz.cl\/a94a8fe5\/wp-json\/wp\/v2\/types\/page"}],"author":[{"embeddable":true,"href":"https:\/\/lacruz.cl\/a94a8fe5\/wp-json\/wp\/v2\/users\/6"}],"replies":[{"embeddable":true,"href":"https:\/\/lacruz.cl\/a94a8fe5\/wp-json\/wp\/v2\/comments?post=315"}],"version-history":[{"count":126,"href":"https:\/\/lacruz.cl\/a94a8fe5\/wp-json\/wp\/v2\/pages\/315\/revisions"}],"predecessor-version":[{"id":9086,"href":"https:\/\/lacruz.cl\/a94a8fe5\/wp-json\/wp\/v2\/pages\/315\/revisions\/9086"}],"up":[{"embeddable":true,"href":"https:\/\/lacruz.cl\/a94a8fe5\/wp-json\/wp\/v2\/pages\/3255"}],"wp:attachment":[{"href":"https:\/\/lacruz.cl\/a94a8fe5\/wp-json\/wp\/v2\/media?parent=315"}],"curies":[{"name":"wp","href":"https:\/\/api.w.org\/{rel}","templated":true}]}}