{"id":3097,"date":"2021-09-25T12:11:19","date_gmt":"2021-09-25T15:11:19","guid":{"rendered":"https:\/\/lacruz.cl\/a94a8fe5\/?page_id=3097"},"modified":"2023-07-12T11:22:44","modified_gmt":"2023-07-12T15:22:44","slug":"personas-juridicas","status":"publish","type":"page","link":"https:\/\/lacruz.cl\/a94a8fe5\/tramites\/personas-juridicas\/","title":{"rendered":"Tr\u00e1mites Personas Jur\u00eddicas sin fines de lucro"},"content":{"rendered":"\t\t<div data-elementor-type=\"wp-page\" data-elementor-id=\"3097\" class=\"elementor elementor-3097\" data-elementor-post-type=\"page\">\n\t\t\t\t\t\t<section class=\"elementor-section elementor-top-section elementor-element elementor-element-3b44e8b elementor-section-content-middle elementor-section-boxed elementor-section-height-default elementor-section-height-default\" data-id=\"3b44e8b\" data-element_type=\"section\" data-e-type=\"section\" data-settings=\"{&quot;background_background&quot;:&quot;classic&quot;}\">\n\t\t\t\t\t\t\t<div class=\"elementor-background-overlay\"><\/div>\n\t\t\t\t\t\t\t<div class=\"elementor-container elementor-column-gap-no\">\n\t\t\t\t\t<div class=\"elementor-column elementor-col-100 elementor-top-column elementor-element elementor-element-707c31f\" data-id=\"707c31f\" data-element_type=\"column\" data-e-type=\"column\">\n\t\t\t<div class=\"elementor-widget-wrap elementor-element-populated\">\n\t\t\t\t\t\t<div class=\"elementor-element elementor-element-25d7ecd elementor-widget elementor-widget-heading\" data-id=\"25d7ecd\" data-element_type=\"widget\" data-e-type=\"widget\" data-widget_type=\"heading.default\">\n\t\t\t\t<div class=\"elementor-widget-container\">\n\t\t\t\t\t<h4 class=\"elementor-heading-title elementor-size-default\">PERSONAS JUR\u00cdDICAS SIN FINES DE LUCRO <\/h4>\t\t\t\t<\/div>\n\t\t\t\t<\/div>\n\t\t\t\t<div class=\"elementor-element elementor-element-5f847c1 elementor-widget elementor-widget-heading\" data-id=\"5f847c1\" data-element_type=\"widget\" data-e-type=\"widget\" data-widget_type=\"heading.default\">\n\t\t\t\t<div class=\"elementor-widget-container\">\n\t\t\t\t\t<h5 class=\"elementor-heading-title elementor-size-default\">Ac\u00e1 te mostramos informaci\u00f3n de estos tr\u00e1mites<\/h5>\t\t\t\t<\/div>\n\t\t\t\t<\/div>\n\t\t\t\t\t<\/div>\n\t\t<\/div>\n\t\t\t\t\t<\/div>\n\t\t<\/section>\n\t\t\t\t<section class=\"elementor-section elementor-top-section elementor-element elementor-element-34ce580a elementor-section-content-middle elementor-section-boxed elementor-section-height-default elementor-section-height-default\" data-id=\"34ce580a\" data-element_type=\"section\" data-e-type=\"section\">\n\t\t\t\t\t\t<div class=\"elementor-container elementor-column-gap-no\">\n\t\t\t\t\t<div class=\"elementor-column elementor-col-100 elementor-top-column elementor-element elementor-element-363e78ab\" data-id=\"363e78ab\" data-element_type=\"column\" data-e-type=\"column\">\n\t\t\t<div class=\"elementor-widget-wrap elementor-element-populated\">\n\t\t\t\t\t\t<div class=\"elementor-element elementor-element-10e69ead elementor-widget elementor-widget-toggle\" data-id=\"10e69ead\" data-element_type=\"widget\" data-e-type=\"widget\" data-widget_type=\"toggle.default\">\n\t\t\t\t<div class=\"elementor-widget-container\">\n\t\t\t\t\t\t\t<div class=\"elementor-toggle\">\n\t\t\t\t\t\t\t<div class=\"elementor-toggle-item\">\n\t\t\t\t\t<div id=\"elementor-tab-title-2831\" class=\"elementor-tab-title\" data-tab=\"1\" role=\"button\" aria-controls=\"elementor-tab-content-2831\" aria-expanded=\"false\">\n\t\t\t\t\t\t\t\t\t\t\t\t<span class=\"elementor-toggle-icon elementor-toggle-icon-right\" aria-hidden=\"true\">\n\t\t\t\t\t\t\t\t\t\t\t\t\t\t\t<span class=\"elementor-toggle-icon-closed\"><i class=\"fas fa-caret-right\"><\/i><\/span>\n\t\t\t\t\t\t\t\t<span class=\"elementor-toggle-icon-opened\"><i class=\"elementor-toggle-icon-opened fas fa-caret-up\"><\/i><\/span>\n\t\t\t\t\t\t\t\t\t\t\t\t\t<\/span>\n\t\t\t\t\t\t\t\t\t\t\t\t<a class=\"elementor-toggle-title\" tabindex=\"0\">Certificados de Vigencia Provisorios para Personas Jur\u00eddicas sin fines de lucro<\/a>\n\t\t\t\t\t<\/div>\n\n\t\t\t\t\t<div id=\"elementor-tab-content-2831\" class=\"elementor-tab-content elementor-clearfix\" data-tab=\"1\" role=\"region\" aria-labelledby=\"elementor-tab-title-2831\"><p><strong>REQUISITOS:<\/strong><br \/>Ser miembro de la organizaci\u00f3n a la que se solicita certificar vigencia de manera provisoria. <br \/><strong>ANTECEDENTES:<\/strong> <br \/>Registro de socios actualizados en donde figure la persona solicitante.<br \/>______<br \/><strong>Tr\u00e1mites a realizar o etapas:<\/strong> Solicitar certificado en Secretar\u00eda Municipal. Ante la solicitud, se debe verificar el dep\u00f3sito y conformidad legal de todos los antecedentes se\u00f1alados en el inciso tercero del art\u00edculo 6 de la Ley 19.418, esto es, Acta de elecci\u00f3n, Registro de Socios actualizado, Registro de Socios que sufragaron en la elecci\u00f3n, Acta de establecimiento de la comisi\u00f3n electoral, Certificado de antecedentes de los socios electos. Habiendo conformidad en ello, se prepara el Certificado de Vigencia Provisorio.<br \/>____<br \/><strong>VALOR: <\/strong>Gratuito<br \/>____<br \/><strong>LUGAR DONDE SE REALIZA:<\/strong> Municipalidad de La Cruz, Gabriela Mistral 03 oficina de Secretar\u00eda Municipal, Horario de atenci\u00f3n de 8:30 a 14:00 hrs.<br \/><br \/><a href=\"https:\/\/www.bcn.cl\/leychile\/Navegar?idNorma=1129283\">Informaci\u00f3n adicional<\/a><\/p><\/div>\n\t\t\t\t<\/div>\n\t\t\t\t\t\t\t<div class=\"elementor-toggle-item\">\n\t\t\t\t\t<div id=\"elementor-tab-title-2832\" class=\"elementor-tab-title\" data-tab=\"2\" role=\"button\" aria-controls=\"elementor-tab-content-2832\" aria-expanded=\"false\">\n\t\t\t\t\t\t\t\t\t\t\t\t<span class=\"elementor-toggle-icon elementor-toggle-icon-right\" aria-hidden=\"true\">\n\t\t\t\t\t\t\t\t\t\t\t\t\t\t\t<span class=\"elementor-toggle-icon-closed\"><i class=\"fas fa-caret-right\"><\/i><\/span>\n\t\t\t\t\t\t\t\t<span class=\"elementor-toggle-icon-opened\"><i class=\"elementor-toggle-icon-opened fas fa-caret-up\"><\/i><\/span>\n\t\t\t\t\t\t\t\t\t\t\t\t\t<\/span>\n\t\t\t\t\t\t\t\t\t\t\t\t<a class=\"elementor-toggle-title\" tabindex=\"0\">Constituci\u00f3n de Personas Jur\u00eddicas sin Fines de Lucro, regidas por el T\u00edtulo XXXIII Libro I del C\u00f3digo Civil<\/a>\n\t\t\t\t\t<\/div>\n\n\t\t\t\t\t<div id=\"elementor-tab-content-2832\" class=\"elementor-tab-content elementor-clearfix\" data-tab=\"2\" role=\"region\" aria-labelledby=\"elementor-tab-title-2832\"><p><em>(Constituci\u00f3n de una persona ficticia, capaz de ejercer derechos y contraer obligaciones civiles, de ser representado judicial y extrajudicialmente. Las Personas Jur\u00eddicas son de dos especies: corporaciones y fundaciones de beneficencia p\u00fablica. Ademas de las mixtas que participan de uno u otro car\u00e1cter )<br \/><br \/><\/em><strong>REQUISITOS:<\/strong> <br \/>La entidad en formaci\u00f3n debe tener y fijar en sus estatutos domicilio en la comuna de La Cruz. Asimismo, debe fijar en sus estatutos el nombre de la entidad, el cual debe hacer referencia a su naturaleza, objeto o finalidad.<br \/><strong>ANTECEDENTES<\/strong>: Se debe realizar asamblea constitutiva, celebrada ante notario p\u00fablico, oficial del Registro Civil o funcionario municipal autorizado por el Alcalde, acto que deber\u00e1 constar en escritura p\u00fablica o privada autorizada por ministro de fe presente en la asamblea , en la que se exprese la voluntad de constituir una persona jur\u00eddica, se aprueben los estatutos, se designen las autoridades inicialmente encargadas de dirigirla y se otorgue poder para solicitar el registro de personalidad jur\u00eddica en el Registro Nacional de Personas Jur\u00eddicas sin fines de lucro del Servicio de Registro Civil e Identificaci\u00f3n y aceptar las modificaciones que le soliciten las autoridades competentes.<br \/>_____<\/p><p><strong>Tr\u00e1mites a realizar o etapas:<\/strong> Depositar en Secretar\u00eda Municipal dentro de los 30 d\u00edas de celebrada la asamblea, 2 copias autorizadas del acto constitutivo, certificados de antecedentes del Directorio inicial y copia de la carta emitida por el Registro Civil en el cual se indique que no existe similitud o coincidencia con el nombre utilizado por la persona jur\u00eddica en formaci\u00f3n. Dentro de los 30 d\u00edas siguientes a la fecha del dep\u00f3sito, el Secretario Municipal podr\u00e1 objetar fundadamente la constituci\u00f3n de la Asociaci\u00f3n o Fundaci\u00f3n, si no se hubieren cumplido los requisitos que la ley se\u00f1ala. Subsanadas las objeciones en su caso, se podr\u00e1 proceder al retiro desde la Secretar\u00eda Municipal de los antecedentes para la inscripci\u00f3n de la entidad en el Registro Nacional de Personas Jur\u00eddicas a cargo del Servicio de Registro Civil e Identificaci\u00f3n.<br \/>_____<br \/><strong>VALOR:<\/strong> Gratuito<br \/>_____<\/p><p><strong>LUGAR DONDE SE REALIZA:<\/strong> Municipalidad de La Cruz, Gabriela Mistral 03 oficina de Secretar\u00eda Municipal, Horario de atenci\u00f3n de 8:30 a 14:00 hrs.<br \/><br \/><a href=\"https:\/\/www.minjusticia.gob.cl\/modelos-estatutos-asociaciones-y-fundaciones\/\">Informaci\u00f3n adicional<\/a><\/p><\/div>\n\t\t\t\t<\/div>\n\t\t\t\t\t\t\t<div class=\"elementor-toggle-item\">\n\t\t\t\t\t<div id=\"elementor-tab-title-2833\" class=\"elementor-tab-title\" data-tab=\"3\" role=\"button\" aria-controls=\"elementor-tab-content-2833\" aria-expanded=\"false\">\n\t\t\t\t\t\t\t\t\t\t\t\t<span class=\"elementor-toggle-icon elementor-toggle-icon-right\" aria-hidden=\"true\">\n\t\t\t\t\t\t\t\t\t\t\t\t\t\t\t<span class=\"elementor-toggle-icon-closed\"><i class=\"fas fa-caret-right\"><\/i><\/span>\n\t\t\t\t\t\t\t\t<span class=\"elementor-toggle-icon-opened\"><i class=\"elementor-toggle-icon-opened fas fa-caret-up\"><\/i><\/span>\n\t\t\t\t\t\t\t\t\t\t\t\t\t<\/span>\n\t\t\t\t\t\t\t\t\t\t\t\t<a class=\"elementor-toggle-title\" tabindex=\"0\">Permisos para las Organizaciones Comunitarias<\/a>\n\t\t\t\t\t<\/div>\n\n\t\t\t\t\t<div id=\"elementor-tab-content-2833\" class=\"elementor-tab-content elementor-clearfix\" data-tab=\"3\" role=\"region\" aria-labelledby=\"elementor-tab-title-2833\"><p><em>(Autorizaci\u00f3n certificada por el Secretario Municipal a las organizaciones comunitarias para la realizaci\u00f3n de actividades extra program\u00e1ticas , estas organizaciones son promovidas directamente por los vecinos de la comunidad)<br \/><\/em><br \/>\u00a0<strong>ANTECEDENTES:<br \/><\/strong>1.-Ser Residente de la Comuna de La Cruz<br \/><strong>REQUISITOS:<\/strong><br \/>1.-Carta con la autorizaci\u00f3n de la junta de vecinos del sector donde se realizar\u00e1 la actividad, se\u00f1alando hora, lugar y fecha solicitando la autorizaci\u00f3n del municipio.<br \/>____<\/p><p><strong>Tr\u00e1mites a realizar o etapas:<\/strong> Ingresar la carta por oficina de Partes con a lo menos 10 d\u00edas de anticipaci\u00f3n a la actividad. Posteriormente el solicitante debe concurrir a la tenencia de carabineros de La Cruz con el permiso municipal otorgado.<\/p><p>____<br \/><strong>Valor:<\/strong> Gratuito<br \/>____<\/p><p><strong>LUGAR DONDE SE REALIZA:<\/strong> Municipalidad de La Cruz ubicada en Gabriela Mistral N\u00b003 Lunes a Viernes entre las 8.30 y las 14.00 hrs. Oficina de Secretar\u00eda Municipal.<\/p><p><a href=\"https:\/\/www.bcn.cl\/leychile\/navegar?idNorma=28688\">Informaci\u00f3n de inter\u00e9s<\/a><\/p><\/div>\n\t\t\t\t<\/div>\n\t\t\t\t\t\t\t\t<\/div>\n\t\t\t\t\t\t<\/div>\n\t\t\t\t<\/div>\n\t\t\t\t\t<\/div>\n\t\t<\/div>\n\t\t\t\t\t<\/div>\n\t\t<\/section>\n\t\t\t\t<\/div>\n\t\t","protected":false},"excerpt":{"rendered":"<p>PERSONAS JUR\u00cdDICAS SIN FINES DE LUCRO Ac\u00e1 te mostramos informaci\u00f3n de estos tr\u00e1mites Certificados de Vigencia Provisorios para Personas Jur\u00eddicas sin fines de lucro REQUISITOS:Ser miembro de la organizaci\u00f3n a la que se solicita certificar vigencia de manera provisoria. ANTECEDENTES: Registro de socios actualizados en donde figure la persona solicitante.______Tr\u00e1mites a realizar o etapas: Solicitar [&hellip;]<\/p>\n","protected":false},"author":6,"featured_media":0,"parent":32,"menu_order":0,"comment_status":"closed","ping_status":"closed","template":"elementor_header_footer","meta":{"site-sidebar-layout":"no-sidebar","site-content-layout":"page-builder","ast-site-content-layout":"default","site-content-style":"default","site-sidebar-style":"default","ast-global-header-display":"","ast-banner-title-visibility":"","ast-main-header-display":"","ast-hfb-above-header-display":"","ast-hfb-below-header-display":"","ast-hfb-mobile-header-display":"","site-post-title":"disabled","ast-breadcrumbs-content":"","ast-featured-img":"disabled","footer-sml-layout":"","ast-disable-related-posts":"","theme-transparent-header-meta":"default","adv-header-id-meta":"","stick-header-meta":"","header-above-stick-meta":"","header-main-stick-meta":"","header-below-stick-meta":"","astra-migrate-meta-layouts":"default","ast-page-background-enabled":"default","ast-page-background-meta":{"desktop":{"background-color":"var(--ast-global-color-4)","background-image":"","background-repeat":"repeat","background-position":"center center","background-size":"auto","background-attachment":"scroll","background-type":"","background-media":"","overlay-type":"","overlay-color":"","overlay-opacity":"","overlay-gradient":""},"tablet":{"background-color":"","background-image":"","background-repeat":"repeat","background-position":"center center","background-size":"auto","background-attachment":"scroll","background-type":"","background-media":"","overlay-type":"","overlay-color":"","overlay-opacity":"","overlay-gradient":""},"mobile":{"background-color":"","background-image":"","background-repeat":"repeat","background-position":"center center","background-size":"auto","background-attachment":"scroll","background-type":"","background-media":"","overlay-type":"","overlay-color":"","overlay-opacity":"","overlay-gradient":""}},"ast-content-background-meta":{"desktop":{"background-color":"var(--ast-global-color-5)","background-image":"","background-repeat":"repeat","background-position":"center center","background-size":"auto","background-attachment":"scroll","background-type":"","background-media":"","overlay-type":"","overlay-color":"","overlay-opacity":"","overlay-gradient":""},"tablet":{"background-color":"var(--ast-global-color-5)","background-image":"","background-repeat":"repeat","background-position":"center center","background-size":"auto","background-attachment":"scroll","background-type":"","background-media":"","overlay-type":"","overlay-color":"","overlay-opacity":"","overlay-gradient":""},"mobile":{"background-color":"var(--ast-global-color-5)","background-image":"","background-repeat":"repeat","background-position":"center center","background-size":"auto","background-attachment":"scroll","background-type":"","background-media":"","overlay-type":"","overlay-color":"","overlay-opacity":"","overlay-gradient":""}},"footnotes":""},"class_list":["post-3097","page","type-page","status-publish","hentry"],"_links":{"self":[{"href":"https:\/\/lacruz.cl\/a94a8fe5\/wp-json\/wp\/v2\/pages\/3097","targetHints":{"allow":["GET"]}}],"collection":[{"href":"https:\/\/lacruz.cl\/a94a8fe5\/wp-json\/wp\/v2\/pages"}],"about":[{"href":"https:\/\/lacruz.cl\/a94a8fe5\/wp-json\/wp\/v2\/types\/page"}],"author":[{"embeddable":true,"href":"https:\/\/lacruz.cl\/a94a8fe5\/wp-json\/wp\/v2\/users\/6"}],"replies":[{"embeddable":true,"href":"https:\/\/lacruz.cl\/a94a8fe5\/wp-json\/wp\/v2\/comments?post=3097"}],"version-history":[{"count":4,"href":"https:\/\/lacruz.cl\/a94a8fe5\/wp-json\/wp\/v2\/pages\/3097\/revisions"}],"predecessor-version":[{"id":3101,"href":"https:\/\/lacruz.cl\/a94a8fe5\/wp-json\/wp\/v2\/pages\/3097\/revisions\/3101"}],"up":[{"embeddable":true,"href":"https:\/\/lacruz.cl\/a94a8fe5\/wp-json\/wp\/v2\/pages\/32"}],"wp:attachment":[{"href":"https:\/\/lacruz.cl\/a94a8fe5\/wp-json\/wp\/v2\/media?parent=3097"}],"curies":[{"name":"wp","href":"https:\/\/api.w.org\/{rel}","templated":true}]}}