{"id":3042,"date":"2021-09-24T16:29:11","date_gmt":"2021-09-24T19:29:11","guid":{"rendered":"https:\/\/lacruz.cl\/a94a8fe5\/?page_id=3042"},"modified":"2023-07-12T11:22:41","modified_gmt":"2023-07-12T15:22:41","slug":"emprendimiento","status":"publish","type":"page","link":"https:\/\/lacruz.cl\/a94a8fe5\/tramites\/emprendimiento\/","title":{"rendered":"Tr\u00e1mites Emprendimiento"},"content":{"rendered":"\t\t<div data-elementor-type=\"wp-page\" data-elementor-id=\"3042\" class=\"elementor elementor-3042\" data-elementor-post-type=\"page\">\n\t\t\t\t\t\t<section class=\"elementor-section elementor-top-section elementor-element elementor-element-4145837 elementor-section-content-middle elementor-section-boxed elementor-section-height-default elementor-section-height-default\" data-id=\"4145837\" data-element_type=\"section\" data-e-type=\"section\" data-settings=\"{&quot;background_background&quot;:&quot;classic&quot;}\">\n\t\t\t\t\t\t\t<div class=\"elementor-background-overlay\"><\/div>\n\t\t\t\t\t\t\t<div class=\"elementor-container elementor-column-gap-no\">\n\t\t\t\t\t<div class=\"elementor-column elementor-col-100 elementor-top-column elementor-element elementor-element-bef8454\" data-id=\"bef8454\" data-element_type=\"column\" data-e-type=\"column\">\n\t\t\t<div class=\"elementor-widget-wrap elementor-element-populated\">\n\t\t\t\t\t\t<div class=\"elementor-element elementor-element-ca149e6 elementor-widget elementor-widget-heading\" data-id=\"ca149e6\" data-element_type=\"widget\" data-e-type=\"widget\" data-widget_type=\"heading.default\">\n\t\t\t\t<div class=\"elementor-widget-container\">\n\t\t\t\t\t<h4 class=\"elementor-heading-title elementor-size-default\">TR\u00c1MITES EMPRENDIMIENTO<\/h4>\t\t\t\t<\/div>\n\t\t\t\t<\/div>\n\t\t\t\t<div class=\"elementor-element elementor-element-a85967b elementor-widget elementor-widget-heading\" data-id=\"a85967b\" data-element_type=\"widget\" data-e-type=\"widget\" data-widget_type=\"heading.default\">\n\t\t\t\t<div class=\"elementor-widget-container\">\n\t\t\t\t\t<h5 class=\"elementor-heading-title elementor-size-default\">Ac\u00e1 te mostramos los Tr\u00e1mites que puedes realizar EN OFICINA FOMENTO PRODUCTIVO<\/h5>\t\t\t\t<\/div>\n\t\t\t\t<\/div>\n\t\t\t\t\t<\/div>\n\t\t<\/div>\n\t\t\t\t\t<\/div>\n\t\t<\/section>\n\t\t\t\t<section class=\"elementor-section elementor-top-section elementor-element elementor-element-e6db1eb elementor-section-content-middle elementor-section-boxed elementor-section-height-default elementor-section-height-default\" data-id=\"e6db1eb\" data-element_type=\"section\" data-e-type=\"section\">\n\t\t\t\t\t\t<div class=\"elementor-container elementor-column-gap-no\">\n\t\t\t\t\t<div class=\"elementor-column elementor-col-100 elementor-top-column elementor-element elementor-element-e2adca2\" data-id=\"e2adca2\" data-element_type=\"column\" data-e-type=\"column\">\n\t\t\t<div class=\"elementor-widget-wrap elementor-element-populated\">\n\t\t\t\t\t\t<div class=\"elementor-element elementor-element-5ac5c0b elementor-widget elementor-widget-toggle\" data-id=\"5ac5c0b\" data-element_type=\"widget\" data-e-type=\"widget\" data-widget_type=\"toggle.default\">\n\t\t\t\t<div class=\"elementor-widget-container\">\n\t\t\t\t\t\t\t<div class=\"elementor-toggle\">\n\t\t\t\t\t\t\t<div class=\"elementor-toggle-item\">\n\t\t\t\t\t<div id=\"elementor-tab-title-9511\" class=\"elementor-tab-title\" data-tab=\"1\" role=\"button\" aria-controls=\"elementor-tab-content-9511\" aria-expanded=\"false\">\n\t\t\t\t\t\t\t\t\t\t\t\t<span class=\"elementor-toggle-icon elementor-toggle-icon-right\" aria-hidden=\"true\">\n\t\t\t\t\t\t\t\t\t\t\t\t\t\t\t<span class=\"elementor-toggle-icon-closed\"><i class=\"fas fa-caret-right\"><\/i><\/span>\n\t\t\t\t\t\t\t\t<span class=\"elementor-toggle-icon-opened\"><i class=\"elementor-toggle-icon-opened fas fa-caret-up\"><\/i><\/span>\n\t\t\t\t\t\t\t\t\t\t\t\t\t<\/span>\n\t\t\t\t\t\t\t\t\t\t\t\t<a class=\"elementor-toggle-title\" tabindex=\"0\">Consultas sobre Conformaci\u00f3n de Microempresa Familiar(MEF).<\/a>\n\t\t\t\t\t<\/div>\n\n\t\t\t\t\t<div id=\"elementor-tab-content-9511\" class=\"elementor-tab-content elementor-clearfix\" data-tab=\"1\" role=\"region\" aria-labelledby=\"elementor-tab-title-9511\"><p>(Dudas relacionadas con MEF, Microempresa comprendida por todo tipo de prestaciones de servicios o producciones de bienes, haciendo uso de su domicilio como base de operaciones)<\/p><p><strong>REQUISITOS:<\/strong><br \/>1.- Realizar entrevista con Encargado de Fomento Productivo.<\/p><p><strong>ANTECEDENTES:<\/strong><br \/>1.-Completar formulario de registro.<br \/>______<br \/><strong>TR\u00c1MITES A REALIZAR O ETAPAS:<\/strong><br \/>1.-Ingreso de solicitud.<br \/>2.-Entrega de Formularios e informaci\u00f3n general.<br \/>_____<br \/><strong>VALOR:<\/strong><br \/>Gratuito<br \/>_____<br \/><strong>LUGAR DONDE SE REALIZA:<\/strong><br \/>En la Oficina de Fomento Productivo, Municipalidad de La Cruz Gabriela Mistral 03.<\/p><\/div>\n\t\t\t\t<\/div>\n\t\t\t\t\t\t\t<div class=\"elementor-toggle-item\">\n\t\t\t\t\t<div id=\"elementor-tab-title-9512\" class=\"elementor-tab-title\" data-tab=\"2\" role=\"button\" aria-controls=\"elementor-tab-content-9512\" aria-expanded=\"false\">\n\t\t\t\t\t\t\t\t\t\t\t\t<span class=\"elementor-toggle-icon elementor-toggle-icon-right\" aria-hidden=\"true\">\n\t\t\t\t\t\t\t\t\t\t\t\t\t\t\t<span class=\"elementor-toggle-icon-closed\"><i class=\"fas fa-caret-right\"><\/i><\/span>\n\t\t\t\t\t\t\t\t<span class=\"elementor-toggle-icon-opened\"><i class=\"elementor-toggle-icon-opened fas fa-caret-up\"><\/i><\/span>\n\t\t\t\t\t\t\t\t\t\t\t\t\t<\/span>\n\t\t\t\t\t\t\t\t\t\t\t\t<a class=\"elementor-toggle-title\" tabindex=\"0\">Cursos de Capacitaci\u00f3n<\/a>\n\t\t\t\t\t<\/div>\n\n\t\t\t\t\t<div id=\"elementor-tab-content-9512\" class=\"elementor-tab-content elementor-clearfix\" data-tab=\"2\" role=\"region\" aria-labelledby=\"elementor-tab-title-9512\"><p>(Herramienta que permite la obtenci\u00f3n de mejoras notables, tanto personales como profesionales)<\/p><p><strong>REQUISITOS:<\/strong><br \/>1.-Realizar entrevista con Encargado de Fomento Productivo.<\/p><p><strong>ANTECEDENTES:<\/strong><br \/>1.-Completar formulario de registro.<br \/>______<br \/><strong>TR\u00c1MITES A REALIZAR O ETAPAS:<\/strong><br \/>1.-El interesado debe dirigirse a la municipalidad donde se debe entrevistar con el Encargado de fomento productivo.<br \/>2.- Se debe completar formulario de registro; indicando nombre, direcci\u00f3n, tel\u00e9fono y correo electr\u00f3nico.<br \/>_____<br \/><strong>VALOR:<\/strong><br \/>Gratuito<br \/>_____<br \/><strong>LUGAR DONDE SE REALIZA:<\/strong><br \/>En la Oficina de Fomento Productivo, Municipalidad de La Cruz Gabriela Mistral 03.<\/p><\/div>\n\t\t\t\t<\/div>\n\t\t\t\t\t\t\t<div class=\"elementor-toggle-item\">\n\t\t\t\t\t<div id=\"elementor-tab-title-9513\" class=\"elementor-tab-title\" data-tab=\"3\" role=\"button\" aria-controls=\"elementor-tab-content-9513\" aria-expanded=\"false\">\n\t\t\t\t\t\t\t\t\t\t\t\t<span class=\"elementor-toggle-icon elementor-toggle-icon-right\" aria-hidden=\"true\">\n\t\t\t\t\t\t\t\t\t\t\t\t\t\t\t<span class=\"elementor-toggle-icon-closed\"><i class=\"fas fa-caret-right\"><\/i><\/span>\n\t\t\t\t\t\t\t\t<span class=\"elementor-toggle-icon-opened\"><i class=\"elementor-toggle-icon-opened fas fa-caret-up\"><\/i><\/span>\n\t\t\t\t\t\t\t\t\t\t\t\t\t<\/span>\n\t\t\t\t\t\t\t\t\t\t\t\t<a class=\"elementor-toggle-title\" tabindex=\"0\">Programa de desarrollo agr\u00edcola local (prodesal)<\/a>\n\t\t\t\t\t<\/div>\n\n\t\t\t\t\t<div id=\"elementor-tab-content-9513\" class=\"elementor-tab-content elementor-clearfix\" data-tab=\"3\" role=\"region\" aria-labelledby=\"elementor-tab-title-9513\"><p>(Se considera parte del servicio entregado por la oficina de fomento productivo. Es un programa de asesor\u00eda t\u00e9cnica, que brinda apoyo en terreno a los agricultores, entregando conocimientos t\u00e9cnicos relacionados a sus rubros agr\u00edcolas como tambi\u00e9n, d\u00e1ndoles la posibilidad a los usuarios de postular a proyectos de car\u00e1cter productivo. Gestiones y coordinaci\u00f3n de capacitaciones, giras t\u00e9cnicas, cursos entre otros, tambi\u00e9n son parte de los beneficios entregados por prodesal a sus beneficiarios. El programa busca el bienestar de la familia campesina, en todos sus aspectos, tanto econ\u00f3micos como tambi\u00e9n sociales)<\/p><p><strong>REQUISITOS:<\/strong><br \/>1.-Ser peque\u00f1o agricultor.<br \/>2.- Trabajar la tierra y vivir en gran parte de las ganancias obtenidas de \u00e9sta.<br \/>3.-Tener bajo el 70% en el Registro social de hogares.<\/p><p><strong>ANTECEDENTES:<\/strong><br \/>1.-Tener un documento legal que avale, que es agricultor y trabaje una cierta superficie, que no supere app. las 4 hect\u00e1reas de riego b\u00e1sico.<br \/>______<br \/><strong>TR\u00c1MITES A REALIZAR O ETAPAS:<\/strong><br \/>Postulaci\u00f3n directamente en agencia de \u00e1rea Indap Quillota, entregando el Rut. En caso de pasar esta primera etapa, quedar\u00e1 en lista de espera, para cuando se genere un cupo en el prodesal, pueda hacer ingreso. Antes de esto \u00faltimo, deber\u00e1 ser visitado en terreno, por ejecutiva de Indap, para certificar su condici\u00f3n de usuaria.<br \/>_____<br \/><strong>VALOR:<\/strong><br \/>Gratuito<br \/>_____<br \/><strong>LUGAR DONDE SE REALIZA:<\/strong><br \/>Se atiende en oficina Prodesal de La Cruz, Gabriela Mistral 03.<\/p><\/div>\n\t\t\t\t<\/div>\n\t\t\t\t\t\t\t<div class=\"elementor-toggle-item\">\n\t\t\t\t\t<div id=\"elementor-tab-title-9514\" class=\"elementor-tab-title\" data-tab=\"4\" role=\"button\" aria-controls=\"elementor-tab-content-9514\" aria-expanded=\"false\">\n\t\t\t\t\t\t\t\t\t\t\t\t<span class=\"elementor-toggle-icon elementor-toggle-icon-right\" aria-hidden=\"true\">\n\t\t\t\t\t\t\t\t\t\t\t\t\t\t\t<span class=\"elementor-toggle-icon-closed\"><i class=\"fas fa-caret-right\"><\/i><\/span>\n\t\t\t\t\t\t\t\t<span class=\"elementor-toggle-icon-opened\"><i class=\"elementor-toggle-icon-opened fas fa-caret-up\"><\/i><\/span>\n\t\t\t\t\t\t\t\t\t\t\t\t\t<\/span>\n\t\t\t\t\t\t\t\t\t\t\t\t<a class=\"elementor-toggle-title\" tabindex=\"0\">Postulaci\u00f3n a Proyectos de Fondos Concursables<\/a>\n\t\t\t\t\t<\/div>\n\n\t\t\t\t\t<div id=\"elementor-tab-content-9514\" class=\"elementor-tab-content elementor-clearfix\" data-tab=\"4\" role=\"region\" aria-labelledby=\"elementor-tab-title-9514\"><p>(Solicitar uno de los fondos concursables disponibles los cuales consisten en la entrega de recursos, debiendo cumplir para ello con las fechas y requisitos estipulados)<\/p><p><strong>REQUISITOS:<\/strong><br \/>1.-Completar formulario Plan de Negocio en fondo Crece, Abeja ,Semilla y Fosis( Este \u00faltimo solo mes de Marzo)<br \/>2.- Realizar postulaciones con el funcionario Encargado de Fomento Productivo del Municipio.<\/p><p><strong>ANTECEDENTES:<\/strong><br \/>1.- Presentar documentaci\u00f3n del Registro Social de Hogares que acredite pertenecer al 40%.<br \/>______<br \/><strong>TR\u00c1MITES A REALIZAR O ETAPAS:<\/strong><br \/>1.-Ingreso de solicitud.<br \/>2.-Revisi\u00f3n de Formato.<br \/>3.-Explicaci\u00f3n de Proyecto.<br \/>4.-Seguimiento.<br \/>_____<br \/><strong>VALOR:<\/strong><br \/>Gratuito<br \/>_____<br \/><strong>LUGAR DONDE SE REALIZA:<\/strong><br \/>En la Oficina de Fomento Productivo del Municipio. Gabriela Mistral 03.<\/p><\/div>\n\t\t\t\t<\/div>\n\t\t\t\t\t\t\t\t<\/div>\n\t\t\t\t\t\t<\/div>\n\t\t\t\t<\/div>\n\t\t\t\t\t<\/div>\n\t\t<\/div>\n\t\t\t\t\t<\/div>\n\t\t<\/section>\n\t\t\t\t<\/div>\n\t\t","protected":false},"excerpt":{"rendered":"<p>TR\u00c1MITES EMPRENDIMIENTO Ac\u00e1 te mostramos los Tr\u00e1mites que puedes realizar EN OFICINA FOMENTO PRODUCTIVO Consultas sobre Conformaci\u00f3n de Microempresa Familiar(MEF). (Dudas relacionadas con MEF, Microempresa comprendida por todo tipo de prestaciones de servicios o producciones de bienes, haciendo uso de su domicilio como base de operaciones) REQUISITOS:1.- Realizar entrevista con Encargado de Fomento Productivo. ANTECEDENTES:1.-Completar [&hellip;]<\/p>\n","protected":false},"author":6,"featured_media":0,"parent":32,"menu_order":0,"comment_status":"closed","ping_status":"closed","template":"elementor_header_footer","meta":{"site-sidebar-layout":"no-sidebar","site-content-layout":"page-builder","ast-site-content-layout":"default","site-content-style":"default","site-sidebar-style":"default","ast-global-header-display":"","ast-banner-title-visibility":"","ast-main-header-display":"","ast-hfb-above-header-display":"","ast-hfb-below-header-display":"","ast-hfb-mobile-header-display":"","site-post-title":"disabled","ast-breadcrumbs-content":"","ast-featured-img":"disabled","footer-sml-layout":"","ast-disable-related-posts":"","theme-transparent-header-meta":"default","adv-header-id-meta":"","stick-header-meta":"","header-above-stick-meta":"","header-main-stick-meta":"","header-below-stick-meta":"","astra-migrate-meta-layouts":"default","ast-page-background-enabled":"default","ast-page-background-meta":{"desktop":{"background-color":"var(--ast-global-color-4)","background-image":"","background-repeat":"repeat","background-position":"center center","background-size":"auto","background-attachment":"scroll","background-type":"","background-media":"","overlay-type":"","overlay-color":"","overlay-opacity":"","overlay-gradient":""},"tablet":{"background-color":"","background-image":"","background-repeat":"repeat","background-position":"center center","background-size":"auto","background-attachment":"scroll","background-type":"","background-media":"","overlay-type":"","overlay-color":"","overlay-opacity":"","overlay-gradient":""},"mobile":{"background-color":"","background-image":"","background-repeat":"repeat","background-position":"center center","background-size":"auto","background-attachment":"scroll","background-type":"","background-media":"","overlay-type":"","overlay-color":"","overlay-opacity":"","overlay-gradient":""}},"ast-content-background-meta":{"desktop":{"background-color":"var(--ast-global-color-5)","background-image":"","background-repeat":"repeat","background-position":"center center","background-size":"auto","background-attachment":"scroll","background-type":"","background-media":"","overlay-type":"","overlay-color":"","overlay-opacity":"","overlay-gradient":""},"tablet":{"background-color":"var(--ast-global-color-5)","background-image":"","background-repeat":"repeat","background-position":"center center","background-size":"auto","background-attachment":"scroll","background-type":"","background-media":"","overlay-type":"","overlay-color":"","overlay-opacity":"","overlay-gradient":""},"mobile":{"background-color":"var(--ast-global-color-5)","background-image":"","background-repeat":"repeat","background-position":"center center","background-size":"auto","background-attachment":"scroll","background-type":"","background-media":"","overlay-type":"","overlay-color":"","overlay-opacity":"","overlay-gradient":""}},"footnotes":""},"class_list":["post-3042","page","type-page","status-publish","hentry"],"_links":{"self":[{"href":"https:\/\/lacruz.cl\/a94a8fe5\/wp-json\/wp\/v2\/pages\/3042","targetHints":{"allow":["GET"]}}],"collection":[{"href":"https:\/\/lacruz.cl\/a94a8fe5\/wp-json\/wp\/v2\/pages"}],"about":[{"href":"https:\/\/lacruz.cl\/a94a8fe5\/wp-json\/wp\/v2\/types\/page"}],"author":[{"embeddable":true,"href":"https:\/\/lacruz.cl\/a94a8fe5\/wp-json\/wp\/v2\/users\/6"}],"replies":[{"embeddable":true,"href":"https:\/\/lacruz.cl\/a94a8fe5\/wp-json\/wp\/v2\/comments?post=3042"}],"version-history":[{"count":16,"href":"https:\/\/lacruz.cl\/a94a8fe5\/wp-json\/wp\/v2\/pages\/3042\/revisions"}],"predecessor-version":[{"id":3114,"href":"https:\/\/lacruz.cl\/a94a8fe5\/wp-json\/wp\/v2\/pages\/3042\/revisions\/3114"}],"up":[{"embeddable":true,"href":"https:\/\/lacruz.cl\/a94a8fe5\/wp-json\/wp\/v2\/pages\/32"}],"wp:attachment":[{"href":"https:\/\/lacruz.cl\/a94a8fe5\/wp-json\/wp\/v2\/media?parent=3042"}],"curies":[{"name":"wp","href":"https:\/\/api.w.org\/{rel}","templated":true}]}}