{"id":3028,"date":"2021-09-24T16:13:18","date_gmt":"2021-09-24T19:13:18","guid":{"rendered":"https:\/\/lacruz.cl\/a94a8fe5\/?page_id=3028"},"modified":"2023-07-12T11:22:40","modified_gmt":"2023-07-12T15:22:40","slug":"educacion","status":"publish","type":"page","link":"https:\/\/lacruz.cl\/a94a8fe5\/tramites\/educacion\/","title":{"rendered":"Tr\u00e1mites Educaci\u00f3n"},"content":{"rendered":"\t\t<div data-elementor-type=\"wp-page\" data-elementor-id=\"3028\" class=\"elementor elementor-3028\" data-elementor-post-type=\"page\">\n\t\t\t\t\t\t<section class=\"elementor-section elementor-top-section elementor-element elementor-element-de62937 elementor-section-content-middle elementor-section-boxed elementor-section-height-default elementor-section-height-default\" data-id=\"de62937\" data-element_type=\"section\" data-e-type=\"section\" data-settings=\"{&quot;background_background&quot;:&quot;classic&quot;}\">\n\t\t\t\t\t\t\t<div class=\"elementor-background-overlay\"><\/div>\n\t\t\t\t\t\t\t<div class=\"elementor-container elementor-column-gap-no\">\n\t\t\t\t\t<div class=\"elementor-column elementor-col-100 elementor-top-column elementor-element elementor-element-d855e49\" data-id=\"d855e49\" data-element_type=\"column\" data-e-type=\"column\">\n\t\t\t<div class=\"elementor-widget-wrap elementor-element-populated\">\n\t\t\t\t\t\t<div class=\"elementor-element elementor-element-1aab623 elementor-widget elementor-widget-heading\" data-id=\"1aab623\" data-element_type=\"widget\" data-e-type=\"widget\" data-widget_type=\"heading.default\">\n\t\t\t\t<div class=\"elementor-widget-container\">\n\t\t\t\t\t<h4 class=\"elementor-heading-title elementor-size-default\">TR\u00c1MITES EDUCACI\u00d3N<\/h4>\t\t\t\t<\/div>\n\t\t\t\t<\/div>\n\t\t\t\t<div class=\"elementor-element elementor-element-ca09fc1 elementor-widget elementor-widget-heading\" data-id=\"ca09fc1\" data-element_type=\"widget\" data-e-type=\"widget\" data-widget_type=\"heading.default\">\n\t\t\t\t<div class=\"elementor-widget-container\">\n\t\t\t\t\t<h5 class=\"elementor-heading-title elementor-size-default\">Ac\u00e1 te mostramos los Tr\u00e1mites que puedes realizar EN CADA ESTABLECIMIENTO EDUCACIONAL<\/h5>\t\t\t\t<\/div>\n\t\t\t\t<\/div>\n\t\t\t\t\t<\/div>\n\t\t<\/div>\n\t\t\t\t\t<\/div>\n\t\t<\/section>\n\t\t\t\t<section class=\"elementor-section elementor-top-section elementor-element elementor-element-d08b55e elementor-section-content-middle elementor-section-boxed elementor-section-height-default elementor-section-height-default\" data-id=\"d08b55e\" data-element_type=\"section\" data-e-type=\"section\">\n\t\t\t\t\t\t<div class=\"elementor-container elementor-column-gap-no\">\n\t\t\t\t\t<div class=\"elementor-column elementor-col-100 elementor-top-column elementor-element elementor-element-6092cb4\" data-id=\"6092cb4\" data-element_type=\"column\" data-e-type=\"column\">\n\t\t\t<div class=\"elementor-widget-wrap elementor-element-populated\">\n\t\t\t\t\t\t<div class=\"elementor-element elementor-element-717c8b8 elementor-widget elementor-widget-toggle\" data-id=\"717c8b8\" data-element_type=\"widget\" data-e-type=\"widget\" data-widget_type=\"toggle.default\">\n\t\t\t\t<div class=\"elementor-widget-container\">\n\t\t\t\t\t\t\t<div class=\"elementor-toggle\">\n\t\t\t\t\t\t\t<div class=\"elementor-toggle-item\">\n\t\t\t\t\t<div id=\"elementor-tab-title-1181\" class=\"elementor-tab-title\" data-tab=\"1\" role=\"button\" aria-controls=\"elementor-tab-content-1181\" aria-expanded=\"false\">\n\t\t\t\t\t\t\t\t\t\t\t\t<span class=\"elementor-toggle-icon elementor-toggle-icon-right\" aria-hidden=\"true\">\n\t\t\t\t\t\t\t\t\t\t\t\t\t\t\t<span class=\"elementor-toggle-icon-closed\"><i class=\"fas fa-caret-right\"><\/i><\/span>\n\t\t\t\t\t\t\t\t<span class=\"elementor-toggle-icon-opened\"><i class=\"elementor-toggle-icon-opened fas fa-caret-up\"><\/i><\/span>\n\t\t\t\t\t\t\t\t\t\t\t\t\t<\/span>\n\t\t\t\t\t\t\t\t\t\t\t\t<a class=\"elementor-toggle-title\" tabindex=\"0\">CERTIFICADO DE ALUMNO PRIORITARIO Y PREFERENTE<\/a>\n\t\t\t\t\t<\/div>\n\n\t\t\t\t\t<div id=\"elementor-tab-content-1181\" class=\"elementor-tab-content elementor-clearfix\" data-tab=\"1\" role=\"region\" aria-labelledby=\"elementor-tab-title-1181\"><p>(Certifica que la situaci\u00f3n socio-econ\u00f3mica de los hogares puede dificultar las posibilidades de enfrentar el proceso educativo)<\/p><p><strong>REQUISITOS:<\/strong><br \/>1.- Haber cursado alg\u00fan curso en alguno de los Colegios de la comuna de La Cruz.<\/p><p><strong>ANTECEDENTES:<\/strong><br \/>1.-Nombre Completo del Estudiante y R.U.T.<br \/>______<br \/><strong>TR\u00c1MITES A REALIZAR O ETAPAS:<\/strong><br \/>El apoderado debe asistir al Establecimiento Educacional con los datos requeridos para la emisi\u00f3n del certificado.<br \/>_____<br \/><strong>VALOR:<\/strong><br \/>Gratuito<br \/>_____<br \/><strong>LUGAR DONDE SE REALIZA:<\/strong><br \/>En cada Establecimiento Educacional. 1.- Colegio Mar\u00eda Alonso Chac\u00f3n, Simpson N\u00b0 18. Fono 332-321397. 2.- Colegio Leonardo Da Vinci, Calama N\u00b0 47. Fono 332-310983. 3.- Colegio Bolonia. Calle Dos N\u00b0 121 Pob. Bolonia. Fono 332-324310. 4.- Colegio Domingo Santa Cruz Wilson, Camino Pocochay S\/N. Fono 332-265765. Colegio Lo Rojas, Los Casta\u00f1os N\u00b0 01. Fono 332-316739<\/p><\/div>\n\t\t\t\t<\/div>\n\t\t\t\t\t\t\t<div class=\"elementor-toggle-item\">\n\t\t\t\t\t<div id=\"elementor-tab-title-1182\" class=\"elementor-tab-title\" data-tab=\"2\" role=\"button\" aria-controls=\"elementor-tab-content-1182\" aria-expanded=\"false\">\n\t\t\t\t\t\t\t\t\t\t\t\t<span class=\"elementor-toggle-icon elementor-toggle-icon-right\" aria-hidden=\"true\">\n\t\t\t\t\t\t\t\t\t\t\t\t\t\t\t<span class=\"elementor-toggle-icon-closed\"><i class=\"fas fa-caret-right\"><\/i><\/span>\n\t\t\t\t\t\t\t\t<span class=\"elementor-toggle-icon-opened\"><i class=\"elementor-toggle-icon-opened fas fa-caret-up\"><\/i><\/span>\n\t\t\t\t\t\t\t\t\t\t\t\t\t<\/span>\n\t\t\t\t\t\t\t\t\t\t\t\t<a class=\"elementor-toggle-title\" tabindex=\"0\">CERTIFICADO DE ALUMNO REGULAR<\/a>\n\t\t\t\t\t<\/div>\n\n\t\t\t\t\t<div id=\"elementor-tab-content-1182\" class=\"elementor-tab-content elementor-clearfix\" data-tab=\"2\" role=\"region\" aria-labelledby=\"elementor-tab-title-1182\"><p>(Documento que acredita que determinado estudiante se encuentra matriculado en una instituci\u00f3n o establecimiento educacional)<\/p><p><strong>REQUISITOS:<\/strong><br \/>1.- Haber cursado alg\u00fan a\u00f1o de estudios en alguno de los Colegios de la Comuna de La Cruz.<\/p><p><strong>ANTECEDENTES:<\/strong><br \/>1.-Nombre Completo del Estudiante.<br \/>2.- R.U.T y a\u00f1o del curso al cual se solicita el certificado.-<br \/>______<br \/><strong>TR\u00c1MITES A REALIZAR O ETAPAS:<\/strong><br \/>El apoderado debe asistir al Establecimiento Educacional con los datos requeridos para que en un plazo de 3 a 4 d\u00edas se recopile la informaci\u00f3n y se emita el certificado.<br \/>_____<br \/><strong>VALOR:<\/strong><br \/>Gratuito<br \/>_____<br \/><strong>LUGAR DONDE SE REALIZA:<\/strong><br \/>En cada Establecimiento Educacional. 1.- Colegio Mar\u00eda Alonso Chac\u00f3n, Simpson N\u00b0 18. Fono 332-321397. 2.- Colegio Leonardo Da Vinci, Calama N\u00b0 47. Fono 332-310983. 3.- Colegio Bolonia. Calle Dos N\u00b0 121 Pob. Bolonia. Fono 332-324310. 4.- Colegio Domingo Santa Cruz Wilson, Camino Pocochay S\/N. Fono 332-265765. Colegio Lo Rojas, Los Casta\u00f1os N\u00b0 01. Fono 332-316739<\/p><\/div>\n\t\t\t\t<\/div>\n\t\t\t\t\t\t\t<div class=\"elementor-toggle-item\">\n\t\t\t\t\t<div id=\"elementor-tab-title-1183\" class=\"elementor-tab-title\" data-tab=\"3\" role=\"button\" aria-controls=\"elementor-tab-content-1183\" aria-expanded=\"false\">\n\t\t\t\t\t\t\t\t\t\t\t\t<span class=\"elementor-toggle-icon elementor-toggle-icon-right\" aria-hidden=\"true\">\n\t\t\t\t\t\t\t\t\t\t\t\t\t\t\t<span class=\"elementor-toggle-icon-closed\"><i class=\"fas fa-caret-right\"><\/i><\/span>\n\t\t\t\t\t\t\t\t<span class=\"elementor-toggle-icon-opened\"><i class=\"elementor-toggle-icon-opened fas fa-caret-up\"><\/i><\/span>\n\t\t\t\t\t\t\t\t\t\t\t\t\t<\/span>\n\t\t\t\t\t\t\t\t\t\t\t\t<a class=\"elementor-toggle-title\" tabindex=\"0\">CERTIFICADO DE ESTUDIO<\/a>\n\t\t\t\t\t<\/div>\n\n\t\t\t\t\t<div id=\"elementor-tab-content-1183\" class=\"elementor-tab-content elementor-clearfix\" data-tab=\"3\" role=\"region\" aria-labelledby=\"elementor-tab-title-1183\"><p>(Acredita los estudios que una persona ha cursado y superado con \u00e9xito)<\/p><p><strong>REQUISITOS:<\/strong><br \/>1.- Haber cursado alg\u00fan a\u00f1o de estudio en Colegios de La Comuna de La Cruz.<\/p><p><strong>ANTECEDENTES:<\/strong><br \/>1.-Nombre Completo del Estudiante.<br \/>2.-R.U.T y a\u00f1o del curso al cual se solicita el certificado.-<br \/>______<br \/><strong>TR\u00c1MITES A REALIZAR O ETAPAS:<\/strong><br \/>El apoderado debe asistir al Establecimiento Educacional con los requisitos, donde en un plazo de 3 a 4 d\u00edas se recopila la informaci\u00f3n deseada y se emite el certificado.<br \/>_____<br \/><strong>VALOR:<\/strong><br \/>Gratuito<br \/>_____<br \/><strong>LUGAR DONDE SE REALIZA:<\/strong><br \/>En cada Establecimiento Educacional. 1.- Colegio Mar\u00eda Alonso Chac\u00f3n, Simpson N\u00b0 18. Fono 332-321397. 2.- Colegio Leonardo Da Vinci, Calama N\u00b0 47. Fono 332-310983. 3.- Colegio Bolonia. Calle Dos N\u00b0 121 Pob. Bolonia. Fono 332-324310. 4.- Colegio Domingo Santa Cruz Wilson, Camino Pocochay S\/N. Fono 332-265765. Colegio Lo Rojas, Los Casta\u00f1os N\u00b0 01. Fono 332-316739<\/p><\/div>\n\t\t\t\t<\/div>\n\t\t\t\t\t\t\t\t<\/div>\n\t\t\t\t\t\t<\/div>\n\t\t\t\t<\/div>\n\t\t\t\t\t<\/div>\n\t\t<\/div>\n\t\t\t\t\t<\/div>\n\t\t<\/section>\n\t\t\t\t<\/div>\n\t\t","protected":false},"excerpt":{"rendered":"<p>TR\u00c1MITES EDUCACI\u00d3N Ac\u00e1 te mostramos los Tr\u00e1mites que puedes realizar EN CADA ESTABLECIMIENTO EDUCACIONAL CERTIFICADO DE ALUMNO PRIORITARIO Y PREFERENTE (Certifica que la situaci\u00f3n socio-econ\u00f3mica de los hogares puede dificultar las posibilidades de enfrentar el proceso educativo) REQUISITOS:1.- Haber cursado alg\u00fan curso en alguno de los Colegios de la comuna de La Cruz. ANTECEDENTES:1.-Nombre Completo [&hellip;]<\/p>\n","protected":false},"author":6,"featured_media":0,"parent":32,"menu_order":0,"comment_status":"closed","ping_status":"closed","template":"elementor_header_footer","meta":{"site-sidebar-layout":"no-sidebar","site-content-layout":"page-builder","ast-site-content-layout":"default","site-content-style":"default","site-sidebar-style":"default","ast-global-header-display":"","ast-banner-title-visibility":"","ast-main-header-display":"","ast-hfb-above-header-display":"","ast-hfb-below-header-display":"","ast-hfb-mobile-header-display":"","site-post-title":"disabled","ast-breadcrumbs-content":"","ast-featured-img":"disabled","footer-sml-layout":"","ast-disable-related-posts":"","theme-transparent-header-meta":"default","adv-header-id-meta":"","stick-header-meta":"","header-above-stick-meta":"","header-main-stick-meta":"","header-below-stick-meta":"","astra-migrate-meta-layouts":"default","ast-page-background-enabled":"default","ast-page-background-meta":{"desktop":{"background-color":"var(--ast-global-color-4)","background-image":"","background-repeat":"repeat","background-position":"center center","background-size":"auto","background-attachment":"scroll","background-type":"","background-media":"","overlay-type":"","overlay-color":"","overlay-opacity":"","overlay-gradient":""},"tablet":{"background-color":"","background-image":"","background-repeat":"repeat","background-position":"center center","background-size":"auto","background-attachment":"scroll","background-type":"","background-media":"","overlay-type":"","overlay-color":"","overlay-opacity":"","overlay-gradient":""},"mobile":{"background-color":"","background-image":"","background-repeat":"repeat","background-position":"center center","background-size":"auto","background-attachment":"scroll","background-type":"","background-media":"","overlay-type":"","overlay-color":"","overlay-opacity":"","overlay-gradient":""}},"ast-content-background-meta":{"desktop":{"background-color":"var(--ast-global-color-5)","background-image":"","background-repeat":"repeat","background-position":"center center","background-size":"auto","background-attachment":"scroll","background-type":"","background-media":"","overlay-type":"","overlay-color":"","overlay-opacity":"","overlay-gradient":""},"tablet":{"background-color":"var(--ast-global-color-5)","background-image":"","background-repeat":"repeat","background-position":"center center","background-size":"auto","background-attachment":"scroll","background-type":"","background-media":"","overlay-type":"","overlay-color":"","overlay-opacity":"","overlay-gradient":""},"mobile":{"background-color":"var(--ast-global-color-5)","background-image":"","background-repeat":"repeat","background-position":"center center","background-size":"auto","background-attachment":"scroll","background-type":"","background-media":"","overlay-type":"","overlay-color":"","overlay-opacity":"","overlay-gradient":""}},"footnotes":""},"class_list":["post-3028","page","type-page","status-publish","hentry"],"_links":{"self":[{"href":"https:\/\/lacruz.cl\/a94a8fe5\/wp-json\/wp\/v2\/pages\/3028","targetHints":{"allow":["GET"]}}],"collection":[{"href":"https:\/\/lacruz.cl\/a94a8fe5\/wp-json\/wp\/v2\/pages"}],"about":[{"href":"https:\/\/lacruz.cl\/a94a8fe5\/wp-json\/wp\/v2\/types\/page"}],"author":[{"embeddable":true,"href":"https:\/\/lacruz.cl\/a94a8fe5\/wp-json\/wp\/v2\/users\/6"}],"replies":[{"embeddable":true,"href":"https:\/\/lacruz.cl\/a94a8fe5\/wp-json\/wp\/v2\/comments?post=3028"}],"version-history":[{"count":13,"href":"https:\/\/lacruz.cl\/a94a8fe5\/wp-json\/wp\/v2\/pages\/3028\/revisions"}],"predecessor-version":[{"id":3041,"href":"https:\/\/lacruz.cl\/a94a8fe5\/wp-json\/wp\/v2\/pages\/3028\/revisions\/3041"}],"up":[{"embeddable":true,"href":"https:\/\/lacruz.cl\/a94a8fe5\/wp-json\/wp\/v2\/pages\/32"}],"wp:attachment":[{"href":"https:\/\/lacruz.cl\/a94a8fe5\/wp-json\/wp\/v2\/media?parent=3028"}],"curies":[{"name":"wp","href":"https:\/\/api.w.org\/{rel}","templated":true}]}}