{"id":2986,"date":"2021-09-24T13:50:47","date_gmt":"2021-09-24T16:50:47","guid":{"rendered":"https:\/\/lacruz.cl\/a94a8fe5\/?page_id=2986"},"modified":"2024-10-29T13:58:43","modified_gmt":"2024-10-29T16:58:43","slug":"transito","status":"publish","type":"page","link":"https:\/\/lacruz.cl\/a94a8fe5\/tramites\/transito\/","title":{"rendered":"Tr\u00e1mites Tr\u00e1nsito"},"content":{"rendered":"\t\t<div data-elementor-type=\"wp-page\" data-elementor-id=\"2986\" class=\"elementor elementor-2986\" data-elementor-post-type=\"page\">\n\t\t\t\t\t\t<section class=\"elementor-section elementor-top-section elementor-element elementor-element-71e02e7 elementor-section-content-middle elementor-section-boxed elementor-section-height-default elementor-section-height-default\" data-id=\"71e02e7\" data-element_type=\"section\" data-e-type=\"section\" data-settings=\"{&quot;background_background&quot;:&quot;classic&quot;}\">\n\t\t\t\t\t\t\t<div class=\"elementor-background-overlay\"><\/div>\n\t\t\t\t\t\t\t<div class=\"elementor-container elementor-column-gap-no\">\n\t\t\t\t\t<div class=\"elementor-column elementor-col-100 elementor-top-column elementor-element elementor-element-73fe4c3\" data-id=\"73fe4c3\" data-element_type=\"column\" data-e-type=\"column\">\n\t\t\t<div class=\"elementor-widget-wrap elementor-element-populated\">\n\t\t\t\t\t\t<div class=\"elementor-element elementor-element-2b25c05 elementor-widget elementor-widget-heading\" data-id=\"2b25c05\" data-element_type=\"widget\" data-e-type=\"widget\" data-widget_type=\"heading.default\">\n\t\t\t\t<div class=\"elementor-widget-container\">\n\t\t\t\t\t<h4 class=\"elementor-heading-title elementor-size-default\">TR\u00c1MITES TR\u00c1NSITO<\/h4>\t\t\t\t<\/div>\n\t\t\t\t<\/div>\n\t\t\t\t<div class=\"elementor-element elementor-element-ae9991e elementor-widget elementor-widget-heading\" data-id=\"ae9991e\" data-element_type=\"widget\" data-e-type=\"widget\" data-widget_type=\"heading.default\">\n\t\t\t\t<div class=\"elementor-widget-container\">\n\t\t\t\t\t<h5 class=\"elementor-heading-title elementor-size-default\">Ac\u00e1 te mostramos los Tr\u00e1mites que puedes realizar EN TR\u00c1NSITO<\/h5>\t\t\t\t<\/div>\n\t\t\t\t<\/div>\n\t\t\t\t\t<\/div>\n\t\t<\/div>\n\t\t\t\t\t<\/div>\n\t\t<\/section>\n\t\t\t\t<section class=\"elementor-section elementor-top-section elementor-element elementor-element-568ab60 elementor-section-boxed elementor-section-height-default elementor-section-height-default\" data-id=\"568ab60\" data-element_type=\"section\" data-e-type=\"section\">\n\t\t\t\t\t\t<div class=\"elementor-container elementor-column-gap-default\">\n\t\t\t\t\t<div class=\"elementor-column elementor-col-100 elementor-top-column elementor-element elementor-element-159de99\" data-id=\"159de99\" data-element_type=\"column\" data-e-type=\"column\">\n\t\t\t<div class=\"elementor-widget-wrap elementor-element-populated\">\n\t\t\t\t\t\t<div class=\"elementor-element elementor-element-f0b4aec elementor-widget elementor-widget-text-editor\" data-id=\"f0b4aec\" data-element_type=\"widget\" data-e-type=\"widget\" data-widget_type=\"text-editor.default\">\n\t\t\t\t<div class=\"elementor-widget-container\">\n\t\t\t\t\t\t\t\t\t<p><span style=\"color: #993366;\">DEPARTAMENTO DE TR\u00c1NSITO<\/span><\/p>\n<h3 dir=\"ltr\">&nbsp;<\/h3>\n<p dir=\"ltr\"><strong>PARA SOLICITAR CUALQUIER TR\u00c1MITE LLEGAR 30 minutos ANTES DEL HORARIO DE CIERRE PARA PODER EFECTUAR EL TR\u00c1MITE COMPLETO.&nbsp;<\/strong><\/p>\n<h3 dir=\"ltr\">&nbsp;<\/h3>\n<h3 dir=\"ltr\"><span style=\"text-decoration: underline; color: #993366;\"><strong>LICENCIAS DE CONDUCIR<br><\/strong><\/span><\/h3>\n<h4 dir=\"ltr\" style=\"text-align: left;\">PARA OBTENER O RENOVAR TU LICENCIA DEBES ACERCARTE A SOLICITAR HORA PREVIA DE MANERA PRESENCIAL DE LUNES A VIERNES DE 08:30 A 12:00 HRS. SER\u00c1 AGENDANDO A LA FECHA PR\u00d3XIMA POSIBLE.<\/h4>\n<p dir=\"ltr\"><span style=\"text-decoration: underline;\"><strong>REQUISITOS RENOVACI\u00d3N LICENCIAS DE CONDUCIR<\/strong><\/span><\/p>\n<ul>\n<li dir=\"ltr\" aria-level=\"1\">\n<p dir=\"ltr\" role=\"presentation\">Fotocopia de la c\u00e9dula de identidad vigente (por ambos lados)<\/p>\n<\/li>\n<li dir=\"ltr\" aria-level=\"1\">\n<p dir=\"ltr\" role=\"presentation\">Licencia de conducir anterior<\/p>\n<\/li>\n<li dir=\"ltr\" aria-level=\"1\">\n<p dir=\"ltr\" role=\"presentation\">En caso de padecer alguna enfermedad cr\u00f3nica, traer certificado del m\u00e9dico tratante.<\/p>\n<\/li>\n<\/ul>\n<p dir=\"ltr\"><strong>LAS FOTOGRAF\u00cdAS SE TOMAN EN EL DEPARTAMENTO DE TR\u00c1NSITO.<\/strong> Los procesos de entrega de Licencias se demoran aproximadamente&nbsp;2 horas.<\/p>\n<p dir=\"ltr\">El dinero previamente cancelado no ser\u00e1 devuelto si usted no asiste o no avisa de su inasistencia.<\/p>\n<p dir=\"ltr\">LA ATENCI\u00d3N ES POR ORDEN DE LLEGADA, se ruega puntualidad.<\/p>\n<p dir=\"ltr\"><span style=\"text-decoration: underline;\"><strong>REQUISITOS PARA DUPLICADO\/EXTRAV\u00cdO DE LICENCIA&nbsp; (ORD.2414 MTT \u2013 DICT.48618 CGR)<\/strong><\/span><\/p>\n<ul>\n<li dir=\"ltr\" aria-level=\"1\">\n<p dir=\"ltr\" role=\"presentation\">C\u00e9dula de Identidad VIGENTE<\/p>\n<\/li>\n<li dir=\"ltr\" aria-level=\"1\">\n<p dir=\"ltr\" role=\"presentation\">Los procesos de obtenci\u00f3n de duplicado son de 8:30 a 12:00\u202fam&nbsp;<\/p>\n<\/li>\n<li dir=\"ltr\" aria-level=\"1\">\n<p dir=\"ltr\" role=\"presentation\">Atenci\u00f3n por orden de llegada.<\/p>\n<\/li>\n<\/ul>\n<p dir=\"ltr\"><span style=\"text-decoration: underline;\"><strong>OBTENCI\u00d3N LICENCIA PROFESIONAL&nbsp;<\/strong><\/span><\/p>\n<ul>\n<li dir=\"ltr\" aria-level=\"1\">\n<p dir=\"ltr\" role=\"presentation\">Certificado de Escuela de Conductores Profesionales (original)<\/p>\n<\/li>\n<li dir=\"ltr\" aria-level=\"1\">\n<p dir=\"ltr\" role=\"presentation\">Certificado de residencia (Junta de vecinos)<\/p>\n<\/li>\n<li dir=\"ltr\" aria-level=\"1\">\n<p dir=\"ltr\" role=\"presentation\">Fotocopia c\u00e9dula de identidad vigente (por ambos lados)<\/p>\n<\/li>\n<li dir=\"ltr\" aria-level=\"1\">\n<p dir=\"ltr\" role=\"presentation\">Licencia de conducir anterior&nbsp;<\/p>\n<\/li>\n<\/ul>\n<p dir=\"ltr\">Estudiar MANUAL CONDUCTOR PROFESIONAL. WWW.CONASET.CL<\/p>\n<p dir=\"ltr\"><strong>LAS FOTOGRAF\u00cdAS SE TOMAN EN EL DEPARTAMENTO DE TR\u00c1NSITO.<\/strong> Los procesos de entrega de Licencias se demoran m\u00ednimo 2 horas.<\/p>\n<p dir=\"ltr\">Examen Pr\u00e1ctico una vez aprobados ex\u00e1menes Te\u00f3rico y Psicot\u00e9cnico SE COORDINA CON EVALUADOR PRACTICO. Traer Veh\u00edculo correspondiente<\/p>\n<p dir=\"ltr\"><span style=\"text-decoration: underline;\"><strong>OBTENCI\u00d3N DE LICENCIA MENOR DE EDAD<\/strong><\/span>&nbsp;<\/p>\n<ul>\n<li dir=\"ltr\" aria-level=\"1\">\n<p dir=\"ltr\" role=\"presentation\">Certificado de Estudio, 8\u00b0 B\u00e1sico Aprobado como m\u00ednimo (Original o Fot. Legalizada)<\/p>\n<\/li>\n<li dir=\"ltr\" aria-level=\"1\">\n<p dir=\"ltr\" role=\"presentation\">Certificado de residencia (Junta de vecinos)<\/p>\n<\/li>\n<li dir=\"ltr\" aria-level=\"1\">\n<p dir=\"ltr\" role=\"presentation\">Fotocopia de c\u00e9dula de identidad vigente (por ambos lados)<\/p>\n<\/li>\n<li dir=\"ltr\" aria-level=\"1\">\n<p dir=\"ltr\" role=\"presentation\">Certificado de Nacimiento.<\/p>\n<\/li>\n<li dir=\"ltr\" aria-level=\"1\">\n<p dir=\"ltr\" role=\"presentation\">Certificado curso de conducir Aprobado.<\/p>\n<\/li>\n<li dir=\"ltr\" aria-level=\"1\">\n<p dir=\"ltr\" role=\"presentation\">Autorizaci\u00f3n de ambos padres o tutor legal (Declaraci\u00f3n jurada ante notario)<\/p>\n<\/li>\n<\/ul>\n<p dir=\"ltr\"><strong>LAS FOTOGRAF\u00cdAS SE TOMAN EN EL DEPARTAMENTO DE TR\u00c1NSITO<\/strong>. Los procesos de entrega de Licencias se demoran aproximadamente 2 horas.<\/p>\n<p dir=\"ltr\">Examen Pr\u00e1ctico una vez aprobados ex\u00e1menes Te\u00f3rico y Psicot\u00e9cnico SE COORDINA CON EVALUADOR PRACTICO. Traer Veh\u00edculo correspondiente<\/p>\n<p dir=\"ltr\"><span style=\"text-decoration: underline;\"><strong>OBTENCI\u00d3N DE LICENCIA PRIMERA VEZ CLASE B \/ C<\/strong><\/span><\/p>\n<ul>\n<li dir=\"ltr\" aria-level=\"1\">\n<p dir=\"ltr\" role=\"presentation\">Certificado de Estudio, 8\u00b0 B\u00e1sico Aprobado como m\u00ednimo (Original o Fot. Legalizada)<\/p>\n<\/li>\n<li dir=\"ltr\" aria-level=\"1\">\n<p dir=\"ltr\" role=\"presentation\">Certificado de residencia en La Cruz &nbsp; (junta de vecinos o directiva de condominio)<\/p>\n<\/li>\n<li dir=\"ltr\" aria-level=\"1\">\n<p dir=\"ltr\" role=\"presentation\">Fotocopia de c\u00e9dula de identidad vigente (por ambos lados)<\/p>\n<\/li>\n<li dir=\"ltr\" aria-level=\"1\">\n<p dir=\"ltr\" role=\"presentation\">Licencia de Conducir anterior, si corresponde.<\/p>\n<\/li>\n<\/ul>\n<p dir=\"ltr\"><span style=\"text-decoration: underline;\"><strong>OBTENCI\u00d3N DE LICENCIA DE CONDUCIR EXTRANJEROS<\/strong><\/span><\/p>\n<ul>\n<li dir=\"ltr\" aria-level=\"1\">\n<p dir=\"ltr\" role=\"presentation\">Certificado de Estudio, 8\u00b0 B\u00e1sico LABORAL, Aprobado como m\u00ednimo (Original o Fot. Legalizada)<\/p>\n<\/li>\n<li dir=\"ltr\" aria-level=\"1\">\n<p dir=\"ltr\" role=\"presentation\">En caso de tener t\u00edtulo Profesional acreditar en el departamento provincial de educaci\u00f3n.<\/p>\n<\/li>\n<li dir=\"ltr\" aria-level=\"1\">\n<p dir=\"ltr\" role=\"presentation\">Fotocopia de c\u00e9dula de identidad vigente (por ambos lados)<\/p>\n<\/li>\n<li dir=\"ltr\" aria-level=\"1\">\n<p dir=\"ltr\" role=\"presentation\">Tener residencia en la comuna<\/p>\n<\/li>\n<\/ul>\n<p dir=\"ltr\"><strong>LAS FOTOGRAF\u00cdAS SE TOMAN EN EL DEPARTAMENTO DE TR\u00c1NSITO<\/strong>. Los procesos de entrega de Licencias se demoran aproximadamente&nbsp;2 horas.<\/p>\n<p dir=\"ltr\">Examen Pr\u00e1ctico una vez aprobado ex\u00e1menes Te\u00f3rico y Psicot\u00e9cnico SE COORDINA CON EVALUADOR PR\u00c1CTICO. Traer Veh\u00edculo correspondiente<\/p>\n<h3 dir=\"ltr\"><span style=\"color: #993366; text-decoration: underline; font-size: 1.75rem; font-family: var( --e-global-typography-text-font-family ), Sans-serif;\"><b>PERMISOS DE CIRCULACI\u00d3N MARZO 2024<\/b><\/span><\/h3>\n<div>\n<h5 dir=\"ltr\" style=\"font-style: normal;\"><b>HORARIO DE ATENCI\u00d3N&nbsp;<\/b><\/h5>\n<div><b>&nbsp;<\/b><\/div>\n<div><b>&nbsp;<\/b><\/div>\n<p><b>SEMANA 1 :(1 MARZO AL 3 MARZO)<\/b><\/p>\n<p><span style=\"color: var( --e-global-color-text ); font-family: var( --e-global-typography-text-font-family ), Sans-serif; font-style: inherit; font-weight: inherit;\">*Dias h\u00e1biles: 8:30 a 16:30 horas.<\/span><\/p>\n<p>* Fines de semana: 10:00 a 14:00 horas.<\/p>\n<p><b><span style=\"font-style: inherit; color: var( --e-global-color-text ); font-family: var( --e-global-typography-text-font-family ), Sans-serif;\">S<\/span><span style=\"font-style: inherit; color: var( --e-global-color-text ); font-family: var( --e-global-typography-text-font-family ), Sans-serif;\">EMANA 2 :(4 MARZO AL 10&nbsp; MARZO)<\/span><\/b><\/p>\n<p>*Dias h\u00e1biles: 8:30 a 17:30 horas.<\/p>\n<p>* Fines de semana: 10:00 a 14:00 horas.<\/p>\n<p><b>SEMANA 3 :(11 MARZO AL 17&nbsp; MARZO)<\/b><\/p>\n<p>*Dias h\u00e1biles: 8:30 a 19:00 horas.<\/p>\n<p>* Fines de semana: 10:00 a 17:00 horas.<\/p>\n<p><b>SEMANA 4 :(18 MARZO AL 24&nbsp; MARZO)<\/b><\/p>\n<p>*Dias h\u00e1biles: 8:30 a 20:00 horas.<\/p>\n<p>* Fines de semana: 09:00 a 18:00 horas.<\/p>\n<p><b>SEMANA 5 :(25 MARZO AL 31&nbsp; MARZO)<\/b><\/p>\n<p>*Dias h\u00e1biles: 8:30 a 20:00 horas.<\/p>\n<p>* Fines de semana: 08:30 a 20:00 horas<\/p>\n<p>PAGO WEB www.lacruz.cl<\/p>\n<\/div>\n<div>\n<p><b>Lugares de Pago:<\/b><\/p>\n<ul>\n<li>Punto Verde<\/li>\n<li>Santa Isabel La Cruz<\/li>\n<li>Frontis I. Municipalidad de la Cruz &nbsp;<\/li>\n<\/ul>\n<\/div>\n<div>&nbsp;<\/div>\n<h3 dir=\"ltr\"><span style=\"text-decoration: underline;\"><span style=\"color: #993366;\"><strong>PERMISOS DE CIRCULACI\u00d3N ABRIL A DICIEMBRE<\/strong><\/span><\/span><\/h3>\n<h5 dir=\"ltr\" style=\"text-align: left;\">HORARIO DE ATENCI\u00d3N PARA OBTENCI\u00d3N PERMISO DE CIRCULACI\u00d3N LUNES A VIERNES DE 08:30 A 13:00 HORAS<\/h5>\n<ul>\n<li dir=\"ltr\" aria-level=\"1\">\n<p dir=\"ltr\" role=\"presentation\">Atenci\u00f3n por orden de llegada&nbsp;<\/p>\n<\/li>\n<li dir=\"ltr\" aria-level=\"1\">\n<p dir=\"ltr\" role=\"presentation\">P\u00e1gina web solamente est\u00e1 habilitada para pagos, en los periodos correspondientes a los vencimientos.<\/p>\n<\/li>\n<li dir=\"ltr\" aria-level=\"1\">\n<p dir=\"ltr\" role=\"presentation\">Si est\u00e1 fuera de plazo, el pago debe gestionarse de forma PRESENCIAL.<\/p>\n<\/li>\n<li dir=\"ltr\" aria-level=\"1\">\n<p dir=\"ltr\" role=\"presentation\">EN CASO EXTREMO QUE SE ENCUENTRE EN REGIONES LEJANAS, DEBE ENVIAR UNA SOLICITUD EXPONIENDO SU CASO PARA GESTIONAR SU PAGO A&nbsp; <a href=\"mailto:TRANSITO@LACRUZ.CL\">TRANSITO@LACRUZ.CL<\/a> , EN EL CUAL PODR\u00c1 OBTENER UNA RESPUESTA DENTRO DE 5 D\u00cdAS H\u00c1BILES.<\/p>\n<\/li>\n<\/ul>\n<p dir=\"ltr\"><span style=\"text-decoration: underline;\"><strong>Renovaci\u00f3n de permiso de circulaci\u00f3n: (Traer impresos)<\/strong><\/span><\/p>\n<ul>\n<li dir=\"ltr\" aria-level=\"1\">\n<p dir=\"ltr\" role=\"presentation\">SOAP vigente&nbsp;<\/p>\n<\/li>\n<li dir=\"ltr\" aria-level=\"1\">\n<p dir=\"ltr\" role=\"presentation\">Revisi\u00f3n t\u00e9cnica y contaminantes&nbsp;<\/p>\n<\/li>\n<li dir=\"ltr\" aria-level=\"1\">\n<p dir=\"ltr\" role=\"presentation\">Permiso de circulaci\u00f3n&nbsp;<\/p>\n<\/li>\n<li dir=\"ltr\" aria-level=\"1\">\n<p dir=\"ltr\" role=\"presentation\">Padr\u00f3n vehicular&nbsp;<\/p>\n<\/li>\n<\/ul>\n<p dir=\"ltr\"><span style=\"text-decoration: underline;\"><strong>Duplicado de permiso de circulaci\u00f3n:<\/strong><\/span><\/p>\n<ul>\n<li dir=\"ltr\" aria-level=\"1\">\n<p dir=\"ltr\" role=\"presentation\">PADR\u00d3N VEHICULAR<\/p>\n<\/li>\n<\/ul>\n<p dir=\"ltr\"><span style=\"text-decoration: underline;\"><strong>INSCRIPCI\u00d3N DE VEH\u00cdCULO NUEVO&nbsp; (traer impresos)<\/strong><\/span><\/p>\n<ul>\n<li dir=\"ltr\" aria-level=\"1\">\n<p dir=\"ltr\" role=\"presentation\">Inscripci\u00f3n de veh\u00edculo en registro civil<\/p>\n<\/li>\n<li dir=\"ltr\" aria-level=\"1\">\n<p dir=\"ltr\" role=\"presentation\">Homologaci\u00f3n (revisi\u00f3n t\u00e9cnica)<\/p>\n<\/li>\n<li dir=\"ltr\" aria-level=\"1\">\n<p dir=\"ltr\" role=\"presentation\">Seguro obligatorio<\/p>\n<\/li>\n<li dir=\"ltr\" aria-level=\"1\">\n<p dir=\"ltr\" role=\"presentation\">Factura&nbsp;<\/p>\n<\/li>\n<\/ul>\t\t\t\t\t\t\t\t<\/div>\n\t\t\t\t<\/div>\n\t\t\t\t<div class=\"elementor-element elementor-element-c83217b elementor-widget elementor-widget-heading\" data-id=\"c83217b\" data-element_type=\"widget\" data-e-type=\"widget\" data-widget_type=\"heading.default\">\n\t\t\t\t<div class=\"elementor-widget-container\">\n\t\t\t\t\t<h2 class=\"elementor-heading-title elementor-size-default\">Conoce m\u00e1s sobre el Departamento de Tr\u00e1nsito:<\/h2>\t\t\t\t<\/div>\n\t\t\t\t<\/div>\n\t\t\t\t<div class=\"elementor-element elementor-element-2401512 elementor-widget elementor-widget-video\" data-id=\"2401512\" data-element_type=\"widget\" data-e-type=\"widget\" data-settings=\"{&quot;video_type&quot;:&quot;hosted&quot;,&quot;controls&quot;:&quot;yes&quot;}\" data-widget_type=\"video.default\">\n\t\t\t\t<div class=\"elementor-widget-container\">\n\t\t\t\t\t\t\t<div class=\"e-hosted-video elementor-wrapper elementor-open-inline\">\n\t\t\t\t\t<video class=\"elementor-video\" src=\"https:\/\/lacruz.cl\/a94a8fe5\/wp-content\/uploads\/2024\/04\/transito.mp4\" controls=\"\" preload=\"metadata\" controlsList=\"nodownload\"><\/video>\n\t\t\t\t<\/div>\n\t\t\t\t\t\t<\/div>\n\t\t\t\t<\/div>\n\t\t\t\t\t<\/div>\n\t\t<\/div>\n\t\t\t\t\t<\/div>\n\t\t<\/section>\n\t\t\t\t<section class=\"elementor-section elementor-top-section elementor-element elementor-element-32568b4 elementor-section-boxed elementor-section-height-default elementor-section-height-default\" data-id=\"32568b4\" data-element_type=\"section\" data-e-type=\"section\">\n\t\t\t\t\t\t<div class=\"elementor-container elementor-column-gap-default\">\n\t\t\t\t\t<div class=\"elementor-column elementor-col-100 elementor-top-column elementor-element elementor-element-2c87876\" data-id=\"2c87876\" data-element_type=\"column\" data-e-type=\"column\">\n\t\t\t<div class=\"elementor-widget-wrap\">\n\t\t\t\t\t\t\t<\/div>\n\t\t<\/div>\n\t\t\t\t\t<\/div>\n\t\t<\/section>\n\t\t\t\t<\/div>\n\t\t","protected":false},"excerpt":{"rendered":"<p>TR\u00c1MITES TR\u00c1NSITO Ac\u00e1 te mostramos los Tr\u00e1mites que puedes realizar EN TR\u00c1NSITO DEPARTAMENTO DE TR\u00c1NSITO &nbsp; PARA SOLICITAR CUALQUIER TR\u00c1MITE LLEGAR 30 minutos ANTES DEL HORARIO DE CIERRE PARA PODER EFECTUAR EL TR\u00c1MITE COMPLETO.&nbsp; &nbsp; LICENCIAS DE CONDUCIR PARA OBTENER O RENOVAR TU LICENCIA DEBES ACERCARTE A SOLICITAR HORA PREVIA DE MANERA PRESENCIAL DE LUNES [&hellip;]<\/p>\n","protected":false},"author":6,"featured_media":0,"parent":32,"menu_order":0,"comment_status":"closed","ping_status":"closed","template":"elementor_header_footer","meta":{"site-sidebar-layout":"no-sidebar","site-content-layout":"page-builder","ast-site-content-layout":"default","site-content-style":"default","site-sidebar-style":"default","ast-global-header-display":"","ast-banner-title-visibility":"","ast-main-header-display":"","ast-hfb-above-header-display":"","ast-hfb-below-header-display":"","ast-hfb-mobile-header-display":"","site-post-title":"disabled","ast-breadcrumbs-content":"","ast-featured-img":"disabled","footer-sml-layout":"","ast-disable-related-posts":"","theme-transparent-header-meta":"default","adv-header-id-meta":"","stick-header-meta":"","header-above-stick-meta":"","header-main-stick-meta":"","header-below-stick-meta":"","astra-migrate-meta-layouts":"default","ast-page-background-enabled":"default","ast-page-background-meta":{"desktop":{"background-color":"var(--ast-global-color-4)","background-image":"","background-repeat":"repeat","background-position":"center center","background-size":"auto","background-attachment":"scroll","background-type":"","background-media":"","overlay-type":"","overlay-color":"","overlay-opacity":"","overlay-gradient":""},"tablet":{"background-color":"","background-image":"","background-repeat":"repeat","background-position":"center center","background-size":"auto","background-attachment":"scroll","background-type":"","background-media":"","overlay-type":"","overlay-color":"","overlay-opacity":"","overlay-gradient":""},"mobile":{"background-color":"","background-image":"","background-repeat":"repeat","background-position":"center center","background-size":"auto","background-attachment":"scroll","background-type":"","background-media":"","overlay-type":"","overlay-color":"","overlay-opacity":"","overlay-gradient":""}},"ast-content-background-meta":{"desktop":{"background-color":"var(--ast-global-color-5)","background-image":"","background-repeat":"repeat","background-position":"center center","background-size":"auto","background-attachment":"scroll","background-type":"","background-media":"","overlay-type":"","overlay-color":"","overlay-opacity":"","overlay-gradient":""},"tablet":{"background-color":"var(--ast-global-color-5)","background-image":"","background-repeat":"repeat","background-position":"center center","background-size":"auto","background-attachment":"scroll","background-type":"","background-media":"","overlay-type":"","overlay-color":"","overlay-opacity":"","overlay-gradient":""},"mobile":{"background-color":"var(--ast-global-color-5)","background-image":"","background-repeat":"repeat","background-position":"center center","background-size":"auto","background-attachment":"scroll","background-type":"","background-media":"","overlay-type":"","overlay-color":"","overlay-opacity":"","overlay-gradient":""}},"footnotes":""},"class_list":["post-2986","page","type-page","status-publish","hentry"],"_links":{"self":[{"href":"https:\/\/lacruz.cl\/a94a8fe5\/wp-json\/wp\/v2\/pages\/2986","targetHints":{"allow":["GET"]}}],"collection":[{"href":"https:\/\/lacruz.cl\/a94a8fe5\/wp-json\/wp\/v2\/pages"}],"about":[{"href":"https:\/\/lacruz.cl\/a94a8fe5\/wp-json\/wp\/v2\/types\/page"}],"author":[{"embeddable":true,"href":"https:\/\/lacruz.cl\/a94a8fe5\/wp-json\/wp\/v2\/users\/6"}],"replies":[{"embeddable":true,"href":"https:\/\/lacruz.cl\/a94a8fe5\/wp-json\/wp\/v2\/comments?post=2986"}],"version-history":[{"count":73,"href":"https:\/\/lacruz.cl\/a94a8fe5\/wp-json\/wp\/v2\/pages\/2986\/revisions"}],"predecessor-version":[{"id":11921,"href":"https:\/\/lacruz.cl\/a94a8fe5\/wp-json\/wp\/v2\/pages\/2986\/revisions\/11921"}],"up":[{"embeddable":true,"href":"https:\/\/lacruz.cl\/a94a8fe5\/wp-json\/wp\/v2\/pages\/32"}],"wp:attachment":[{"href":"https:\/\/lacruz.cl\/a94a8fe5\/wp-json\/wp\/v2\/media?parent=2986"}],"curies":[{"name":"wp","href":"https:\/\/api.w.org\/{rel}","templated":true}]}}