{"id":2971,"date":"2021-09-24T13:22:42","date_gmt":"2021-09-24T16:22:42","guid":{"rendered":"https:\/\/lacruz.cl\/a94a8fe5\/?page_id=2971"},"modified":"2023-07-12T11:22:48","modified_gmt":"2023-07-12T15:22:48","slug":"transparencia","status":"publish","type":"page","link":"https:\/\/lacruz.cl\/a94a8fe5\/tramites\/transparencia\/","title":{"rendered":"Tr\u00e1mites Solicitud de acceso a Informaci\u00f3n"},"content":{"rendered":"\t\t<div data-elementor-type=\"wp-page\" data-elementor-id=\"2971\" class=\"elementor elementor-2971\" data-elementor-post-type=\"page\">\n\t\t\t\t\t\t<section class=\"elementor-section elementor-top-section elementor-element elementor-element-3b44e8b elementor-section-content-middle elementor-section-boxed elementor-section-height-default elementor-section-height-default\" data-id=\"3b44e8b\" data-element_type=\"section\" data-e-type=\"section\" data-settings=\"{&quot;background_background&quot;:&quot;classic&quot;}\">\n\t\t\t\t\t\t\t<div class=\"elementor-background-overlay\"><\/div>\n\t\t\t\t\t\t\t<div class=\"elementor-container elementor-column-gap-no\">\n\t\t\t\t\t<div class=\"elementor-column elementor-col-100 elementor-top-column elementor-element elementor-element-707c31f\" data-id=\"707c31f\" data-element_type=\"column\" data-e-type=\"column\">\n\t\t\t<div class=\"elementor-widget-wrap elementor-element-populated\">\n\t\t\t\t\t\t<div class=\"elementor-element elementor-element-25d7ecd elementor-widget elementor-widget-heading\" data-id=\"25d7ecd\" data-element_type=\"widget\" data-e-type=\"widget\" data-widget_type=\"heading.default\">\n\t\t\t\t<div class=\"elementor-widget-container\">\n\t\t\t\t\t<h4 class=\"elementor-heading-title elementor-size-default\">TR\u00c1MITES SOLICITUD DE ACCESOS A LA INFORMACI\u00d3N P\u00daBLICA V\u00cdA LEY DE TRANSPARENCIA<\/h4>\t\t\t\t<\/div>\n\t\t\t\t<\/div>\n\t\t\t\t<div class=\"elementor-element elementor-element-5f847c1 elementor-widget elementor-widget-heading\" data-id=\"5f847c1\" data-element_type=\"widget\" data-e-type=\"widget\" data-widget_type=\"heading.default\">\n\t\t\t\t<div class=\"elementor-widget-container\">\n\t\t\t\t\t<h5 class=\"elementor-heading-title elementor-size-default\">Ac\u00e1 te mostramos los tr\u00e1mites de Solicitud de Acceso a la Informaci\u00f3n P\u00fablica v\u00eda Ley de Transparencia\n......<\/h5>\t\t\t\t<\/div>\n\t\t\t\t<\/div>\n\t\t\t\t\t<\/div>\n\t\t<\/div>\n\t\t\t\t\t<\/div>\n\t\t<\/section>\n\t\t\t\t<section class=\"elementor-section elementor-top-section elementor-element elementor-element-34ce580a elementor-section-content-middle elementor-section-boxed elementor-section-height-default elementor-section-height-default\" data-id=\"34ce580a\" data-element_type=\"section\" data-e-type=\"section\">\n\t\t\t\t\t\t<div class=\"elementor-container elementor-column-gap-no\">\n\t\t\t\t\t<div class=\"elementor-column elementor-col-100 elementor-top-column elementor-element elementor-element-363e78ab\" data-id=\"363e78ab\" data-element_type=\"column\" data-e-type=\"column\">\n\t\t\t<div class=\"elementor-widget-wrap elementor-element-populated\">\n\t\t\t\t\t\t<div class=\"elementor-element elementor-element-10e69ead elementor-widget elementor-widget-toggle\" data-id=\"10e69ead\" data-element_type=\"widget\" data-e-type=\"widget\" data-widget_type=\"toggle.default\">\n\t\t\t\t<div class=\"elementor-widget-container\">\n\t\t\t\t\t\t\t<div class=\"elementor-toggle\">\n\t\t\t\t\t\t\t<div class=\"elementor-toggle-item\">\n\t\t\t\t\t<div id=\"elementor-tab-title-2831\" class=\"elementor-tab-title\" data-tab=\"1\" role=\"button\" aria-controls=\"elementor-tab-content-2831\" aria-expanded=\"false\">\n\t\t\t\t\t\t\t\t\t\t\t\t<span class=\"elementor-toggle-icon elementor-toggle-icon-right\" aria-hidden=\"true\">\n\t\t\t\t\t\t\t\t\t\t\t\t\t\t\t<span class=\"elementor-toggle-icon-closed\"><i class=\"fas fa-caret-right\"><\/i><\/span>\n\t\t\t\t\t\t\t\t<span class=\"elementor-toggle-icon-opened\"><i class=\"elementor-toggle-icon-opened fas fa-caret-up\"><\/i><\/span>\n\t\t\t\t\t\t\t\t\t\t\t\t\t<\/span>\n\t\t\t\t\t\t\t\t\t\t\t\t<a class=\"elementor-toggle-title\" tabindex=\"0\">Solicitud de acceso a informaci\u00f3n p\u00fablica v\u00eda Ley de Transparencia<\/a>\n\t\t\t\t\t<\/div>\n\n\t\t\t\t\t<div id=\"elementor-tab-content-2831\" class=\"elementor-tab-content elementor-clearfix\" data-tab=\"1\" role=\"region\" aria-labelledby=\"elementor-tab-title-2831\"><p><em><strong>REQUISITOS Y ANTECEDENTES:<\/strong><br \/>*Cualquier persona puede solicitar informaci\u00f3n a la municipalidad. <br \/>*Se pueden solicitar actos y resoluciones, sus fundamentos, los documentos que le sirven de sustento y complemento directo y esencial y los procedimientos que se utilicen para su dictaci\u00f3n. Se puede solicitar toda la informaci\u00f3n elaborada con presupuesto p\u00fablico. <br \/>*La Solicitud se debe realizar por escrito (en formato papel o digital) <br \/>*Debe incorporar nombre y apellidos del solicitante as\u00ed como su direcci\u00f3n. <br \/>*Se debe identificar claramente la informaci\u00f3n que se solicita (evitar ser gen\u00e9rico en la solicitud) <br \/>*Identificaci\u00f3n del organismo al que se efect\u00faa la solicitud. <br \/>*Firma del solicitante.<\/em><strong><br \/><\/strong>______<br \/><br \/><strong>TR\u00c1MITES A REALIZAR O ETAPAS:<\/strong><br \/>1.Si se busca realizar la solicitud v\u00eda internet se debe ingresar al formulario alojado en el link indicado en la columna \u00abtr\u00e1mite en l\u00ednea\u00bb. <br \/>2. Si se busca realizar la solicitud en forma presencial, se debe solicitar el formulario en el la municipalidad o descargar el formulario dispuesto en la columna \u00abInformaci\u00f3n Complementaria\u00bb o llevar una carta o documento directamente a la municipalidad. <br \/>3. Completar el formulario o carta con todos los datos indicados en la columna \u00abRequisitos y Antecedentes\u00bb. <br \/>4.Presentar la solicitud. 4A.Si es v\u00eda web, se debe enviar el formulario a trav\u00e9s de la p\u00e1gina indicada en la columna \u00abtr\u00e1mite en l\u00ednea\u00bb 4B.En el caso de los formularios en papel o cartas, estos se deben entregar en la Oficina de Informaciones, Reclamos y Sugerencias (OIRS) del municipio.<br \/>______<br \/><br \/><strong>VALOR:<\/strong> Gratuito<br \/>____<br \/><strong>LUGAR DONDE SE REALIZA:<\/strong> *Oficina de Informaciones, Reclamos y Sugerencias (OIRS) ubicada en acceso principal del edificio municipal. Gabriela Mistral N\u00ba3. Horario: 08:30 a 14:00 hrs. *Directamente en el link dispuesto en \u00abtr\u00e1mite en l\u00ednea\u00bb<br \/><br \/><a href=\"https:\/\/www.portaltransparencia.cl\/PortalPdT\/documents\/10179\/46756\/Formulario+Solicitud+de+informacion.pdf\/79d435cb-bf37-4b9a-a84e-cf1b38389cda\">Link de documento<\/a><\/p><\/div>\n\t\t\t\t<\/div>\n\t\t\t\t\t\t\t\t<\/div>\n\t\t\t\t\t\t<\/div>\n\t\t\t\t<\/div>\n\t\t\t\t\t<\/div>\n\t\t<\/div>\n\t\t\t\t\t<\/div>\n\t\t<\/section>\n\t\t\t\t<\/div>\n\t\t","protected":false},"excerpt":{"rendered":"<p>TR\u00c1MITES SOLICITUD DE ACCESOS A LA INFORMACI\u00d3N P\u00daBLICA V\u00cdA LEY DE TRANSPARENCIA Ac\u00e1 te mostramos los tr\u00e1mites de Solicitud de Acceso a la Informaci\u00f3n P\u00fablica v\u00eda Ley de Transparencia &#8230;&#8230; Solicitud de acceso a informaci\u00f3n p\u00fablica v\u00eda Ley de Transparencia REQUISITOS Y ANTECEDENTES: *Cualquier persona puede solicitar informaci\u00f3n a la municipalidad. *Se pueden solicitar actos [&hellip;]<\/p>\n","protected":false},"author":6,"featured_media":0,"parent":32,"menu_order":0,"comment_status":"closed","ping_status":"closed","template":"elementor_header_footer","meta":{"site-sidebar-layout":"no-sidebar","site-content-layout":"page-builder","ast-site-content-layout":"default","site-content-style":"default","site-sidebar-style":"default","ast-global-header-display":"","ast-banner-title-visibility":"","ast-main-header-display":"","ast-hfb-above-header-display":"","ast-hfb-below-header-display":"","ast-hfb-mobile-header-display":"","site-post-title":"disabled","ast-breadcrumbs-content":"","ast-featured-img":"disabled","footer-sml-layout":"","ast-disable-related-posts":"","theme-transparent-header-meta":"default","adv-header-id-meta":"","stick-header-meta":"","header-above-stick-meta":"","header-main-stick-meta":"","header-below-stick-meta":"","astra-migrate-meta-layouts":"default","ast-page-background-enabled":"default","ast-page-background-meta":{"desktop":{"background-color":"var(--ast-global-color-4)","background-image":"","background-repeat":"repeat","background-position":"center center","background-size":"auto","background-attachment":"scroll","background-type":"","background-media":"","overlay-type":"","overlay-color":"","overlay-opacity":"","overlay-gradient":""},"tablet":{"background-color":"","background-image":"","background-repeat":"repeat","background-position":"center center","background-size":"auto","background-attachment":"scroll","background-type":"","background-media":"","overlay-type":"","overlay-color":"","overlay-opacity":"","overlay-gradient":""},"mobile":{"background-color":"","background-image":"","background-repeat":"repeat","background-position":"center center","background-size":"auto","background-attachment":"scroll","background-type":"","background-media":"","overlay-type":"","overlay-color":"","overlay-opacity":"","overlay-gradient":""}},"ast-content-background-meta":{"desktop":{"background-color":"var(--ast-global-color-5)","background-image":"","background-repeat":"repeat","background-position":"center center","background-size":"auto","background-attachment":"scroll","background-type":"","background-media":"","overlay-type":"","overlay-color":"","overlay-opacity":"","overlay-gradient":""},"tablet":{"background-color":"var(--ast-global-color-5)","background-image":"","background-repeat":"repeat","background-position":"center center","background-size":"auto","background-attachment":"scroll","background-type":"","background-media":"","overlay-type":"","overlay-color":"","overlay-opacity":"","overlay-gradient":""},"mobile":{"background-color":"var(--ast-global-color-5)","background-image":"","background-repeat":"repeat","background-position":"center center","background-size":"auto","background-attachment":"scroll","background-type":"","background-media":"","overlay-type":"","overlay-color":"","overlay-opacity":"","overlay-gradient":""}},"footnotes":""},"class_list":["post-2971","page","type-page","status-publish","hentry"],"_links":{"self":[{"href":"https:\/\/lacruz.cl\/a94a8fe5\/wp-json\/wp\/v2\/pages\/2971","targetHints":{"allow":["GET"]}}],"collection":[{"href":"https:\/\/lacruz.cl\/a94a8fe5\/wp-json\/wp\/v2\/pages"}],"about":[{"href":"https:\/\/lacruz.cl\/a94a8fe5\/wp-json\/wp\/v2\/types\/page"}],"author":[{"embeddable":true,"href":"https:\/\/lacruz.cl\/a94a8fe5\/wp-json\/wp\/v2\/users\/6"}],"replies":[{"embeddable":true,"href":"https:\/\/lacruz.cl\/a94a8fe5\/wp-json\/wp\/v2\/comments?post=2971"}],"version-history":[{"count":6,"href":"https:\/\/lacruz.cl\/a94a8fe5\/wp-json\/wp\/v2\/pages\/2971\/revisions"}],"predecessor-version":[{"id":3252,"href":"https:\/\/lacruz.cl\/a94a8fe5\/wp-json\/wp\/v2\/pages\/2971\/revisions\/3252"}],"up":[{"embeddable":true,"href":"https:\/\/lacruz.cl\/a94a8fe5\/wp-json\/wp\/v2\/pages\/32"}],"wp:attachment":[{"href":"https:\/\/lacruz.cl\/a94a8fe5\/wp-json\/wp\/v2\/media?parent=2971"}],"curies":[{"name":"wp","href":"https:\/\/api.w.org\/{rel}","templated":true}]}}