{"id":13053,"date":"2025-05-26T16:11:16","date_gmt":"2025-05-26T20:11:16","guid":{"rendered":"https:\/\/lacruz.cl\/?page_id=13053"},"modified":"2025-05-26T18:14:27","modified_gmt":"2025-05-26T22:14:27","slug":"renueva-tu-patente-de-alcohol-y-certificado-de-distribucion-de-capital","status":"publish","type":"page","link":"https:\/\/lacruz.cl\/a94a8fe5\/renueva-tu-patente-de-alcohol-y-certificado-de-distribucion-de-capital\/","title":{"rendered":"Renueva tu Patente de Alcohol y Certificado de Distribuci\u00f3n de Capital."},"content":{"rendered":"\n<figure class=\"wp-block-image size-large is-resized\"><img loading=\"lazy\" decoding=\"async\" width=\"665\" height=\"1024\" src=\"https:\/\/lacruz.cl\/a94a8fe5\/wp-content\/uploads\/2025\/05\/RENUEVA-TU-PATENTE-DE-ALCOHOLES-665x1024.png\" alt=\"\" class=\"wp-image-13058\" style=\"width:900px;height:auto\" srcset=\"https:\/\/lacruz.cl\/a94a8fe5\/wp-content\/uploads\/2025\/05\/RENUEVA-TU-PATENTE-DE-ALCOHOLES-665x1024.png 665w, https:\/\/lacruz.cl\/a94a8fe5\/wp-content\/uploads\/2025\/05\/RENUEVA-TU-PATENTE-DE-ALCOHOLES-195x300.png 195w, https:\/\/lacruz.cl\/a94a8fe5\/wp-content\/uploads\/2025\/05\/RENUEVA-TU-PATENTE-DE-ALCOHOLES-768x1183.png 768w, https:\/\/lacruz.cl\/a94a8fe5\/wp-content\/uploads\/2025\/05\/RENUEVA-TU-PATENTE-DE-ALCOHOLES.png 943w\" sizes=\"auto, (max-width: 665px) 100vw, 665px\" \/><\/figure>\n\n\n\n<p class=\"has-ast-global-color-8-color has-text-color has-link-color wp-elements-8f01cb2f64d9f5a734147dcc3d1cb32a\"><strong>Para el segundo semestre del 2025<\/strong><\/p>\n\n\n\n<p class=\"has-ast-global-color-8-color has-text-color has-link-color wp-elements-64eaa5199a1c9c2aa6892116b6ea0adb\"><strong>\u00bfQu\u00e9 documentos debes presentar?<br>1- Formulario de Solicitud de renovaci\u00f3n de patentes de alcohol<br>2- Copia por ambos lados de c\u00e9dula de identidad del Titular de la Patente.<br>3- Declaraci\u00f3n Jurada Simple de no encontrarse afecto a inhabilidades<br>4- Declaraci\u00f3n Jurada Simple del inmueble<br>5- Informe de respectiva Junta de Vecinos.<br>6- Certificado de Antecedentes para fines especiales<br>7- Copia de Inscripci\u00f3n con Vigencia de la sociedad.<\/strong><\/p>\n\n\n\n<p class=\"has-ast-global-color-8-color has-text-color has-link-color wp-elements-6ffac90a64eb1fb1eb71e618b287a5d0\"><strong>\u00bfQu\u00e9 antecedentes necesito para la confecci\u00f3n de Distribuci\u00f3n de Capital?<\/strong><\/p>\n\n\n\n<p class=\"has-ast-global-color-8-color has-text-color has-link-color wp-elements-1d38fdd972763035aa95b79503554af7\"><strong>Solicitamos a las y los contribuyentes due\u00f1os de patente C.I.P.A que posean sucursales en otras comunas, presentar los siguientes antecedentes:<\/strong><\/p>\n\n\n\n<p class=\"has-ast-global-color-8-color has-text-color has-link-color wp-elements-a6ed3234e9d608025cf33b6b2da50e04\"><strong>-Solicitud de certificado de Distribuci\u00f3n<br>-Declarar trabajadores<br>-Declarar sucursal<\/strong><\/p>\n\n\n\n<p class=\"has-ast-global-color-8-color has-text-color has-link-color wp-elements-16e1f6d0edfb6414cd288f56ae2df65d\"><strong>El plazo de entrega de la documentaci\u00f3n es hasta el 15 de junio de 2025.<\/strong><\/p>\n\n\n\n<p class=\"has-ast-global-color-8-color has-text-color has-link-color wp-elements-e41d1d89dbbb804fcd97f93d556a2e49\"><strong>Ante cualquier duda o consulta puede escribir al correo rentasypatentes@lacruz.cl o al n\u00famero de tel\u00e9fono \u202a+569 7224 9464\u202c.<\/strong><\/p>\n\n\n\n<p class=\"has-ast-global-color-8-color has-text-color has-link-color wp-elements-339dd74ed0b483753c8a0e5062d7f151\"><strong>Debe tener en cuenta que no se recibir\u00e1n solicitudes por medios electr\u00f3nicos, por lo que este tr\u00e1mite debe ser realizado en forma personal por el contribuyente, en la oficina de Rentas, Patentes y Aseo de la Ilustre Municipalidad de La Cruz, ubicado en calle Gabriela Mistral N\u00b003, comuna de La Cruz (primer piso del edificio consistorial), donde deber\u00e1 completar los datos requeridos y, adem\u00e1s, adjuntar los documentos&nbsp;indicados<\/strong><\/p>\n\n\n\n<div class=\"wp-block-file\"><a id=\"wp-block-file--media-31c1b70b-ed8a-4f13-8342-10395418a1f3\" href=\"https:\/\/lacruz.cl\/a94a8fe5\/wp-content\/uploads\/2025\/05\/INFORME-JTA.-VECINOS.-RENV.-ALCOHOLES.pdf\">INFORME-JTA.-VECINOS.-RENV.-ALCOHOLES<\/a><a href=\"https:\/\/lacruz.cl\/a94a8fe5\/wp-content\/uploads\/2025\/05\/INFORME-JTA.-VECINOS.-RENV.-ALCOHOLES.pdf\" class=\"wp-block-file__button wp-element-button\" download aria-describedby=\"wp-block-file--media-31c1b70b-ed8a-4f13-8342-10395418a1f3\">Descarga<\/a><\/div>\n\n\n\n<div class=\"wp-block-file\"><a id=\"wp-block-file--media-7db3f411-e145-411b-882a-1dc4f79a3731\" href=\"https:\/\/lacruz.cl\/a94a8fe5\/wp-content\/uploads\/2025\/05\/FORMULARIO-TIPO-N-4-RENOVACION-PATENTE-DE-ALCOHOL-1.pdf\">FORMULARIO-TIPO-N-4-RENOVACION-PATENTE-DE-ALCOHOL-1<\/a><a href=\"https:\/\/lacruz.cl\/a94a8fe5\/wp-content\/uploads\/2025\/05\/FORMULARIO-TIPO-N-4-RENOVACION-PATENTE-DE-ALCOHOL-1.pdf\" class=\"wp-block-file__button wp-element-button\" download aria-describedby=\"wp-block-file--media-7db3f411-e145-411b-882a-1dc4f79a3731\">Descarga<\/a><\/div>\n\n\n\n<div class=\"wp-block-file\"><a id=\"wp-block-file--media-08107089-1b78-433c-b6f2-949ddb42c465\" href=\"https:\/\/lacruz.cl\/a94a8fe5\/wp-content\/uploads\/2025\/05\/DECLARACION-JURADA-INMUEBLE.pdf\">DECLARACI\u00d3N JURADA INMUEBLE<\/a><a href=\"https:\/\/lacruz.cl\/a94a8fe5\/wp-content\/uploads\/2025\/05\/DECLARACION-JURADA-INMUEBLE.pdf\" class=\"wp-block-file__button wp-element-button\" download aria-describedby=\"wp-block-file--media-08107089-1b78-433c-b6f2-949ddb42c465\">Descarga<\/a><\/div>\n\n\n\n<div class=\"wp-block-file\"><a id=\"wp-block-file--media-f1d6f90a-704e-4365-8a24-4f90c165b150\" href=\"https:\/\/lacruz.cl\/a94a8fe5\/wp-content\/uploads\/2025\/05\/DECLARACION-JURADA-INHABILIDADES.pdf\">DECLARACI\u00d3N JURADA INHABILIDADES<\/a><a href=\"https:\/\/lacruz.cl\/a94a8fe5\/wp-content\/uploads\/2025\/05\/DECLARACION-JURADA-INHABILIDADES.pdf\" class=\"wp-block-file__button wp-element-button\" download aria-describedby=\"wp-block-file--media-f1d6f90a-704e-4365-8a24-4f90c165b150\">Descarga<\/a><\/div>\n","protected":false},"excerpt":{"rendered":"<p>Para el segundo semestre del 2025 \u00bfQu\u00e9 documentos debes presentar?1- Formulario de Solicitud de renovaci\u00f3n de patentes de alcohol2- Copia por ambos lados de c\u00e9dula de identidad del Titular de la Patente.3- Declaraci\u00f3n Jurada Simple de no encontrarse afecto a inhabilidades4- Declaraci\u00f3n Jurada Simple del inmueble5- Informe de respectiva Junta de Vecinos.6- Certificado de Antecedentes [&hellip;]<\/p>\n","protected":false},"author":6,"featured_media":13067,"parent":0,"menu_order":0,"comment_status":"closed","ping_status":"closed","template":"","meta":{"site-sidebar-layout":"default","site-content-layout":"","ast-site-content-layout":"default","site-content-style":"default","site-sidebar-style":"default","ast-global-header-display":"","ast-banner-title-visibility":"","ast-main-header-display":"","ast-hfb-above-header-display":"","ast-hfb-below-header-display":"","ast-hfb-mobile-header-display":"","site-post-title":"","ast-breadcrumbs-content":"","ast-featured-img":"","footer-sml-layout":"","ast-disable-related-posts":"","theme-transparent-header-meta":"","adv-header-id-meta":"","stick-header-meta":"","header-above-stick-meta":"","header-main-stick-meta":"","header-below-stick-meta":"","astra-migrate-meta-layouts":"set","ast-page-background-enabled":"default","ast-page-background-meta":{"desktop":{"background-color":"var(--ast-global-color-4)","background-image":"","background-repeat":"repeat","background-position":"center center","background-size":"auto","background-attachment":"scroll","background-type":"","background-media":"","overlay-type":"","overlay-color":"","overlay-opacity":"","overlay-gradient":""},"tablet":{"background-color":"","background-image":"","background-repeat":"repeat","background-position":"center center","background-size":"auto","background-attachment":"scroll","background-type":"","background-media":"","overlay-type":"","overlay-color":"","overlay-opacity":"","overlay-gradient":""},"mobile":{"background-color":"","background-image":"","background-repeat":"repeat","background-position":"center center","background-size":"auto","background-attachment":"scroll","background-type":"","background-media":"","overlay-type":"","overlay-color":"","overlay-opacity":"","overlay-gradient":""}},"ast-content-background-meta":{"desktop":{"background-color":"var(--ast-global-color-5)","background-image":"","background-repeat":"repeat","background-position":"center center","background-size":"auto","background-attachment":"scroll","background-type":"","background-media":"","overlay-type":"","overlay-color":"","overlay-opacity":"","overlay-gradient":""},"tablet":{"background-color":"var(--ast-global-color-5)","background-image":"","background-repeat":"repeat","background-position":"center center","background-size":"auto","background-attachment":"scroll","background-type":"","background-media":"","overlay-type":"","overlay-color":"","overlay-opacity":"","overlay-gradient":""},"mobile":{"background-color":"var(--ast-global-color-5)","background-image":"","background-repeat":"repeat","background-position":"center center","background-size":"auto","background-attachment":"scroll","background-type":"","background-media":"","overlay-type":"","overlay-color":"","overlay-opacity":"","overlay-gradient":""}},"footnotes":""},"class_list":["post-13053","page","type-page","status-publish","has-post-thumbnail","hentry"],"_links":{"self":[{"href":"https:\/\/lacruz.cl\/a94a8fe5\/wp-json\/wp\/v2\/pages\/13053","targetHints":{"allow":["GET"]}}],"collection":[{"href":"https:\/\/lacruz.cl\/a94a8fe5\/wp-json\/wp\/v2\/pages"}],"about":[{"href":"https:\/\/lacruz.cl\/a94a8fe5\/wp-json\/wp\/v2\/types\/page"}],"author":[{"embeddable":true,"href":"https:\/\/lacruz.cl\/a94a8fe5\/wp-json\/wp\/v2\/users\/6"}],"replies":[{"embeddable":true,"href":"https:\/\/lacruz.cl\/a94a8fe5\/wp-json\/wp\/v2\/comments?post=13053"}],"version-history":[{"count":4,"href":"https:\/\/lacruz.cl\/a94a8fe5\/wp-json\/wp\/v2\/pages\/13053\/revisions"}],"predecessor-version":[{"id":13074,"href":"https:\/\/lacruz.cl\/a94a8fe5\/wp-json\/wp\/v2\/pages\/13053\/revisions\/13074"}],"wp:featuredmedia":[{"embeddable":true,"href":"https:\/\/lacruz.cl\/a94a8fe5\/wp-json\/wp\/v2\/media\/13067"}],"wp:attachment":[{"href":"https:\/\/lacruz.cl\/a94a8fe5\/wp-json\/wp\/v2\/media?parent=13053"}],"curies":[{"name":"wp","href":"https:\/\/api.w.org\/{rel}","templated":true}]}}