{"id":12376,"date":"2025-03-06T09:46:22","date_gmt":"2025-03-06T12:46:22","guid":{"rendered":"https:\/\/lacruz.cl\/?page_id=12376"},"modified":"2025-03-06T09:49:12","modified_gmt":"2025-03-06T12:49:12","slug":"municipalidad-de-la-cruz-habilita-condonacion-de-deuda-tag-para-pago-del-permisode-circulacion","status":"publish","type":"page","link":"https:\/\/lacruz.cl\/a94a8fe5\/municipalidad-de-la-cruz-habilita-condonacion-de-deuda-tag-para-pago-del-permisode-circulacion\/","title":{"rendered":"Municipalidad de La Cruz habilita condonaci\u00f3n de deuda TAG para pago del Permisode Circulaci\u00f3n"},"content":{"rendered":"\n<p class=\"has-black-color has-text-color has-link-color has-small-font-size wp-elements-d00afe4322bb64a8c183059682fc070c\">Desde el 04 de marzo de 2025, la Municipalidad de La Cruz ha habilitado la posibilidad de<br>acceder a una rebaja de hasta un 80% en multas impagas de TAG para quienes realicen el<br>tr\u00e1mite de pago del Permiso de Circulaci\u00f3n 2025 en la comuna.<br>Este beneficio se enmarca en la Ley N\u00ba 21.547, la cual permite la condonaci\u00f3n de multas<br>por no pago de telepeajes y busca facilitar la regularizaci\u00f3n de los veh\u00edculos. La normativa<br>establece que los conductores podr\u00e1n acceder al menor monto entre el 20% de las multas o<br>100 UTM, lo que representa una importante ayuda econ\u00f3mica para los contribuyentes.<\/p>\n\n\n\n<p class=\"has-black-color has-text-color has-link-color has-small-font-size wp-elements-66f731b9c789817e65f60a3bd5d563cb\"><br>\u00bfD\u00f3nde y c\u00f3mo realizar el tr\u00e1mite?<\/p>\n\n\n\n<p class=\"has-black-color has-text-color has-link-color has-small-font-size wp-elements-330c4c5b5d73e0cdb374b40768ebf21f\"><br>Para acogerse a este beneficio, es imprescindible que el tr\u00e1mite se realice de forma<br>presencial en el Departamento de Tr\u00e1nsito, ubicado en el Edificio Consistorial, Gabriela<br>Mistral N\u00b03, primer piso.<\/p>\n\n\n\n<p class=\"has-black-color has-text-color has-link-color has-small-font-size wp-elements-ea5d83ee3684c2843d98ce33076cf0b2\"><br>Durante la atenci\u00f3n, los usuarios y usuarias podr\u00e1n consultar el estado de sus deudas TAG y<br>gestionar la rebaja antes de realizar el pago del permiso de circulaci\u00f3n.<br>Requisitos para acceder a la rebaja de multas TAG<\/p>\n\n\n\n<p class=\"has-black-color has-text-color has-link-color has-small-font-size wp-elements-20f7c3b182db138a729baa1ffd5ebd07\"><br>Para acogerse a la condonaci\u00f3n de multas, se debe presentar la siguiente documentaci\u00f3n:<\/p>\n\n\n\n<p class=\"has-black-color has-text-color has-link-color has-small-font-size wp-elements-ecc353ab90aff4a3e6ab6226c2820abf\"><br>\uf0b7 C\u00e9dula de identidad del propietario del veh\u00edculo<br>\uf0b7 Permiso de circulaci\u00f3n vigente o a renovar<br>\uf0b7 Revisi\u00f3n t\u00e9cnica y seguro obligatorio al d\u00eda<br>\uf0b7 Certificado de Registro de Multas<br>\uf0b7 Certificado www.pasastesintag.cl<br>\uf0b7 Si el propietario no puede asistir personalmente, su representante deber\u00e1 presentar<br>una carta simple<\/p>\n\n\n\n<p class=\"has-black-color has-text-color has-link-color has-small-font-size wp-elements-1d3948e9486752c14eb5d98933dbcf5d\"><br>Este beneficio es una oportunidad \u00fanica para que los conductores regularicen su situaci\u00f3n y<br>eviten sanciones futuras.<br>Horarios de atenci\u00f3n (Solo durante marzo)<br>\uf0b7 Semana del 3 al 9 de marzo:<br>o Lunes a viernes: 08:30 &#8211; 17:30 hrs<br>o S\u00e1bado y domingo: 10:00 &#8211; 14:00 hrs<br>\uf0b7 Semana del 10 al 16 de marzo:<br>o Lunes a viernes: 08:30 &#8211; 19:00 hrs<br>o S\u00e1bado y domingo: 10:00 &#8211; 17:00 hrs<br>\uf0b7 Semana del 17 al 23 de marzo:<br>o Lunes a viernes: 08:30 &#8211; 19:00 hrs<\/p>\n\n\n\n<p class=\"has-black-color has-text-color has-link-color has-small-font-size wp-elements-61b81e95fa69881bddc16ae5e8a105d4\">o S\u00e1bado y domingo: 09:00 &#8211; 18:00 hrs<br>\uf0b7 Semana del 24 al 30 de marzo:<br>o Lunes a viernes: 08:30 &#8211; 20:00 hrs<br>o S\u00e1bado y domingo: 09:00 &#8211; 20:00 hrs<br>\uf0b7 Semana del 31 de marzo: 08:30 &#8211; 21:00 hrs<br>Es importante recordar que el tr\u00e1mite solo podr\u00e1 realizarse de forma presencial, ya que el<br>sistema electr\u00f3nico unificado de pago de deudas TAG a\u00fan no ha sido implementado a nivel<br>nacional.<br>Para m\u00e1s informaci\u00f3n, puedes acercarte al Departamento de Tr\u00e1nsito.<\/p>\n\n\n\n<figure class=\"wp-block-gallery has-nested-images columns-default is-cropped wp-block-gallery-1 is-layout-flex wp-block-gallery-is-layout-flex\">\n<figure class=\"wp-block-image size-large\"><img decoding=\"async\" src=\"https:\/\/i.ibb.co\/21F6bYwL\/1.jpg\" alt=\"\"\/><\/figure>\n<\/figure>\n\n\n\n<figure class=\"wp-block-image size-large\"><img decoding=\"async\" src=\"https:\/\/i.ibb.co\/bjctghjg\/2.jpg\" alt=\"\"\/><\/figure>\n","protected":false},"excerpt":{"rendered":"<p>Desde el 04 de marzo de 2025, la Municipalidad de La Cruz ha habilitado la posibilidad deacceder a una rebaja de hasta un 80% en multas impagas de TAG para quienes realicen eltr\u00e1mite de pago del Permiso de Circulaci\u00f3n 2025 en la comuna.Este beneficio se enmarca en la Ley N\u00ba 21.547, la cual permite la [&hellip;]<\/p>\n","protected":false},"author":6,"featured_media":12340,"parent":0,"menu_order":0,"comment_status":"closed","ping_status":"closed","template":"","meta":{"site-sidebar-layout":"default","site-content-layout":"","ast-site-content-layout":"default","site-content-style":"default","site-sidebar-style":"default","ast-global-header-display":"","ast-banner-title-visibility":"","ast-main-header-display":"","ast-hfb-above-header-display":"","ast-hfb-below-header-display":"","ast-hfb-mobile-header-display":"","site-post-title":"","ast-breadcrumbs-content":"","ast-featured-img":"disabled","footer-sml-layout":"","ast-disable-related-posts":"","theme-transparent-header-meta":"","adv-header-id-meta":"","stick-header-meta":"","header-above-stick-meta":"","header-main-stick-meta":"","header-below-stick-meta":"","astra-migrate-meta-layouts":"set","ast-page-background-enabled":"default","ast-page-background-meta":{"desktop":{"background-color":"var(--ast-global-color-4)","background-image":"","background-repeat":"repeat","background-position":"center center","background-size":"auto","background-attachment":"scroll","background-type":"","background-media":"","overlay-type":"","overlay-color":"","overlay-opacity":"","overlay-gradient":""},"tablet":{"background-color":"","background-image":"","background-repeat":"repeat","background-position":"center center","background-size":"auto","background-attachment":"scroll","background-type":"","background-media":"","overlay-type":"","overlay-color":"","overlay-opacity":"","overlay-gradient":""},"mobile":{"background-color":"","background-image":"","background-repeat":"repeat","background-position":"center center","background-size":"auto","background-attachment":"scroll","background-type":"","background-media":"","overlay-type":"","overlay-color":"","overlay-opacity":"","overlay-gradient":""}},"ast-content-background-meta":{"desktop":{"background-color":"var(--ast-global-color-5)","background-image":"","background-repeat":"repeat","background-position":"center center","background-size":"auto","background-attachment":"scroll","background-type":"","background-media":"","overlay-type":"","overlay-color":"","overlay-opacity":"","overlay-gradient":""},"tablet":{"background-color":"var(--ast-global-color-5)","background-image":"","background-repeat":"repeat","background-position":"center center","background-size":"auto","background-attachment":"scroll","background-type":"","background-media":"","overlay-type":"","overlay-color":"","overlay-opacity":"","overlay-gradient":""},"mobile":{"background-color":"var(--ast-global-color-5)","background-image":"","background-repeat":"repeat","background-position":"center center","background-size":"auto","background-attachment":"scroll","background-type":"","background-media":"","overlay-type":"","overlay-color":"","overlay-opacity":"","overlay-gradient":""}},"footnotes":""},"class_list":["post-12376","page","type-page","status-publish","has-post-thumbnail","hentry"],"_links":{"self":[{"href":"https:\/\/lacruz.cl\/a94a8fe5\/wp-json\/wp\/v2\/pages\/12376","targetHints":{"allow":["GET"]}}],"collection":[{"href":"https:\/\/lacruz.cl\/a94a8fe5\/wp-json\/wp\/v2\/pages"}],"about":[{"href":"https:\/\/lacruz.cl\/a94a8fe5\/wp-json\/wp\/v2\/types\/page"}],"author":[{"embeddable":true,"href":"https:\/\/lacruz.cl\/a94a8fe5\/wp-json\/wp\/v2\/users\/6"}],"replies":[{"embeddable":true,"href":"https:\/\/lacruz.cl\/a94a8fe5\/wp-json\/wp\/v2\/comments?post=12376"}],"version-history":[{"count":2,"href":"https:\/\/lacruz.cl\/a94a8fe5\/wp-json\/wp\/v2\/pages\/12376\/revisions"}],"predecessor-version":[{"id":12383,"href":"https:\/\/lacruz.cl\/a94a8fe5\/wp-json\/wp\/v2\/pages\/12376\/revisions\/12383"}],"wp:featuredmedia":[{"embeddable":true,"href":"https:\/\/lacruz.cl\/a94a8fe5\/wp-json\/wp\/v2\/media\/12340"}],"wp:attachment":[{"href":"https:\/\/lacruz.cl\/a94a8fe5\/wp-json\/wp\/v2\/media?parent=12376"}],"curies":[{"name":"wp","href":"https:\/\/api.w.org\/{rel}","templated":true}]}}