{"id":10984,"date":"2024-04-03T15:04:53","date_gmt":"2024-04-03T18:04:53","guid":{"rendered":"https:\/\/lacruz.cl\/?page_id=10984"},"modified":"2024-04-03T15:09:29","modified_gmt":"2024-04-03T18:09:29","slug":"elementor-10984","status":"publish","type":"page","link":"https:\/\/lacruz.cl\/a94a8fe5\/elementor-10984\/","title":{"rendered":"SECPLAN"},"content":{"rendered":"\t\t<div data-elementor-type=\"wp-page\" data-elementor-id=\"10984\" class=\"elementor elementor-10984\" data-elementor-post-type=\"page\">\n\t\t\t\t<div class=\"elementor-element elementor-element-a9e0731 e-flex e-con-boxed e-con e-parent\" data-id=\"a9e0731\" data-element_type=\"container\" data-e-type=\"container\">\n\t\t\t\t\t<div class=\"e-con-inner\">\n\t\t\t\t<div class=\"elementor-element elementor-element-e33d4ec elementor-widget elementor-widget-heading\" data-id=\"e33d4ec\" data-element_type=\"widget\" data-e-type=\"widget\" data-widget_type=\"heading.default\">\n\t\t\t\t<div class=\"elementor-widget-container\">\n\t\t\t\t\t<h1 class=\"elementor-heading-title elementor-size-default\">SECPLAN<\/h1>\t\t\t\t<\/div>\n\t\t\t\t<\/div>\n\t\t\t\t<div class=\"elementor-element elementor-element-92efca4 elementor-widget elementor-widget-heading\" data-id=\"92efca4\" data-element_type=\"widget\" data-e-type=\"widget\" data-widget_type=\"heading.default\">\n\t\t\t\t<div class=\"elementor-widget-container\">\n\t\t\t\t\t<h2 class=\"elementor-heading-title elementor-size-default\">Conoce m\u00e1s en las siguientes gr\u00e1ficas sobre las funciones y servicios de la secretar\u00eda de planificaci\u00f3n de la municipal de La Cruz.<\/h2>\t\t\t\t<\/div>\n\t\t\t\t<\/div>\n\t\t\t\t\t<\/div>\n\t\t\t\t<\/div>\n\t\t<div class=\"elementor-element elementor-element-ab36944 e-flex e-con-boxed e-con e-parent\" data-id=\"ab36944\" data-element_type=\"container\" data-e-type=\"container\">\n\t\t\t\t\t<div class=\"e-con-inner\">\n\t\t\t\t<div class=\"elementor-element elementor-element-ca66b1c elementor-widget elementor-widget-image\" data-id=\"ca66b1c\" data-element_type=\"widget\" data-e-type=\"widget\" data-widget_type=\"image.default\">\n\t\t\t\t<div class=\"elementor-widget-container\">\n\t\t\t\t\t\t\t\t\t\t\t\t\t\t\t<img loading=\"lazy\" decoding=\"async\" width=\"768\" height=\"768\" src=\"https:\/\/lacruz.cl\/a94a8fe5\/wp-content\/uploads\/2024\/04\/SECPLAN1-768x768.jpg\" class=\"attachment-medium_large size-medium_large wp-image-10958\" alt=\"\" srcset=\"https:\/\/lacruz.cl\/a94a8fe5\/wp-content\/uploads\/2024\/04\/SECPLAN1-768x768.jpg 768w, https:\/\/lacruz.cl\/a94a8fe5\/wp-content\/uploads\/2024\/04\/SECPLAN1-300x300.jpg 300w, https:\/\/lacruz.cl\/a94a8fe5\/wp-content\/uploads\/2024\/04\/SECPLAN1-1024x1024.jpg 1024w, https:\/\/lacruz.cl\/a94a8fe5\/wp-content\/uploads\/2024\/04\/SECPLAN1-150x150.jpg 150w, https:\/\/lacruz.cl\/a94a8fe5\/wp-content\/uploads\/2024\/04\/SECPLAN1.jpg 1080w\" sizes=\"auto, (max-width: 768px) 100vw, 768px\" \/>\t\t\t\t\t\t\t\t\t\t\t\t\t\t\t<\/div>\n\t\t\t\t<\/div>\n\t\t\t\t<div class=\"elementor-element elementor-element-323a46d elementor-widget elementor-widget-image\" data-id=\"323a46d\" data-element_type=\"widget\" data-e-type=\"widget\" data-widget_type=\"image.default\">\n\t\t\t\t<div class=\"elementor-widget-container\">\n\t\t\t\t\t\t\t\t\t\t\t\t\t\t\t<img loading=\"lazy\" decoding=\"async\" width=\"768\" height=\"768\" src=\"https:\/\/lacruz.cl\/a94a8fe5\/wp-content\/uploads\/2024\/04\/SECPLAN2-768x768.jpg\" class=\"attachment-medium_large size-medium_large wp-image-10957\" alt=\"\" srcset=\"https:\/\/lacruz.cl\/a94a8fe5\/wp-content\/uploads\/2024\/04\/SECPLAN2-768x768.jpg 768w, https:\/\/lacruz.cl\/a94a8fe5\/wp-content\/uploads\/2024\/04\/SECPLAN2-300x300.jpg 300w, https:\/\/lacruz.cl\/a94a8fe5\/wp-content\/uploads\/2024\/04\/SECPLAN2-1024x1024.jpg 1024w, https:\/\/lacruz.cl\/a94a8fe5\/wp-content\/uploads\/2024\/04\/SECPLAN2-150x150.jpg 150w, https:\/\/lacruz.cl\/a94a8fe5\/wp-content\/uploads\/2024\/04\/SECPLAN2.jpg 1080w\" sizes=\"auto, (max-width: 768px) 100vw, 768px\" \/>\t\t\t\t\t\t\t\t\t\t\t\t\t\t\t<\/div>\n\t\t\t\t<\/div>\n\t\t\t\t<div class=\"elementor-element elementor-element-c5813f8 elementor-widget elementor-widget-image\" data-id=\"c5813f8\" data-element_type=\"widget\" data-e-type=\"widget\" data-widget_type=\"image.default\">\n\t\t\t\t<div class=\"elementor-widget-container\">\n\t\t\t\t\t\t\t\t\t\t\t\t\t\t\t<img loading=\"lazy\" decoding=\"async\" width=\"768\" height=\"768\" src=\"https:\/\/lacruz.cl\/a94a8fe5\/wp-content\/uploads\/2024\/04\/SECPLAN3-768x768.jpg\" class=\"attachment-medium_large size-medium_large wp-image-10956\" alt=\"\" srcset=\"https:\/\/lacruz.cl\/a94a8fe5\/wp-content\/uploads\/2024\/04\/SECPLAN3-768x768.jpg 768w, https:\/\/lacruz.cl\/a94a8fe5\/wp-content\/uploads\/2024\/04\/SECPLAN3-300x300.jpg 300w, https:\/\/lacruz.cl\/a94a8fe5\/wp-content\/uploads\/2024\/04\/SECPLAN3-1024x1024.jpg 1024w, https:\/\/lacruz.cl\/a94a8fe5\/wp-content\/uploads\/2024\/04\/SECPLAN3-150x150.jpg 150w, https:\/\/lacruz.cl\/a94a8fe5\/wp-content\/uploads\/2024\/04\/SECPLAN3.jpg 1080w\" sizes=\"auto, (max-width: 768px) 100vw, 768px\" \/>\t\t\t\t\t\t\t\t\t\t\t\t\t\t\t<\/div>\n\t\t\t\t<\/div>\n\t\t\t\t\t<\/div>\n\t\t\t\t<\/div>\n\t\t\t\t<\/div>\n\t\t","protected":false},"excerpt":{"rendered":"<p>SECPLAN Conoce m\u00e1s en las siguientes gr\u00e1ficas sobre las funciones y servicios de la secretar\u00eda de planificaci\u00f3n de la municipal de La Cruz.<\/p>\n","protected":false},"author":6,"featured_media":0,"parent":0,"menu_order":0,"comment_status":"closed","ping_status":"closed","template":"","meta":{"site-sidebar-layout":"no-sidebar","site-content-layout":"page-builder","ast-site-content-layout":"full-width-container","site-content-style":"default","site-sidebar-style":"default","ast-global-header-display":"","ast-banner-title-visibility":"","ast-main-header-display":"","ast-hfb-above-header-display":"","ast-hfb-below-header-display":"","ast-hfb-mobile-header-display":"","site-post-title":"disabled","ast-breadcrumbs-content":"","ast-featured-img":"disabled","footer-sml-layout":"","ast-disable-related-posts":"","theme-transparent-header-meta":"","adv-header-id-meta":"","stick-header-meta":"","header-above-stick-meta":"","header-main-stick-meta":"","header-below-stick-meta":"","astra-migrate-meta-layouts":"set","ast-page-background-enabled":"default","ast-page-background-meta":{"desktop":{"background-color":"var(--ast-global-color-4)","background-image":"","background-repeat":"repeat","background-position":"center center","background-size":"auto","background-attachment":"scroll","background-type":"","background-media":"","overlay-type":"","overlay-color":"","overlay-opacity":"","overlay-gradient":""},"tablet":{"background-color":"","background-image":"","background-repeat":"repeat","background-position":"center center","background-size":"auto","background-attachment":"scroll","background-type":"","background-media":"","overlay-type":"","overlay-color":"","overlay-opacity":"","overlay-gradient":""},"mobile":{"background-color":"","background-image":"","background-repeat":"repeat","background-position":"center center","background-size":"auto","background-attachment":"scroll","background-type":"","background-media":"","overlay-type":"","overlay-color":"","overlay-opacity":"","overlay-gradient":""}},"ast-content-background-meta":{"desktop":{"background-color":"var(--ast-global-color-5)","background-image":"","background-repeat":"repeat","background-position":"center center","background-size":"auto","background-attachment":"scroll","background-type":"","background-media":"","overlay-type":"","overlay-color":"","overlay-opacity":"","overlay-gradient":""},"tablet":{"background-color":"var(--ast-global-color-5)","background-image":"","background-repeat":"repeat","background-position":"center center","background-size":"auto","background-attachment":"scroll","background-type":"","background-media":"","overlay-type":"","overlay-color":"","overlay-opacity":"","overlay-gradient":""},"mobile":{"background-color":"var(--ast-global-color-5)","background-image":"","background-repeat":"repeat","background-position":"center center","background-size":"auto","background-attachment":"scroll","background-type":"","background-media":"","overlay-type":"","overlay-color":"","overlay-opacity":"","overlay-gradient":""}},"footnotes":""},"class_list":["post-10984","page","type-page","status-publish","hentry"],"_links":{"self":[{"href":"https:\/\/lacruz.cl\/a94a8fe5\/wp-json\/wp\/v2\/pages\/10984","targetHints":{"allow":["GET"]}}],"collection":[{"href":"https:\/\/lacruz.cl\/a94a8fe5\/wp-json\/wp\/v2\/pages"}],"about":[{"href":"https:\/\/lacruz.cl\/a94a8fe5\/wp-json\/wp\/v2\/types\/page"}],"author":[{"embeddable":true,"href":"https:\/\/lacruz.cl\/a94a8fe5\/wp-json\/wp\/v2\/users\/6"}],"replies":[{"embeddable":true,"href":"https:\/\/lacruz.cl\/a94a8fe5\/wp-json\/wp\/v2\/comments?post=10984"}],"version-history":[{"count":11,"href":"https:\/\/lacruz.cl\/a94a8fe5\/wp-json\/wp\/v2\/pages\/10984\/revisions"}],"predecessor-version":[{"id":10995,"href":"https:\/\/lacruz.cl\/a94a8fe5\/wp-json\/wp\/v2\/pages\/10984\/revisions\/10995"}],"wp:attachment":[{"href":"https:\/\/lacruz.cl\/a94a8fe5\/wp-json\/wp\/v2\/media?parent=10984"}],"curies":[{"name":"wp","href":"https:\/\/api.w.org\/{rel}","templated":true}]}}