{"id":10946,"date":"2024-04-03T13:50:51","date_gmt":"2024-04-03T16:50:51","guid":{"rendered":"https:\/\/lacruz.cl\/?page_id=10946"},"modified":"2024-04-03T14:12:48","modified_gmt":"2024-04-03T17:12:48","slug":"direccion-de-obras-municipales","status":"publish","type":"page","link":"https:\/\/lacruz.cl\/a94a8fe5\/direccion-de-obras-municipales\/","title":{"rendered":"DIRECCI\u00d3N DE OBRAS MUNICIPALES"},"content":{"rendered":"\n<p>Conoce m\u00e1s en las siguientes gr\u00e1ficas sobre las funciones y servicios de la Direcci\u00f3n de Obras Municipal de La Cruz.\u00a0<\/p>\n\n\n\n<figure class=\"wp-block-image aligncenter size-large is-resized\"><img loading=\"lazy\" decoding=\"async\" width=\"1024\" height=\"1024\" src=\"https:\/\/lacruz.cl\/a94a8fe5\/wp-content\/uploads\/2024\/04\/dom1-1024x1024.jpg\" alt=\"\" class=\"wp-image-10951\" style=\"width:700px\" srcset=\"https:\/\/lacruz.cl\/a94a8fe5\/wp-content\/uploads\/2024\/04\/dom1-1024x1024.jpg 1024w, https:\/\/lacruz.cl\/a94a8fe5\/wp-content\/uploads\/2024\/04\/dom1-300x300.jpg 300w, https:\/\/lacruz.cl\/a94a8fe5\/wp-content\/uploads\/2024\/04\/dom1-150x150.jpg 150w, https:\/\/lacruz.cl\/a94a8fe5\/wp-content\/uploads\/2024\/04\/dom1-768x768.jpg 768w, https:\/\/lacruz.cl\/a94a8fe5\/wp-content\/uploads\/2024\/04\/dom1.jpg 1080w\" sizes=\"auto, (max-width: 1024px) 100vw, 1024px\" \/><\/figure>\n\n\n\n<figure class=\"wp-block-image aligncenter size-large is-resized\"><img loading=\"lazy\" decoding=\"async\" width=\"1024\" height=\"1024\" src=\"https:\/\/lacruz.cl\/a94a8fe5\/wp-content\/uploads\/2024\/04\/dom2-1024x1024.jpg\" alt=\"\" class=\"wp-image-10950\" style=\"width:700px\" srcset=\"https:\/\/lacruz.cl\/a94a8fe5\/wp-content\/uploads\/2024\/04\/dom2-1024x1024.jpg 1024w, https:\/\/lacruz.cl\/a94a8fe5\/wp-content\/uploads\/2024\/04\/dom2-300x300.jpg 300w, https:\/\/lacruz.cl\/a94a8fe5\/wp-content\/uploads\/2024\/04\/dom2-150x150.jpg 150w, https:\/\/lacruz.cl\/a94a8fe5\/wp-content\/uploads\/2024\/04\/dom2-768x768.jpg 768w, https:\/\/lacruz.cl\/a94a8fe5\/wp-content\/uploads\/2024\/04\/dom2.jpg 1080w\" sizes=\"auto, (max-width: 1024px) 100vw, 1024px\" \/><\/figure>\n\n\n\n<figure class=\"wp-block-image aligncenter size-large is-resized\"><img loading=\"lazy\" decoding=\"async\" width=\"1024\" height=\"1024\" src=\"https:\/\/lacruz.cl\/a94a8fe5\/wp-content\/uploads\/2024\/04\/dom3-1024x1024.jpg\" alt=\"\" class=\"wp-image-10949\" style=\"width:700px\" srcset=\"https:\/\/lacruz.cl\/a94a8fe5\/wp-content\/uploads\/2024\/04\/dom3-1024x1024.jpg 1024w, https:\/\/lacruz.cl\/a94a8fe5\/wp-content\/uploads\/2024\/04\/dom3-300x300.jpg 300w, https:\/\/lacruz.cl\/a94a8fe5\/wp-content\/uploads\/2024\/04\/dom3-150x150.jpg 150w, https:\/\/lacruz.cl\/a94a8fe5\/wp-content\/uploads\/2024\/04\/dom3-768x768.jpg 768w, https:\/\/lacruz.cl\/a94a8fe5\/wp-content\/uploads\/2024\/04\/dom3.jpg 1080w\" sizes=\"auto, (max-width: 1024px) 100vw, 1024px\" \/><\/figure>\n\n\n\n<figure class=\"wp-block-image aligncenter size-large is-resized\"><img loading=\"lazy\" decoding=\"async\" width=\"1024\" height=\"1024\" src=\"https:\/\/lacruz.cl\/a94a8fe5\/wp-content\/uploads\/2024\/04\/dom4-1024x1024.jpg\" alt=\"\" class=\"wp-image-10948\" style=\"width:700px\" srcset=\"https:\/\/lacruz.cl\/a94a8fe5\/wp-content\/uploads\/2024\/04\/dom4-1024x1024.jpg 1024w, https:\/\/lacruz.cl\/a94a8fe5\/wp-content\/uploads\/2024\/04\/dom4-300x300.jpg 300w, https:\/\/lacruz.cl\/a94a8fe5\/wp-content\/uploads\/2024\/04\/dom4-150x150.jpg 150w, https:\/\/lacruz.cl\/a94a8fe5\/wp-content\/uploads\/2024\/04\/dom4-768x768.jpg 768w, https:\/\/lacruz.cl\/a94a8fe5\/wp-content\/uploads\/2024\/04\/dom4.jpg 1080w\" sizes=\"auto, (max-width: 1024px) 100vw, 1024px\" \/><\/figure>\n","protected":false},"excerpt":{"rendered":"<p>Conoce m\u00e1s en las siguientes gr\u00e1ficas sobre las funciones y servicios de la Direcci\u00f3n de Obras Municipal de La Cruz.\u00a0<\/p>\n","protected":false},"author":6,"featured_media":0,"parent":0,"menu_order":0,"comment_status":"closed","ping_status":"closed","template":"","meta":{"site-sidebar-layout":"default","site-content-layout":"","ast-site-content-layout":"default","site-content-style":"default","site-sidebar-style":"default","ast-global-header-display":"","ast-banner-title-visibility":"","ast-main-header-display":"","ast-hfb-above-header-display":"","ast-hfb-below-header-display":"","ast-hfb-mobile-header-display":"","site-post-title":"","ast-breadcrumbs-content":"","ast-featured-img":"","footer-sml-layout":"","ast-disable-related-posts":"","theme-transparent-header-meta":"","adv-header-id-meta":"","stick-header-meta":"","header-above-stick-meta":"","header-main-stick-meta":"","header-below-stick-meta":"","astra-migrate-meta-layouts":"set","ast-page-background-enabled":"default","ast-page-background-meta":{"desktop":{"background-color":"var(--ast-global-color-4)","background-image":"","background-repeat":"repeat","background-position":"center center","background-size":"auto","background-attachment":"scroll","background-type":"","background-media":"","overlay-type":"","overlay-color":"","overlay-opacity":"","overlay-gradient":""},"tablet":{"background-color":"","background-image":"","background-repeat":"repeat","background-position":"center center","background-size":"auto","background-attachment":"scroll","background-type":"","background-media":"","overlay-type":"","overlay-color":"","overlay-opacity":"","overlay-gradient":""},"mobile":{"background-color":"","background-image":"","background-repeat":"repeat","background-position":"center center","background-size":"auto","background-attachment":"scroll","background-type":"","background-media":"","overlay-type":"","overlay-color":"","overlay-opacity":"","overlay-gradient":""}},"ast-content-background-meta":{"desktop":{"background-color":"var(--ast-global-color-5)","background-image":"","background-repeat":"repeat","background-position":"center center","background-size":"auto","background-attachment":"scroll","background-type":"","background-media":"","overlay-type":"","overlay-color":"","overlay-opacity":"","overlay-gradient":""},"tablet":{"background-color":"var(--ast-global-color-5)","background-image":"","background-repeat":"repeat","background-position":"center center","background-size":"auto","background-attachment":"scroll","background-type":"","background-media":"","overlay-type":"","overlay-color":"","overlay-opacity":"","overlay-gradient":""},"mobile":{"background-color":"var(--ast-global-color-5)","background-image":"","background-repeat":"repeat","background-position":"center center","background-size":"auto","background-attachment":"scroll","background-type":"","background-media":"","overlay-type":"","overlay-color":"","overlay-opacity":"","overlay-gradient":""}},"footnotes":""},"class_list":["post-10946","page","type-page","status-publish","hentry"],"_links":{"self":[{"href":"https:\/\/lacruz.cl\/a94a8fe5\/wp-json\/wp\/v2\/pages\/10946","targetHints":{"allow":["GET"]}}],"collection":[{"href":"https:\/\/lacruz.cl\/a94a8fe5\/wp-json\/wp\/v2\/pages"}],"about":[{"href":"https:\/\/lacruz.cl\/a94a8fe5\/wp-json\/wp\/v2\/types\/page"}],"author":[{"embeddable":true,"href":"https:\/\/lacruz.cl\/a94a8fe5\/wp-json\/wp\/v2\/users\/6"}],"replies":[{"embeddable":true,"href":"https:\/\/lacruz.cl\/a94a8fe5\/wp-json\/wp\/v2\/comments?post=10946"}],"version-history":[{"count":2,"href":"https:\/\/lacruz.cl\/a94a8fe5\/wp-json\/wp\/v2\/pages\/10946\/revisions"}],"predecessor-version":[{"id":10970,"href":"https:\/\/lacruz.cl\/a94a8fe5\/wp-json\/wp\/v2\/pages\/10946\/revisions\/10970"}],"wp:attachment":[{"href":"https:\/\/lacruz.cl\/a94a8fe5\/wp-json\/wp\/v2\/media?parent=10946"}],"curies":[{"name":"wp","href":"https:\/\/api.w.org\/{rel}","templated":true}]}}