{"id":10387,"date":"2024-01-03T23:17:12","date_gmt":"2024-01-04T02:17:12","guid":{"rendered":"https:\/\/lacruz.cl\/?page_id=10387"},"modified":"2024-01-03T23:21:29","modified_gmt":"2024-01-04T02:21:29","slug":"juzgado-de-policia-local","status":"publish","type":"page","link":"https:\/\/lacruz.cl\/a94a8fe5\/juzgado-de-policia-local\/","title":{"rendered":"Juzgado de Polic\u00eda Local"},"content":{"rendered":"\t\t<div data-elementor-type=\"wp-page\" data-elementor-id=\"10387\" class=\"elementor elementor-10387\" data-elementor-post-type=\"page\">\n\t\t\t\t<div class=\"elementor-element elementor-element-5eae4a0 e-flex e-con-boxed e-con e-parent\" data-id=\"5eae4a0\" data-element_type=\"container\" data-e-type=\"container\">\n\t\t\t\t\t<div class=\"e-con-inner\">\n\t\t\t\t<div class=\"elementor-element elementor-element-71b6855 elementor-widget elementor-widget-heading\" data-id=\"71b6855\" data-element_type=\"widget\" data-e-type=\"widget\" data-widget_type=\"heading.default\">\n\t\t\t\t<div class=\"elementor-widget-container\">\n\t\t\t\t\t<h1 class=\"elementor-heading-title elementor-size-default\">JUZGADO DE POLIC\u00cdA LOCAL<\/h1>\t\t\t\t<\/div>\n\t\t\t\t<\/div>\n\t\t\t\t\t<\/div>\n\t\t\t\t<\/div>\n\t\t<div class=\"elementor-element elementor-element-e2df359 e-flex e-con-boxed e-con e-parent\" data-id=\"e2df359\" data-element_type=\"container\" data-e-type=\"container\">\n\t\t\t\t\t<div class=\"e-con-inner\">\n\t\t\t\t<div class=\"elementor-element elementor-element-d7dd039 elementor-widget elementor-widget-heading\" data-id=\"d7dd039\" data-element_type=\"widget\" data-e-type=\"widget\" data-widget_type=\"heading.default\">\n\t\t\t\t<div class=\"elementor-widget-container\">\n\t\t\t\t\t<h2 class=\"elementor-heading-title elementor-size-default\">Conoce m\u00e1s sobre el Juzgado de Polic\u00eda Local<\/h2>\t\t\t\t<\/div>\n\t\t\t\t<\/div>\n\t\t\t\t\t<\/div>\n\t\t\t\t<\/div>\n\t\t<div class=\"elementor-element elementor-element-fe41fa5 e-flex e-con-boxed e-con e-parent\" data-id=\"fe41fa5\" data-element_type=\"container\" data-e-type=\"container\">\n\t\t\t\t\t<div class=\"e-con-inner\">\n\t\t\t\t<div class=\"elementor-element elementor-element-3aa3d77 elementor-widget elementor-widget-image\" data-id=\"3aa3d77\" data-element_type=\"widget\" data-e-type=\"widget\" data-widget_type=\"image.default\">\n\t\t\t\t<div class=\"elementor-widget-container\">\n\t\t\t\t\t\t\t\t\t\t\t\t\t\t\t<img loading=\"lazy\" decoding=\"async\" width=\"1024\" height=\"1024\" src=\"https:\/\/lacruz.cl\/a94a8fe5\/wp-content\/uploads\/2024\/01\/WhatsApp-Image-2024-01-03-at-16.31.31-1024x1024.jpeg\" class=\"attachment-large size-large wp-image-10391\" alt=\"\" srcset=\"https:\/\/lacruz.cl\/a94a8fe5\/wp-content\/uploads\/2024\/01\/WhatsApp-Image-2024-01-03-at-16.31.31-1024x1024.jpeg 1024w, https:\/\/lacruz.cl\/a94a8fe5\/wp-content\/uploads\/2024\/01\/WhatsApp-Image-2024-01-03-at-16.31.31-300x300.jpeg 300w, https:\/\/lacruz.cl\/a94a8fe5\/wp-content\/uploads\/2024\/01\/WhatsApp-Image-2024-01-03-at-16.31.31-150x150.jpeg 150w, https:\/\/lacruz.cl\/a94a8fe5\/wp-content\/uploads\/2024\/01\/WhatsApp-Image-2024-01-03-at-16.31.31-768x768.jpeg 768w, https:\/\/lacruz.cl\/a94a8fe5\/wp-content\/uploads\/2024\/01\/WhatsApp-Image-2024-01-03-at-16.31.31.jpeg 1080w\" sizes=\"auto, (max-width: 1024px) 100vw, 1024px\" \/>\t\t\t\t\t\t\t\t\t\t\t\t\t\t\t<\/div>\n\t\t\t\t<\/div>\n\t\t\t\t\t<\/div>\n\t\t\t\t<\/div>\n\t\t<div class=\"elementor-element elementor-element-5cd152c e-flex e-con-boxed e-con e-parent\" data-id=\"5cd152c\" data-element_type=\"container\" data-e-type=\"container\">\n\t\t\t\t\t<div class=\"e-con-inner\">\n\t\t\t\t<div class=\"elementor-element elementor-element-7ff13e0 elementor-widget elementor-widget-image\" data-id=\"7ff13e0\" data-element_type=\"widget\" data-e-type=\"widget\" data-widget_type=\"image.default\">\n\t\t\t\t<div class=\"elementor-widget-container\">\n\t\t\t\t\t\t\t\t\t\t\t\t\t\t\t<img loading=\"lazy\" decoding=\"async\" width=\"1024\" height=\"1024\" src=\"https:\/\/lacruz.cl\/a94a8fe5\/wp-content\/uploads\/2024\/01\/WhatsApp-Image-2024-01-03-at-16.31.31-1-1024x1024.jpeg\" class=\"attachment-large size-large wp-image-10390\" alt=\"\" srcset=\"https:\/\/lacruz.cl\/a94a8fe5\/wp-content\/uploads\/2024\/01\/WhatsApp-Image-2024-01-03-at-16.31.31-1-1024x1024.jpeg 1024w, https:\/\/lacruz.cl\/a94a8fe5\/wp-content\/uploads\/2024\/01\/WhatsApp-Image-2024-01-03-at-16.31.31-1-300x300.jpeg 300w, https:\/\/lacruz.cl\/a94a8fe5\/wp-content\/uploads\/2024\/01\/WhatsApp-Image-2024-01-03-at-16.31.31-1-150x150.jpeg 150w, https:\/\/lacruz.cl\/a94a8fe5\/wp-content\/uploads\/2024\/01\/WhatsApp-Image-2024-01-03-at-16.31.31-1-768x768.jpeg 768w, https:\/\/lacruz.cl\/a94a8fe5\/wp-content\/uploads\/2024\/01\/WhatsApp-Image-2024-01-03-at-16.31.31-1.jpeg 1080w\" sizes=\"auto, (max-width: 1024px) 100vw, 1024px\" \/>\t\t\t\t\t\t\t\t\t\t\t\t\t\t\t<\/div>\n\t\t\t\t<\/div>\n\t\t\t\t\t<\/div>\n\t\t\t\t<\/div>\n\t\t<div class=\"elementor-element elementor-element-6fb2e97 e-flex e-con-boxed e-con e-parent\" data-id=\"6fb2e97\" data-element_type=\"container\" data-e-type=\"container\">\n\t\t\t\t\t<div class=\"e-con-inner\">\n\t\t\t\t<div class=\"elementor-element elementor-element-c79ca01 elementor-widget elementor-widget-image\" data-id=\"c79ca01\" data-element_type=\"widget\" data-e-type=\"widget\" data-widget_type=\"image.default\">\n\t\t\t\t<div class=\"elementor-widget-container\">\n\t\t\t\t\t\t\t\t\t\t\t\t\t\t\t<img loading=\"lazy\" decoding=\"async\" width=\"1024\" height=\"1024\" src=\"https:\/\/lacruz.cl\/a94a8fe5\/wp-content\/uploads\/2024\/01\/WhatsApp-Image-2024-01-03-at-16.31.32-1024x1024.jpeg\" class=\"attachment-large size-large wp-image-10389\" alt=\"\" srcset=\"https:\/\/lacruz.cl\/a94a8fe5\/wp-content\/uploads\/2024\/01\/WhatsApp-Image-2024-01-03-at-16.31.32-1024x1024.jpeg 1024w, https:\/\/lacruz.cl\/a94a8fe5\/wp-content\/uploads\/2024\/01\/WhatsApp-Image-2024-01-03-at-16.31.32-300x300.jpeg 300w, https:\/\/lacruz.cl\/a94a8fe5\/wp-content\/uploads\/2024\/01\/WhatsApp-Image-2024-01-03-at-16.31.32-150x150.jpeg 150w, https:\/\/lacruz.cl\/a94a8fe5\/wp-content\/uploads\/2024\/01\/WhatsApp-Image-2024-01-03-at-16.31.32-768x768.jpeg 768w, https:\/\/lacruz.cl\/a94a8fe5\/wp-content\/uploads\/2024\/01\/WhatsApp-Image-2024-01-03-at-16.31.32.jpeg 1080w\" sizes=\"auto, (max-width: 1024px) 100vw, 1024px\" \/>\t\t\t\t\t\t\t\t\t\t\t\t\t\t\t<\/div>\n\t\t\t\t<\/div>\n\t\t\t\t\t<\/div>\n\t\t\t\t<\/div>\n\t\t\t\t<\/div>\n\t\t","protected":false},"excerpt":{"rendered":"<p>JUZGADO DE POLIC\u00cdA LOCAL Conoce m\u00e1s sobre el Juzgado de Polic\u00eda Local<\/p>\n","protected":false},"author":6,"featured_media":0,"parent":0,"menu_order":0,"comment_status":"closed","ping_status":"closed","template":"","meta":{"site-sidebar-layout":"no-sidebar","site-content-layout":"page-builder","ast-site-content-layout":"default","site-content-style":"default","site-sidebar-style":"default","ast-global-header-display":"","ast-banner-title-visibility":"","ast-main-header-display":"","ast-hfb-above-header-display":"","ast-hfb-below-header-display":"","ast-hfb-mobile-header-display":"","site-post-title":"disabled","ast-breadcrumbs-content":"","ast-featured-img":"disabled","footer-sml-layout":"","ast-disable-related-posts":"","theme-transparent-header-meta":"","adv-header-id-meta":"","stick-header-meta":"","header-above-stick-meta":"","header-main-stick-meta":"","header-below-stick-meta":"","astra-migrate-meta-layouts":"default","ast-page-background-enabled":"default","ast-page-background-meta":{"desktop":{"background-color":"var(--ast-global-color-4)","background-image":"","background-repeat":"repeat","background-position":"center center","background-size":"auto","background-attachment":"scroll","background-type":"","background-media":"","overlay-type":"","overlay-color":"","overlay-opacity":"","overlay-gradient":""},"tablet":{"background-color":"","background-image":"","background-repeat":"repeat","background-position":"center center","background-size":"auto","background-attachment":"scroll","background-type":"","background-media":"","overlay-type":"","overlay-color":"","overlay-opacity":"","overlay-gradient":""},"mobile":{"background-color":"","background-image":"","background-repeat":"repeat","background-position":"center center","background-size":"auto","background-attachment":"scroll","background-type":"","background-media":"","overlay-type":"","overlay-color":"","overlay-opacity":"","overlay-gradient":""}},"ast-content-background-meta":{"desktop":{"background-color":"var(--ast-global-color-5)","background-image":"","background-repeat":"repeat","background-position":"center center","background-size":"auto","background-attachment":"scroll","background-type":"","background-media":"","overlay-type":"","overlay-color":"","overlay-opacity":"","overlay-gradient":""},"tablet":{"background-color":"var(--ast-global-color-5)","background-image":"","background-repeat":"repeat","background-position":"center center","background-size":"auto","background-attachment":"scroll","background-type":"","background-media":"","overlay-type":"","overlay-color":"","overlay-opacity":"","overlay-gradient":""},"mobile":{"background-color":"var(--ast-global-color-5)","background-image":"","background-repeat":"repeat","background-position":"center center","background-size":"auto","background-attachment":"scroll","background-type":"","background-media":"","overlay-type":"","overlay-color":"","overlay-opacity":"","overlay-gradient":""}},"footnotes":""},"class_list":["post-10387","page","type-page","status-publish","hentry"],"_links":{"self":[{"href":"https:\/\/lacruz.cl\/a94a8fe5\/wp-json\/wp\/v2\/pages\/10387","targetHints":{"allow":["GET"]}}],"collection":[{"href":"https:\/\/lacruz.cl\/a94a8fe5\/wp-json\/wp\/v2\/pages"}],"about":[{"href":"https:\/\/lacruz.cl\/a94a8fe5\/wp-json\/wp\/v2\/types\/page"}],"author":[{"embeddable":true,"href":"https:\/\/lacruz.cl\/a94a8fe5\/wp-json\/wp\/v2\/users\/6"}],"replies":[{"embeddable":true,"href":"https:\/\/lacruz.cl\/a94a8fe5\/wp-json\/wp\/v2\/comments?post=10387"}],"version-history":[{"count":4,"href":"https:\/\/lacruz.cl\/a94a8fe5\/wp-json\/wp\/v2\/pages\/10387\/revisions"}],"predecessor-version":[{"id":10394,"href":"https:\/\/lacruz.cl\/a94a8fe5\/wp-json\/wp\/v2\/pages\/10387\/revisions\/10394"}],"wp:attachment":[{"href":"https:\/\/lacruz.cl\/a94a8fe5\/wp-json\/wp\/v2\/media?parent=10387"}],"curies":[{"name":"wp","href":"https:\/\/api.w.org\/{rel}","templated":true}]}}